{"id":19848,"date":"2015-03-22T18:55:25","date_gmt":"2015-03-22T18:55:25","guid":{"rendered":"https:\/\/travel-network.co\/?page_id=19848"},"modified":"2020-02-12T10:37:28","modified_gmt":"2020-02-12T10:37:28","slug":"fluege","status":"publish","type":"page","link":"https:\/\/travel-network.co\/de\/studenten-fluge\/fluege\/","title":{"rendered":"Fl\u00fcge"},"content":{"rendered":"\n<p>Viele Menschen machen einen Fehler, wenn sie fliegen. Sie glauben, dass sie nur eine Fluggesellschaft w\u00e4hlen k\u00f6nnen, und das stimmt einfach nicht. Tats\u00e4chlich hat man auf Reisen die Wahl zwischen verschiedenen Fluggesellschaften, und es gibt viele Dinge, auf die man seine Wahl st\u00fctzen sollte. Wenn Sie sorgf\u00e4ltig ausw\u00e4hlen, k\u00f6nnen Sie sicherstellen, dass Sie die beste Reise zu den Kosten haben, die Sie bew\u00e4ltigen k\u00f6nnen. Hier sind einige der \u00dcberlegungen, die Sie bei der Buchung Ihres Fluges und bei der Wahl Ihrer Fluggesellschaft anstellen m\u00fcssen.<br>\nBeginnen Sie damit, \u00fcber das Reiseziel nachzudenken. Wenn Sie im Inland fliegen werden, haben Sie eine viel gr\u00f6\u00dfere Auswahl an Fluggesellschaften, da fast alle von ihnen zahlreiche Inlandsfl\u00fcge am Tag anbieten. Wenn Sie international fliegen, dann haben Sie vielleicht weniger M\u00f6glichkeiten, aber Sie haben immer noch eine Auswahl an Fluggesellschaften, so dass Sie die richtige ausw\u00e4hlen k\u00f6nnen.<br>\nDas n\u00e4chste, was Sie in Betracht ziehen werden, sind die Kosten. Viele Fluggesellschaften verlangen unterschiedliche Betr\u00e4ge f\u00fcr den Flugpreis, und wenn Sie sich f\u00fcr eine Fluggesellschaft entscheiden, sollten Sie diesen Flugpreis auf jeden Fall in Betracht ziehen. Dar\u00fcber hinaus erheben die Fluggesellschaften unterschiedliche Geb\u00fchren f\u00fcr Gep\u00e4ck, also sollten Sie auch diese Geb\u00fchren ber\u00fccksichtigen. Durch die Wahl der Fluggesellschaft k\u00f6nnen Sie mehr Geld sparen, als Sie vielleicht annehmen.<\/p>\n\n\n\n<p>Und schlie\u00dflich sollten Sie auch den Ruf der Fluggesellschaften selbst in Betracht ziehen. Denken Sie daran, dass die verschiedenen Fluggesellschaften unterschiedliche M\u00f6glichkeiten der Unterhaltung und Verpflegung w\u00e4hrend des Fluges anbieten. Wenn Sie sich f\u00fcr eine Fluggesellschaft entscheiden, achten Sie auf den Ruf, den sie ihren Passagieren bieten. Es gibt einige Dinge, die f\u00fcr Sie vielleicht wichtiger sind als andere, und Sie werden sicherstellen wollen, dass Ihr Flug so komfortabel wie m\u00f6glich ist.<\/p>\n\n\n\n<p>Wenn Sie reisen, denken Sie immer daran, dass Sie die Wahl der Fluggesellschaften haben. Sie sind nicht nur auf eine oder zwei beschr\u00e4nkt. Es gibt Dutzende von Fluggesellschaften, die von australischen Flugh\u00e4fen aus fliegen und es Ihnen erm\u00f6glichen, sowohl im Inland als auch international zu fliegen. Sie m\u00fcssen sich nur \u00fcberlegen, wohin Sie gehen m\u00f6chten, wie viel Sie ausgeben m\u00f6chten und was Ihnen w\u00e4hrend des Fluges wichtig ist. Dann k\u00f6nnen Sie ganz einfach die richtige Fluggesellschaft f\u00fcr Ihre Reise w\u00e4hlen. Ob Sie gesch\u00e4ftlich oder privat fliegen, die Wahl der Fluggesellschaft kann f\u00fcr Sie sehr wichtig sein. Wenn Sie die richtige Wahl treffen, k\u00f6nnen Sie Geld sparen und eine bessere Reise haben.<\/p>\n\n\n\n<p>Beliebteste Fluggesellschaften<\/p>\n\n\n\n<p> <a href=\"http:\/\/travel-network.co\/flights\/air-asia\">Air Asia<\/a><br><a href=\"http:\/\/travel-network.co\/flights\/air-new-zealand\">Air New Zealand<\/a><br><a href=\"http:\/\/travel-network.co\/flights\/american-airlines\">American Airlines<\/a><br><a href=\"http:\/\/travel-network.co\/flights\/british-airways\">British Airways<\/a><br><a href=\"http:\/\/travel-network.co\/flights\/cathay-pacific\">Cathay Pacific<\/a><br><a href=\"http:\/\/travel-network.co\/flights\/china-airlines\">China Airlines<\/a><br><a href=\"http:\/\/travel-network.co\/flights\/emirates\">Emirates<\/a><br><a href=\"http:\/\/travel-network.co\/flights\/etihad-airways\">Etihad Airways<\/a><br><a href=\"http:\/\/travel-network.co\/flights\/japan-airlines\">Japan Airlines<\/a><br><a href=\"http:\/\/travel-network.co\/flights\/jetstar\">Jetstar<\/a><br><a href=\"http:\/\/travel-network.co\/flights\/malaysia-airlines\">Malaysia Airlines<\/a><br><a href=\"http:\/\/travel-network.co\/flights\/qantas\">Qantas<\/a><br><a href=\"http:\/\/travel-network.co\/flights\/qatar-airways\">Qatar Airways<\/a><br><a href=\"http:\/\/travel-network.co\/flights\/royal-brunei\">Royal Brunei<\/a><br><a href=\"http:\/\/travel-network.co\/flights\/singapore-airlines\">Singapore Airlines<\/a><br><a href=\"http:\/\/travel-network.co\/flights\/thai-airways\">Thai Airways<\/a><br><a href=\"http:\/\/travel-network.co\/flights\/tiger-airways\">Tiger Airways<\/a><br><a href=\"http:\/\/travel-network.co\/flights\/virgin-australia\">Virgin Australia<\/a> <\/p>\n","protected":false},"excerpt":{"rendered":"<p>Viele Menschen machen einen Fehler, wenn sie fliegen. Sie glauben, dass sie nur eine Fluggesellschaft w\u00e4hlen k\u00f6nnen, und das stimmt [&hellip;]<\/p>\n","protected":false},"author":2,"featured_media":0,"parent":19850,"menu_order":0,"comment_status":"closed","ping_status":"closed","template":"","meta":{"footnotes":""},"class_list":["post-19848","page","type-page","status-publish","hentry"],"yoast_head":"<!-- This site is optimized with the Yoast SEO plugin v27.4 - https:\/\/yoast.com\/product\/yoast-seo-wordpress\/ -->\n<title>Fl\u00fcge - Travel Network<\/title>\n<meta name=\"robots\" content=\"index, follow, max-snippet:-1, max-image-preview:large, max-video-preview:-1\" \/>\n<link rel=\"canonical\" href=\"https:\/\/travel-network.co\/de\/studenten-fluge\/fluege\/\" \/>\n<meta property=\"og:locale\" content=\"de_DE\" \/>\n<meta property=\"og:type\" content=\"article\" \/>\n<meta property=\"og:title\" content=\"Fl\u00fcge - Travel Network\" \/>\n<meta property=\"og:description\" content=\"Viele Menschen machen einen Fehler, wenn sie fliegen. Sie glauben, dass sie nur eine Fluggesellschaft w\u00e4hlen k\u00f6nnen, und das stimmt [&hellip;]\" \/>\n<meta property=\"og:url\" content=\"https:\/\/travel-network.co\/de\/studenten-fluge\/fluege\/\" \/>\n<meta property=\"og:site_name\" content=\"Travel Network\" \/>\n<meta property=\"article:publisher\" content=\"http:\/\/facebook.com\/travel.au\" \/>\n<meta property=\"article:modified_time\" content=\"2020-02-12T10:37:28+00:00\" \/>\n<meta property=\"og:image\" content=\"https:\/\/travel-network.co\/wp-content\/uploads\/2015\/03\/google-logo.gif\" \/>\n\t<meta property=\"og:image:width\" content=\"500\" \/>\n\t<meta property=\"og:image:height\" content=\"500\" \/>\n\t<meta property=\"og:image:type\" content=\"image\/gif\" \/>\n<meta name=\"twitter:card\" content=\"summary_large_image\" \/>\n<meta name=\"twitter:site\" content=\"@travelnetworkau\" \/>\n<meta name=\"twitter:label1\" content=\"Gesch\u00e4tzte Lesezeit\" \/>\n\t<meta name=\"twitter:data1\" content=\"2\u00a0Minuten\" \/>\n<script type=\"application\/ld+json\" class=\"yoast-schema-graph\">{\"@context\":\"https:\\\/\\\/schema.org\",\"@graph\":[{\"@type\":\"WebPage\",\"@id\":\"https:\\\/\\\/travel-network.co\\\/de\\\/studenten-fluge\\\/fluege\\\/\",\"url\":\"https:\\\/\\\/travel-network.co\\\/de\\\/studenten-fluge\\\/fluege\\\/\",\"name\":\"Fl\u00fcge - Travel Network\",\"isPartOf\":{\"@id\":\"https:\\\/\\\/travel-network.co\\\/de\\\/#website\"},\"datePublished\":\"2015-03-22T18:55:25+00:00\",\"dateModified\":\"2020-02-12T10:37:28+00:00\",\"breadcrumb\":{\"@id\":\"https:\\\/\\\/travel-network.co\\\/de\\\/studenten-fluge\\\/fluege\\\/#breadcrumb\"},\"inLanguage\":\"de\",\"potentialAction\":[{\"@type\":\"ReadAction\",\"target\":[\"https:\\\/\\\/travel-network.co\\\/de\\\/studenten-fluge\\\/fluege\\\/\"]}]},{\"@type\":\"BreadcrumbList\",\"@id\":\"https:\\\/\\\/travel-network.co\\\/de\\\/studenten-fluge\\\/fluege\\\/#breadcrumb\",\"itemListElement\":[{\"@type\":\"ListItem\",\"position\":1,\"name\":\"Home\",\"item\":\"https:\\\/\\\/travel-network.co\\\/de\\\/\"},{\"@type\":\"ListItem\",\"position\":2,\"name\":\"Studenten-Fl\u00fcge\",\"item\":\"https:\\\/\\\/travel-network.co\\\/de\\\/studenten-fluge\\\/\"},{\"@type\":\"ListItem\",\"position\":3,\"name\":\"Fl\u00fcge\"}]},{\"@type\":\"WebSite\",\"@id\":\"https:\\\/\\\/travel-network.co\\\/de\\\/#website\",\"url\":\"https:\\\/\\\/travel-network.co\\\/de\\\/\",\"name\":\"Travel Network\",\"description\":\"Travel advice, reviews, news and deals no matter if you are travelling by Land, Water or Air\",\"publisher\":{\"@id\":\"https:\\\/\\\/travel-network.co\\\/de\\\/#organization\"},\"potentialAction\":[{\"@type\":\"SearchAction\",\"target\":{\"@type\":\"EntryPoint\",\"urlTemplate\":\"https:\\\/\\\/travel-network.co\\\/de\\\/?s={search_term_string}\"},\"query-input\":{\"@type\":\"PropertyValueSpecification\",\"valueRequired\":true,\"valueName\":\"search_term_string\"}}],\"inLanguage\":\"de\"},{\"@type\":\"Organization\",\"@id\":\"https:\\\/\\\/travel-network.co\\\/de\\\/#organization\",\"name\":\"Travel Network\",\"url\":\"https:\\\/\\\/travel-network.co\\\/de\\\/\",\"logo\":{\"@type\":\"ImageObject\",\"inLanguage\":\"de\",\"@id\":\"https:\\\/\\\/travel-network.co\\\/de\\\/#\\\/schema\\\/logo\\\/image\\\/\",\"url\":\"https:\\\/\\\/travel-network.co\\\/wp-content\\\/uploads\\\/2015\\\/03\\\/google-logo.gif\",\"contentUrl\":\"https:\\\/\\\/travel-network.co\\\/wp-content\\\/uploads\\\/2015\\\/03\\\/google-logo.gif\",\"width\":500,\"height\":500,\"caption\":\"Travel Network\"},\"image\":{\"@id\":\"https:\\\/\\\/travel-network.co\\\/de\\\/#\\\/schema\\\/logo\\\/image\\\/\"},\"sameAs\":[\"http:\\\/\\\/facebook.com\\\/travel.au\",\"https:\\\/\\\/x.com\\\/travelnetworkau\",\"https:\\\/\\\/instagram.com\\\/travelnetworkau\\\/\",\"https:\\\/\\\/www.linkedin.com\\\/company\\\/3374753\",\"https:\\\/\\\/www.pinterest.com\\\/travelnetwork\\\/\",\"http:\\\/\\\/www.youtube.com\\\/user\\\/TravelNetworkAUS\"]}]}<\/script>\n<!-- \/ Yoast SEO plugin. -->","yoast_head_json":{"title":"Fl\u00fcge - Travel Network","robots":{"index":"index","follow":"follow","max-snippet":"max-snippet:-1","max-image-preview":"max-image-preview:large","max-video-preview":"max-video-preview:-1"},"canonical":"https:\/\/travel-network.co\/de\/studenten-fluge\/fluege\/","og_locale":"de_DE","og_type":"article","og_title":"Fl\u00fcge - Travel Network","og_description":"Viele Menschen machen einen Fehler, wenn sie fliegen. Sie glauben, dass sie nur eine Fluggesellschaft w\u00e4hlen k\u00f6nnen, und das stimmt [&hellip;]","og_url":"https:\/\/travel-network.co\/de\/studenten-fluge\/fluege\/","og_site_name":"Travel Network","article_publisher":"http:\/\/facebook.com\/travel.au","article_modified_time":"2020-02-12T10:37:28+00:00","og_image":[{"width":500,"height":500,"url":"https:\/\/travel-network.co\/wp-content\/uploads\/2015\/03\/google-logo.gif","type":"image\/gif"}],"twitter_card":"summary_large_image","twitter_site":"@travelnetworkau","twitter_misc":{"Gesch\u00e4tzte Lesezeit":"2\u00a0Minuten"},"schema":{"@context":"https:\/\/schema.org","@graph":[{"@type":"WebPage","@id":"https:\/\/travel-network.co\/de\/studenten-fluge\/fluege\/","url":"https:\/\/travel-network.co\/de\/studenten-fluge\/fluege\/","name":"Fl\u00fcge - Travel Network","isPartOf":{"@id":"https:\/\/travel-network.co\/de\/#website"},"datePublished":"2015-03-22T18:55:25+00:00","dateModified":"2020-02-12T10:37:28+00:00","breadcrumb":{"@id":"https:\/\/travel-network.co\/de\/studenten-fluge\/fluege\/#breadcrumb"},"inLanguage":"de","potentialAction":[{"@type":"ReadAction","target":["https:\/\/travel-network.co\/de\/studenten-fluge\/fluege\/"]}]},{"@type":"BreadcrumbList","@id":"https:\/\/travel-network.co\/de\/studenten-fluge\/fluege\/#breadcrumb","itemListElement":[{"@type":"ListItem","position":1,"name":"Home","item":"https:\/\/travel-network.co\/de\/"},{"@type":"ListItem","position":2,"name":"Studenten-Fl\u00fcge","item":"https:\/\/travel-network.co\/de\/studenten-fluge\/"},{"@type":"ListItem","position":3,"name":"Fl\u00fcge"}]},{"@type":"WebSite","@id":"https:\/\/travel-network.co\/de\/#website","url":"https:\/\/travel-network.co\/de\/","name":"Travel Network","description":"Travel advice, reviews, news and deals no matter if you are travelling by Land, Water or Air","publisher":{"@id":"https:\/\/travel-network.co\/de\/#organization"},"potentialAction":[{"@type":"SearchAction","target":{"@type":"EntryPoint","urlTemplate":"https:\/\/travel-network.co\/de\/?s={search_term_string}"},"query-input":{"@type":"PropertyValueSpecification","valueRequired":true,"valueName":"search_term_string"}}],"inLanguage":"de"},{"@type":"Organization","@id":"https:\/\/travel-network.co\/de\/#organization","name":"Travel Network","url":"https:\/\/travel-network.co\/de\/","logo":{"@type":"ImageObject","inLanguage":"de","@id":"https:\/\/travel-network.co\/de\/#\/schema\/logo\/image\/","url":"https:\/\/travel-network.co\/wp-content\/uploads\/2015\/03\/google-logo.gif","contentUrl":"https:\/\/travel-network.co\/wp-content\/uploads\/2015\/03\/google-logo.gif","width":500,"height":500,"caption":"Travel Network"},"image":{"@id":"https:\/\/travel-network.co\/de\/#\/schema\/logo\/image\/"},"sameAs":["http:\/\/facebook.com\/travel.au","https:\/\/x.com\/travelnetworkau","https:\/\/instagram.com\/travelnetworkau\/","https:\/\/www.linkedin.com\/company\/3374753","https:\/\/www.pinterest.com\/travelnetwork\/","http:\/\/www.youtube.com\/user\/TravelNetworkAUS"]}]}},"_links":{"self":[{"href":"https:\/\/travel-network.co\/de\/wp-json\/wp\/v2\/pages\/19848","targetHints":{"allow":["GET"]}}],"collection":[{"href":"https:\/\/travel-network.co\/de\/wp-json\/wp\/v2\/pages"}],"about":[{"href":"https:\/\/travel-network.co\/de\/wp-json\/wp\/v2\/types\/page"}],"author":[{"embeddable":true,"href":"https:\/\/travel-network.co\/de\/wp-json\/wp\/v2\/users\/2"}],"replies":[{"embeddable":true,"href":"https:\/\/travel-network.co\/de\/wp-json\/wp\/v2\/comments?post=19848"}],"version-history":[{"count":0,"href":"https:\/\/travel-network.co\/de\/wp-json\/wp\/v2\/pages\/19848\/revisions"}],"up":[{"embeddable":true,"href":"https:\/\/travel-network.co\/de\/wp-json\/wp\/v2\/pages\/19850"}],"wp:attachment":[{"href":"https:\/\/travel-network.co\/de\/wp-json\/wp\/v2\/media?parent=19848"}],"curies":[{"name":"wp","href":"https:\/\/api.w.org\/{rel}","templated":true}]}}