{"id":19850,"date":"2020-02-12T10:43:23","date_gmt":"2020-02-12T10:43:23","guid":{"rendered":"https:\/\/travel-network.co\/?page_id=19850"},"modified":"2020-02-12T10:43:25","modified_gmt":"2020-02-12T10:43:25","slug":"studenten-fluge","status":"publish","type":"page","link":"https:\/\/travel-network.co\/de\/studenten-fluge\/","title":{"rendered":"Studenten-Fl\u00fcge"},"content":{"rendered":"\n<p>Viele Studenten entscheiden sich f\u00fcr das Fliegen, nur weil es so viele Ausbildungsm\u00f6glichkeiten bietet. Das Reisen w\u00e4hrend der Ferien ist eine gro\u00dfartige M\u00f6glichkeit, mehr \u00fcber die Welt, die Kultur, die Kunst, die Geschichte und vieles mehr zu erfahren. Allerdings haben nur sehr wenige Studenten die Mittel, um einen Flug aus eigener Tasche zu bezahlen. Aus diesem Grund erhalten manche Studenten nie die M\u00f6glichkeit, zu reisen, wann sie wollen. Wenn Sie einen Studentenurlaub machen m\u00f6chten, dann m\u00fcssen Sie mit Studentenfl\u00fcgen beginnen. Diese k\u00f6nnen zwar extrem teuer sein, aber es gibt M\u00f6glichkeiten, Geld zu sparen, um die Reise erschwinglicher zu machen. Hier sind einige Tipps, damit Sie Studentenfl\u00fcge finden, Geld sparen und Ihre Reise genie\u00dfen k\u00f6nnen.<\/p>\n\n\n\n<p>Subventionierte Fl\u00fcge<br>\nDas erste, was Sie wissen m\u00fcssen, ist, dass Sie, wenn Sie zu irgendeiner Art von Lernerfahrung reisen, Ihre Studentenfl\u00fcge ganz oder teilweise subventioniert bekommen k\u00f6nnten. Einer der Orte, an dem Sie sich umsehen sollten, w\u00e4re Ihre Bildungseinrichtung. Viele Hochschulen und Institutionen werden die meisten Studentenfl\u00fcge bezahlen, solange sie Teil eines Bildungsprogramms sind. Um diesen Vorteil zu nutzen, m\u00fcssen Sie m\u00f6glicherweise an bestimmten Lernprogrammen teilnehmen oder als Gruppe reisen. Dies ist jedoch eine gute M\u00f6glichkeit, Studentenfl\u00fcge f\u00fcr wenig oder gar nichts zu bekommen.<\/p>\n\n\n\n<p>Buchen Sie Ihre Studentenfl\u00fcge<br>\nWenn Sie Ihre Studentenfl\u00fcge buchen, sollten Sie einige Dinge beachten. Einige Fluggesellschaften bieten beispielsweise niedrigere Flugpreise an, wenn Sie als Student reisen. Sie werden sich vor der Buchung Ihres Fluges \u00fcber die M\u00f6glichkeiten informieren wollen. M\u00f6glicherweise m\u00fcssen Sie sich bei verschiedenen Fluggesellschaften umsehen, bevor Sie sich f\u00fcr eine entscheiden. Denken Sie au\u00dferdem daran, dass internationale Fl\u00fcge in Bezug auf Reise, Sicherheit und Gep\u00e4ck sehr unterschiedliche Regeln haben. Sie m\u00fcssen alle diese Regeln verstehen, bevor Sie auf Ihre Studienreise gehen.<\/p>\n\n\n\n<p>Einen internationalen Studentenausweis erhalten<br>\nEs gibt eine gro\u00dfartige Option, mit der Sie Geld sparen und Zugang zu vielen Dingen erhalten k\u00f6nnen, wenn Sie als Student au\u00dfer Landes reisen. Dies w\u00e4re der internationale Studentenausweis. F\u00fcr diesen Ausweis m\u00fcssen Sie eine Geb\u00fchr bezahlen, aber er wird in vielen verschiedenen L\u00e4ndern, die Sie besuchen m\u00f6chten, gut sein. Mit dieser Karte erhalten Sie Erm\u00e4\u00dfigungen f\u00fcr zahlreiche Dinge wie Studentenwohnheime, Museums- und Veranstaltungskarten, kulturelle St\u00e4tten und mehr. Mit dieser Karte k\u00f6nnen Sie sogar bei Studentenfl\u00fcgen Geld sparen. Wenn Sie international unterwegs sind, werden Sie die geringe Geb\u00fchr auf jeden Fall in Betracht ziehen wollen.<\/p>\n\n\n\n<p>Studentenfl\u00fcge k\u00f6nnen etwas sein, das viele junge Leute allein schon aus Kostengr\u00fcnden f\u00fcr unerreichbar halten. Selbst erm\u00e4\u00dfigte Flugpreise, die viele Fluggesellschaften f\u00fcr Studenten anbieten, k\u00f6nnen extrem teuer sein. Es gibt jedoch M\u00f6glichkeiten, wie Sie Ihren Flug bezahlen oder einen Teil des Fluges bezahlen lassen k\u00f6nnen, damit Sie die Reise Ihres Lebens genie\u00dfen k\u00f6nnen. Denken Sie einfach an Erm\u00e4\u00dfigungen und Subventionen, die Ihnen helfen k\u00f6nnen.<\/p>\n","protected":false},"excerpt":{"rendered":"<p>Viele Studenten entscheiden sich f\u00fcr das Fliegen, nur weil es so viele Ausbildungsm\u00f6glichkeiten bietet. Das Reisen w\u00e4hrend der Ferien ist [&hellip;]<\/p>\n","protected":false},"author":2,"featured_media":0,"parent":0,"menu_order":0,"comment_status":"closed","ping_status":"closed","template":"","meta":{"footnotes":""},"class_list":["post-19850","page","type-page","status-publish","hentry"],"yoast_head":"<!-- This site is optimized with the Yoast SEO plugin v27.3 - https:\/\/yoast.com\/product\/yoast-seo-wordpress\/ -->\n<title>Studenten-Fl\u00fcge - Travel Network<\/title>\n<meta name=\"robots\" content=\"index, follow, max-snippet:-1, max-image-preview:large, max-video-preview:-1\" \/>\n<link rel=\"canonical\" href=\"https:\/\/travel-network.co\/de\/studenten-fluge\/\" \/>\n<meta property=\"og:locale\" content=\"de_DE\" \/>\n<meta property=\"og:type\" content=\"article\" \/>\n<meta property=\"og:title\" content=\"Studenten-Fl\u00fcge - Travel Network\" \/>\n<meta property=\"og:description\" content=\"Viele Studenten entscheiden sich f\u00fcr das Fliegen, nur weil es so viele Ausbildungsm\u00f6glichkeiten bietet. Das Reisen w\u00e4hrend der Ferien ist [&hellip;]\" \/>\n<meta property=\"og:url\" content=\"https:\/\/travel-network.co\/de\/studenten-fluge\/\" \/>\n<meta property=\"og:site_name\" content=\"Travel Network\" \/>\n<meta property=\"article:publisher\" content=\"http:\/\/facebook.com\/travel.au\" \/>\n<meta property=\"article:modified_time\" content=\"2020-02-12T10:43:25+00:00\" \/>\n<meta property=\"og:image\" content=\"https:\/\/travel-network.co\/wp-content\/uploads\/2015\/03\/google-logo.gif\" \/>\n\t<meta property=\"og:image:width\" content=\"500\" \/>\n\t<meta property=\"og:image:height\" content=\"500\" \/>\n\t<meta property=\"og:image:type\" content=\"image\/gif\" \/>\n<meta name=\"twitter:card\" content=\"summary_large_image\" \/>\n<meta name=\"twitter:site\" content=\"@travelnetworkau\" \/>\n<meta name=\"twitter:label1\" content=\"Gesch\u00e4tzte Lesezeit\" \/>\n\t<meta name=\"twitter:data1\" content=\"3\u00a0Minuten\" \/>\n<script type=\"application\/ld+json\" class=\"yoast-schema-graph\">{\"@context\":\"https:\\\/\\\/schema.org\",\"@graph\":[{\"@type\":\"WebPage\",\"@id\":\"https:\\\/\\\/travel-network.co\\\/de\\\/studenten-fluge\\\/\",\"url\":\"https:\\\/\\\/travel-network.co\\\/de\\\/studenten-fluge\\\/\",\"name\":\"Studenten-Fl\u00fcge - Travel Network\",\"isPartOf\":{\"@id\":\"https:\\\/\\\/travel-network.co\\\/de\\\/#website\"},\"datePublished\":\"2020-02-12T10:43:23+00:00\",\"dateModified\":\"2020-02-12T10:43:25+00:00\",\"breadcrumb\":{\"@id\":\"https:\\\/\\\/travel-network.co\\\/de\\\/studenten-fluge\\\/#breadcrumb\"},\"inLanguage\":\"de\",\"potentialAction\":[{\"@type\":\"ReadAction\",\"target\":[\"https:\\\/\\\/travel-network.co\\\/de\\\/studenten-fluge\\\/\"]}]},{\"@type\":\"BreadcrumbList\",\"@id\":\"https:\\\/\\\/travel-network.co\\\/de\\\/studenten-fluge\\\/#breadcrumb\",\"itemListElement\":[{\"@type\":\"ListItem\",\"position\":1,\"name\":\"Home\",\"item\":\"https:\\\/\\\/travel-network.co\\\/de\\\/\"},{\"@type\":\"ListItem\",\"position\":2,\"name\":\"Studenten-Fl\u00fcge\"}]},{\"@type\":\"WebSite\",\"@id\":\"https:\\\/\\\/travel-network.co\\\/de\\\/#website\",\"url\":\"https:\\\/\\\/travel-network.co\\\/de\\\/\",\"name\":\"Travel Network\",\"description\":\"Travel advice, reviews, news and deals no matter if you are travelling by Land, Water or Air\",\"publisher\":{\"@id\":\"https:\\\/\\\/travel-network.co\\\/de\\\/#organization\"},\"potentialAction\":[{\"@type\":\"SearchAction\",\"target\":{\"@type\":\"EntryPoint\",\"urlTemplate\":\"https:\\\/\\\/travel-network.co\\\/de\\\/?s={search_term_string}\"},\"query-input\":{\"@type\":\"PropertyValueSpecification\",\"valueRequired\":true,\"valueName\":\"search_term_string\"}}],\"inLanguage\":\"de\"},{\"@type\":\"Organization\",\"@id\":\"https:\\\/\\\/travel-network.co\\\/de\\\/#organization\",\"name\":\"Travel Network\",\"url\":\"https:\\\/\\\/travel-network.co\\\/de\\\/\",\"logo\":{\"@type\":\"ImageObject\",\"inLanguage\":\"de\",\"@id\":\"https:\\\/\\\/travel-network.co\\\/de\\\/#\\\/schema\\\/logo\\\/image\\\/\",\"url\":\"https:\\\/\\\/travel-network.co\\\/wp-content\\\/uploads\\\/2015\\\/03\\\/google-logo.gif\",\"contentUrl\":\"https:\\\/\\\/travel-network.co\\\/wp-content\\\/uploads\\\/2015\\\/03\\\/google-logo.gif\",\"width\":500,\"height\":500,\"caption\":\"Travel Network\"},\"image\":{\"@id\":\"https:\\\/\\\/travel-network.co\\\/de\\\/#\\\/schema\\\/logo\\\/image\\\/\"},\"sameAs\":[\"http:\\\/\\\/facebook.com\\\/travel.au\",\"https:\\\/\\\/x.com\\\/travelnetworkau\",\"https:\\\/\\\/instagram.com\\\/travelnetworkau\\\/\",\"https:\\\/\\\/www.linkedin.com\\\/company\\\/3374753\",\"https:\\\/\\\/www.pinterest.com\\\/travelnetwork\\\/\",\"http:\\\/\\\/www.youtube.com\\\/user\\\/TravelNetworkAUS\"]}]}<\/script>\n<!-- \/ Yoast SEO plugin. -->","yoast_head_json":{"title":"Studenten-Fl\u00fcge - Travel Network","robots":{"index":"index","follow":"follow","max-snippet":"max-snippet:-1","max-image-preview":"max-image-preview:large","max-video-preview":"max-video-preview:-1"},"canonical":"https:\/\/travel-network.co\/de\/studenten-fluge\/","og_locale":"de_DE","og_type":"article","og_title":"Studenten-Fl\u00fcge - Travel Network","og_description":"Viele Studenten entscheiden sich f\u00fcr das Fliegen, nur weil es so viele Ausbildungsm\u00f6glichkeiten bietet. Das Reisen w\u00e4hrend der Ferien ist [&hellip;]","og_url":"https:\/\/travel-network.co\/de\/studenten-fluge\/","og_site_name":"Travel Network","article_publisher":"http:\/\/facebook.com\/travel.au","article_modified_time":"2020-02-12T10:43:25+00:00","og_image":[{"width":500,"height":500,"url":"https:\/\/travel-network.co\/wp-content\/uploads\/2015\/03\/google-logo.gif","type":"image\/gif"}],"twitter_card":"summary_large_image","twitter_site":"@travelnetworkau","twitter_misc":{"Gesch\u00e4tzte Lesezeit":"3\u00a0Minuten"},"schema":{"@context":"https:\/\/schema.org","@graph":[{"@type":"WebPage","@id":"https:\/\/travel-network.co\/de\/studenten-fluge\/","url":"https:\/\/travel-network.co\/de\/studenten-fluge\/","name":"Studenten-Fl\u00fcge - Travel Network","isPartOf":{"@id":"https:\/\/travel-network.co\/de\/#website"},"datePublished":"2020-02-12T10:43:23+00:00","dateModified":"2020-02-12T10:43:25+00:00","breadcrumb":{"@id":"https:\/\/travel-network.co\/de\/studenten-fluge\/#breadcrumb"},"inLanguage":"de","potentialAction":[{"@type":"ReadAction","target":["https:\/\/travel-network.co\/de\/studenten-fluge\/"]}]},{"@type":"BreadcrumbList","@id":"https:\/\/travel-network.co\/de\/studenten-fluge\/#breadcrumb","itemListElement":[{"@type":"ListItem","position":1,"name":"Home","item":"https:\/\/travel-network.co\/de\/"},{"@type":"ListItem","position":2,"name":"Studenten-Fl\u00fcge"}]},{"@type":"WebSite","@id":"https:\/\/travel-network.co\/de\/#website","url":"https:\/\/travel-network.co\/de\/","name":"Travel Network","description":"Travel advice, reviews, news and deals no matter if you are travelling by Land, Water or Air","publisher":{"@id":"https:\/\/travel-network.co\/de\/#organization"},"potentialAction":[{"@type":"SearchAction","target":{"@type":"EntryPoint","urlTemplate":"https:\/\/travel-network.co\/de\/?s={search_term_string}"},"query-input":{"@type":"PropertyValueSpecification","valueRequired":true,"valueName":"search_term_string"}}],"inLanguage":"de"},{"@type":"Organization","@id":"https:\/\/travel-network.co\/de\/#organization","name":"Travel Network","url":"https:\/\/travel-network.co\/de\/","logo":{"@type":"ImageObject","inLanguage":"de","@id":"https:\/\/travel-network.co\/de\/#\/schema\/logo\/image\/","url":"https:\/\/travel-network.co\/wp-content\/uploads\/2015\/03\/google-logo.gif","contentUrl":"https:\/\/travel-network.co\/wp-content\/uploads\/2015\/03\/google-logo.gif","width":500,"height":500,"caption":"Travel Network"},"image":{"@id":"https:\/\/travel-network.co\/de\/#\/schema\/logo\/image\/"},"sameAs":["http:\/\/facebook.com\/travel.au","https:\/\/x.com\/travelnetworkau","https:\/\/instagram.com\/travelnetworkau\/","https:\/\/www.linkedin.com\/company\/3374753","https:\/\/www.pinterest.com\/travelnetwork\/","http:\/\/www.youtube.com\/user\/TravelNetworkAUS"]}]}},"_links":{"self":[{"href":"https:\/\/travel-network.co\/de\/wp-json\/wp\/v2\/pages\/19850","targetHints":{"allow":["GET"]}}],"collection":[{"href":"https:\/\/travel-network.co\/de\/wp-json\/wp\/v2\/pages"}],"about":[{"href":"https:\/\/travel-network.co\/de\/wp-json\/wp\/v2\/types\/page"}],"author":[{"embeddable":true,"href":"https:\/\/travel-network.co\/de\/wp-json\/wp\/v2\/users\/2"}],"replies":[{"embeddable":true,"href":"https:\/\/travel-network.co\/de\/wp-json\/wp\/v2\/comments?post=19850"}],"version-history":[{"count":0,"href":"https:\/\/travel-network.co\/de\/wp-json\/wp\/v2\/pages\/19850\/revisions"}],"wp:attachment":[{"href":"https:\/\/travel-network.co\/de\/wp-json\/wp\/v2\/media?parent=19850"}],"curies":[{"name":"wp","href":"https:\/\/api.w.org\/{rel}","templated":true}]}}