{"id":27131,"date":"2015-03-22T18:46:53","date_gmt":"2015-03-22T18:46:53","guid":{"rendered":"https:\/\/travel-network.co\/?page_id=27131"},"modified":"2020-08-25T22:19:07","modified_gmt":"2020-08-25T22:19:07","slug":"etihad-airways","status":"publish","type":"page","link":"https:\/\/travel-network.co\/de\/studenten-fluge\/etihad-airways\/","title":{"rendered":"Etihad Airways"},"content":{"rendered":"\n<p>Die Etihad Airways ist das Flaggschiff sowohl der Abu Dhabi als auch der Vereinigten Arabischen Emirate. Etihad Airways befindet sich am internationalen Flughafen von Abu Dhabi und bietet zahlreiche internationale Fl\u00fcge an. Als kleine Fluggesellschaft mit nur 62 Flugzeugen in ihrer Flotte bietet Etihad Airways \u00fcber 70 verschiedene Ziele in der ganzen Welt an.<\/p>\n\n\n\n<p>Zu den Zielen der Fluggesellschaft geh\u00f6ren Orte in Asien, Ozeanien, Afrika, Nordamerika und Europa. Dar\u00fcber hinaus arbeitet Etihad Airways mit Code-Share-Abkommen mit Fluggesellschaften auf der ganzen Welt zusammen. Die Fluggesellschaft bietet drei verschiedene Sitzklassen an, die Diamond Zone (First Class), die Pearl Zone (Business Class) und die Coral Zone (Economy Class) genannt werden. In allen Klassen wird Bordunterhaltung einschlie\u00dflich Video-on-Demand angeboten. Die Fluggesellschaft bietet ein Vielfliegerprogramm namens Etihad Guest an, das ein Treueprogramm sowie Erm\u00e4\u00dfigungen an bestimmten Einkaufsorten bietet.<\/p>\n\n\n\n<p>Um f\u00fcr die Flugg\u00e4ste besser durchf\u00fchrbar zu sein, arbeitet Etihad mit anderen, gr\u00f6\u00dferen Fluggesellschaften zusammen, um trotz der kleinen Flotte der Fluggesellschaft eine Vielzahl von Zielen anbieten zu k\u00f6nnen.<\/p>\n","protected":false},"excerpt":{"rendered":"<p>Die Etihad Airways ist das Flaggschiff sowohl der Abu Dhabi als auch der Vereinigten Arabischen Emirate. Etihad Airways befindet sich [&hellip;]<\/p>\n","protected":false},"author":2,"featured_media":0,"parent":19850,"menu_order":0,"comment_status":"closed","ping_status":"closed","template":"","meta":{"footnotes":""},"class_list":["post-27131","page","type-page","status-publish","hentry"],"yoast_head":"<!-- This site is optimized with the Yoast SEO plugin v27.3 - https:\/\/yoast.com\/product\/yoast-seo-wordpress\/ -->\n<title>Etihad Airways - Travel Network<\/title>\n<meta name=\"robots\" content=\"index, follow, max-snippet:-1, max-image-preview:large, max-video-preview:-1\" \/>\n<link rel=\"canonical\" href=\"https:\/\/travel-network.co\/de\/studenten-fluge\/etihad-airways\/\" \/>\n<meta property=\"og:locale\" content=\"de_DE\" \/>\n<meta property=\"og:type\" content=\"article\" \/>\n<meta property=\"og:title\" content=\"Etihad Airways - Travel Network\" \/>\n<meta property=\"og:description\" content=\"Die Etihad Airways ist das Flaggschiff sowohl der Abu Dhabi als auch der Vereinigten Arabischen Emirate. Etihad Airways befindet sich [&hellip;]\" \/>\n<meta property=\"og:url\" content=\"https:\/\/travel-network.co\/de\/studenten-fluge\/etihad-airways\/\" \/>\n<meta property=\"og:site_name\" content=\"Travel Network\" \/>\n<meta property=\"article:publisher\" content=\"http:\/\/facebook.com\/travel.au\" \/>\n<meta property=\"article:modified_time\" content=\"2020-08-25T22:19:07+00:00\" \/>\n<meta property=\"og:image\" content=\"https:\/\/travel-network.co\/wp-content\/uploads\/2015\/03\/google-logo.gif\" \/>\n\t<meta property=\"og:image:width\" content=\"500\" \/>\n\t<meta property=\"og:image:height\" content=\"500\" \/>\n\t<meta property=\"og:image:type\" content=\"image\/gif\" \/>\n<meta name=\"twitter:card\" content=\"summary_large_image\" \/>\n<meta name=\"twitter:site\" content=\"@travelnetworkau\" \/>\n<meta name=\"twitter:label1\" content=\"Gesch\u00e4tzte Lesezeit\" \/>\n\t<meta name=\"twitter:data1\" content=\"1\u00a0Minute\" \/>\n<script type=\"application\/ld+json\" class=\"yoast-schema-graph\">{\"@context\":\"https:\\\/\\\/schema.org\",\"@graph\":[{\"@type\":\"WebPage\",\"@id\":\"https:\\\/\\\/travel-network.co\\\/de\\\/studenten-fluge\\\/etihad-airways\\\/\",\"url\":\"https:\\\/\\\/travel-network.co\\\/de\\\/studenten-fluge\\\/etihad-airways\\\/\",\"name\":\"Etihad Airways - Travel Network\",\"isPartOf\":{\"@id\":\"https:\\\/\\\/travel-network.co\\\/de\\\/#website\"},\"datePublished\":\"2015-03-22T18:46:53+00:00\",\"dateModified\":\"2020-08-25T22:19:07+00:00\",\"breadcrumb\":{\"@id\":\"https:\\\/\\\/travel-network.co\\\/de\\\/studenten-fluge\\\/etihad-airways\\\/#breadcrumb\"},\"inLanguage\":\"de\",\"potentialAction\":[{\"@type\":\"ReadAction\",\"target\":[\"https:\\\/\\\/travel-network.co\\\/de\\\/studenten-fluge\\\/etihad-airways\\\/\"]}]},{\"@type\":\"BreadcrumbList\",\"@id\":\"https:\\\/\\\/travel-network.co\\\/de\\\/studenten-fluge\\\/etihad-airways\\\/#breadcrumb\",\"itemListElement\":[{\"@type\":\"ListItem\",\"position\":1,\"name\":\"Home\",\"item\":\"https:\\\/\\\/travel-network.co\\\/de\\\/\"},{\"@type\":\"ListItem\",\"position\":2,\"name\":\"Studenten-Fl\u00fcge\",\"item\":\"https:\\\/\\\/travel-network.co\\\/de\\\/studenten-fluge\\\/\"},{\"@type\":\"ListItem\",\"position\":3,\"name\":\"Etihad Airways\"}]},{\"@type\":\"WebSite\",\"@id\":\"https:\\\/\\\/travel-network.co\\\/de\\\/#website\",\"url\":\"https:\\\/\\\/travel-network.co\\\/de\\\/\",\"name\":\"Travel Network\",\"description\":\"Travel advice, reviews, news and deals no matter if you are travelling by Land, Water or Air\",\"publisher\":{\"@id\":\"https:\\\/\\\/travel-network.co\\\/de\\\/#organization\"},\"potentialAction\":[{\"@type\":\"SearchAction\",\"target\":{\"@type\":\"EntryPoint\",\"urlTemplate\":\"https:\\\/\\\/travel-network.co\\\/de\\\/?s={search_term_string}\"},\"query-input\":{\"@type\":\"PropertyValueSpecification\",\"valueRequired\":true,\"valueName\":\"search_term_string\"}}],\"inLanguage\":\"de\"},{\"@type\":\"Organization\",\"@id\":\"https:\\\/\\\/travel-network.co\\\/de\\\/#organization\",\"name\":\"Travel Network\",\"url\":\"https:\\\/\\\/travel-network.co\\\/de\\\/\",\"logo\":{\"@type\":\"ImageObject\",\"inLanguage\":\"de\",\"@id\":\"https:\\\/\\\/travel-network.co\\\/de\\\/#\\\/schema\\\/logo\\\/image\\\/\",\"url\":\"https:\\\/\\\/travel-network.co\\\/wp-content\\\/uploads\\\/2015\\\/03\\\/google-logo.gif\",\"contentUrl\":\"https:\\\/\\\/travel-network.co\\\/wp-content\\\/uploads\\\/2015\\\/03\\\/google-logo.gif\",\"width\":500,\"height\":500,\"caption\":\"Travel Network\"},\"image\":{\"@id\":\"https:\\\/\\\/travel-network.co\\\/de\\\/#\\\/schema\\\/logo\\\/image\\\/\"},\"sameAs\":[\"http:\\\/\\\/facebook.com\\\/travel.au\",\"https:\\\/\\\/x.com\\\/travelnetworkau\",\"https:\\\/\\\/instagram.com\\\/travelnetworkau\\\/\",\"https:\\\/\\\/www.linkedin.com\\\/company\\\/3374753\",\"https:\\\/\\\/www.pinterest.com\\\/travelnetwork\\\/\",\"http:\\\/\\\/www.youtube.com\\\/user\\\/TravelNetworkAUS\"]}]}<\/script>\n<!-- \/ Yoast SEO plugin. -->","yoast_head_json":{"title":"Etihad Airways - Travel Network","robots":{"index":"index","follow":"follow","max-snippet":"max-snippet:-1","max-image-preview":"max-image-preview:large","max-video-preview":"max-video-preview:-1"},"canonical":"https:\/\/travel-network.co\/de\/studenten-fluge\/etihad-airways\/","og_locale":"de_DE","og_type":"article","og_title":"Etihad Airways - Travel Network","og_description":"Die Etihad Airways ist das Flaggschiff sowohl der Abu Dhabi als auch der Vereinigten Arabischen Emirate. Etihad Airways befindet sich [&hellip;]","og_url":"https:\/\/travel-network.co\/de\/studenten-fluge\/etihad-airways\/","og_site_name":"Travel Network","article_publisher":"http:\/\/facebook.com\/travel.au","article_modified_time":"2020-08-25T22:19:07+00:00","og_image":[{"width":500,"height":500,"url":"https:\/\/travel-network.co\/wp-content\/uploads\/2015\/03\/google-logo.gif","type":"image\/gif"}],"twitter_card":"summary_large_image","twitter_site":"@travelnetworkau","twitter_misc":{"Gesch\u00e4tzte Lesezeit":"1\u00a0Minute"},"schema":{"@context":"https:\/\/schema.org","@graph":[{"@type":"WebPage","@id":"https:\/\/travel-network.co\/de\/studenten-fluge\/etihad-airways\/","url":"https:\/\/travel-network.co\/de\/studenten-fluge\/etihad-airways\/","name":"Etihad Airways - Travel Network","isPartOf":{"@id":"https:\/\/travel-network.co\/de\/#website"},"datePublished":"2015-03-22T18:46:53+00:00","dateModified":"2020-08-25T22:19:07+00:00","breadcrumb":{"@id":"https:\/\/travel-network.co\/de\/studenten-fluge\/etihad-airways\/#breadcrumb"},"inLanguage":"de","potentialAction":[{"@type":"ReadAction","target":["https:\/\/travel-network.co\/de\/studenten-fluge\/etihad-airways\/"]}]},{"@type":"BreadcrumbList","@id":"https:\/\/travel-network.co\/de\/studenten-fluge\/etihad-airways\/#breadcrumb","itemListElement":[{"@type":"ListItem","position":1,"name":"Home","item":"https:\/\/travel-network.co\/de\/"},{"@type":"ListItem","position":2,"name":"Studenten-Fl\u00fcge","item":"https:\/\/travel-network.co\/de\/studenten-fluge\/"},{"@type":"ListItem","position":3,"name":"Etihad Airways"}]},{"@type":"WebSite","@id":"https:\/\/travel-network.co\/de\/#website","url":"https:\/\/travel-network.co\/de\/","name":"Travel Network","description":"Travel advice, reviews, news and deals no matter if you are travelling by Land, Water or Air","publisher":{"@id":"https:\/\/travel-network.co\/de\/#organization"},"potentialAction":[{"@type":"SearchAction","target":{"@type":"EntryPoint","urlTemplate":"https:\/\/travel-network.co\/de\/?s={search_term_string}"},"query-input":{"@type":"PropertyValueSpecification","valueRequired":true,"valueName":"search_term_string"}}],"inLanguage":"de"},{"@type":"Organization","@id":"https:\/\/travel-network.co\/de\/#organization","name":"Travel Network","url":"https:\/\/travel-network.co\/de\/","logo":{"@type":"ImageObject","inLanguage":"de","@id":"https:\/\/travel-network.co\/de\/#\/schema\/logo\/image\/","url":"https:\/\/travel-network.co\/wp-content\/uploads\/2015\/03\/google-logo.gif","contentUrl":"https:\/\/travel-network.co\/wp-content\/uploads\/2015\/03\/google-logo.gif","width":500,"height":500,"caption":"Travel Network"},"image":{"@id":"https:\/\/travel-network.co\/de\/#\/schema\/logo\/image\/"},"sameAs":["http:\/\/facebook.com\/travel.au","https:\/\/x.com\/travelnetworkau","https:\/\/instagram.com\/travelnetworkau\/","https:\/\/www.linkedin.com\/company\/3374753","https:\/\/www.pinterest.com\/travelnetwork\/","http:\/\/www.youtube.com\/user\/TravelNetworkAUS"]}]}},"_links":{"self":[{"href":"https:\/\/travel-network.co\/de\/wp-json\/wp\/v2\/pages\/27131","targetHints":{"allow":["GET"]}}],"collection":[{"href":"https:\/\/travel-network.co\/de\/wp-json\/wp\/v2\/pages"}],"about":[{"href":"https:\/\/travel-network.co\/de\/wp-json\/wp\/v2\/types\/page"}],"author":[{"embeddable":true,"href":"https:\/\/travel-network.co\/de\/wp-json\/wp\/v2\/users\/2"}],"replies":[{"embeddable":true,"href":"https:\/\/travel-network.co\/de\/wp-json\/wp\/v2\/comments?post=27131"}],"version-history":[{"count":0,"href":"https:\/\/travel-network.co\/de\/wp-json\/wp\/v2\/pages\/27131\/revisions"}],"up":[{"embeddable":true,"href":"https:\/\/travel-network.co\/de\/wp-json\/wp\/v2\/pages\/19850"}],"wp:attachment":[{"href":"https:\/\/travel-network.co\/de\/wp-json\/wp\/v2\/media?parent=27131"}],"curies":[{"name":"wp","href":"https:\/\/api.w.org\/{rel}","templated":true}]}}