{"id":27169,"date":"2015-03-22T18:49:17","date_gmt":"2015-03-22T18:49:17","guid":{"rendered":"https:\/\/travel-network.co\/?page_id=27169"},"modified":"2020-08-25T22:38:53","modified_gmt":"2020-08-25T22:38:53","slug":"last-minute-fluege","status":"publish","type":"page","link":"https:\/\/travel-network.co\/de\/studenten-fluge\/last-minute-fluege\/","title":{"rendered":"Last-Minute-Fl\u00fcge"},"content":{"rendered":"\n<p>Manchmal kann es vorkommen, dass Sie sich in einer Situation befinden, in der Sie keine Zeit haben, Ihren Flug fr\u00fchzeitig zu buchen. Unabh\u00e4ngig davon, ob es sich um einen famili\u00e4ren Notfall oder eine kurzfristige Gesch\u00e4ftsreise handelt, m\u00fcssen Sie unter Umst\u00e4nden Last-Minute-Fl\u00fcge buchen. Wie Sie vielleicht wissen, gibt es jedoch Komplikationen, die mit der Buchung eines Fluges in letzter Minute einhergehen, und Sie m\u00fcssen diese Komplikationen im Auge behalten. Wenn Sie wissen, was Sie erwartet, k\u00f6nnen Sie Ihre Reise reibungsloser buchen.<br>Als erstes m\u00fcssen Sie bedenken, dass Fl\u00fcge in letzter Minute teurer sind. Tats\u00e4chlich k\u00f6nnen sie bis zum Doppelten dessen kosten, was Sie gezahlt h\u00e4tten, wenn Sie den Flug einige Wochen im Voraus buchen konnten. Diese zus\u00e4tzlichen Kosten sind nur etwas, mit dem Sie umgehen und rechnen m\u00fcssen. Wenn Sie einen famili\u00e4ren Notfall haben, k\u00f6nnen Sie die Fluggesellschaft anrufen, um herauszufinden, ob diese Kosten in irgendeiner Weise gesenkt werden k\u00f6nnen.<\/p>\n\n\n\n<p>Bei Last-Minute-Fl\u00fcgen ist auch zu bedenken, dass sie manchmal ausgebucht sein k\u00f6nnen, besonders wenn Sie w\u00e4hrend der Hochsaison reisen m\u00fcssen. M\u00f6glicherweise m\u00fcssen Sie hinsichtlich der Zeit, zu der Sie zu fliegen bereit sind, flexibler sein. Wenn Sie eher bereit sind, mitten in der Nacht oder zu anderen ungeraden Zeiten zu fliegen, dann k\u00f6nnen Sie vielleicht leichter einen offenen Flug finden. Denken Sie auch daran, dass der Standby-Flug eine Option ist. Wenn Sie sich f\u00fcr den Standby-Flug f\u00fcr einen vollen Flug entscheiden, dann m\u00fcssen Sie am Flughafen ankommen und warten. Ihr Name wird auf eine Liste gesetzt, und Sie m\u00fcssen nur warten und sehen, ob ein Platz frei wird. Das Einzige, was mit dem Standby-Betrieb zu tun hat, ist, dass Sie viel Zeit damit verbringen k\u00f6nnten, am Flughafen zu warten, und m\u00f6glicherweise erhalten Sie nicht einmal ein Ticket f\u00fcr den gew\u00fcnschten Flug.<\/p>\n\n\n\n<p>Last-Minute-Fl\u00fcge k\u00f6nnen kostspielig sein. Das ist nur etwas, womit man umgehen muss, wenn es um kurzfristige Fl\u00fcge geht. Es gibt jedoch Zeiten, in denen man einfach in letzter Minute fliegen muss, sei es f\u00fcr ein kurzfristiges Gesch\u00e4ftstreffen, einen famili\u00e4ren Notfall oder eine andere Situation. Es gibt M\u00f6glichkeiten, einen Last-Minute-Flug stressfreier zu gestalten. Seien Sie flexibel, wenn es darum geht, wann Sie zu fliegen bereit sind, und ziehen Sie die M\u00f6glichkeit in Betracht, im Standby-Modus zu fliegen. Dann sollten Sie keine Probleme haben, den Flug zu bekommen, den Sie brauchen.<\/p>\n","protected":false},"excerpt":{"rendered":"<p>Manchmal kann es vorkommen, dass Sie sich in einer Situation befinden, in der Sie keine Zeit haben, Ihren Flug fr\u00fchzeitig [&hellip;]<\/p>\n","protected":false},"author":2,"featured_media":0,"parent":19850,"menu_order":0,"comment_status":"closed","ping_status":"closed","template":"","meta":{"footnotes":""},"class_list":["post-27169","page","type-page","status-publish","hentry"],"yoast_head":"<!-- This site is optimized with the Yoast SEO plugin v27.5 - https:\/\/yoast.com\/product\/yoast-seo-wordpress\/ -->\n<title>Last-Minute-Fl\u00fcge - Travel Network<\/title>\n<meta name=\"robots\" content=\"index, follow, max-snippet:-1, max-image-preview:large, max-video-preview:-1\" \/>\n<link rel=\"canonical\" href=\"https:\/\/travel-network.co\/de\/studenten-fluge\/last-minute-fluege\/\" \/>\n<meta property=\"og:locale\" content=\"de_DE\" \/>\n<meta property=\"og:type\" content=\"article\" \/>\n<meta property=\"og:title\" content=\"Last-Minute-Fl\u00fcge - Travel Network\" \/>\n<meta property=\"og:description\" content=\"Manchmal kann es vorkommen, dass Sie sich in einer Situation befinden, in der Sie keine Zeit haben, Ihren Flug fr\u00fchzeitig [&hellip;]\" \/>\n<meta property=\"og:url\" content=\"https:\/\/travel-network.co\/de\/studenten-fluge\/last-minute-fluege\/\" \/>\n<meta property=\"og:site_name\" content=\"Travel Network\" \/>\n<meta property=\"article:publisher\" content=\"http:\/\/facebook.com\/travel.au\" \/>\n<meta property=\"article:modified_time\" content=\"2020-08-25T22:38:53+00:00\" \/>\n<meta property=\"og:image\" content=\"https:\/\/travel-network.co\/wp-content\/uploads\/2015\/03\/google-logo.gif\" \/>\n\t<meta property=\"og:image:width\" content=\"500\" \/>\n\t<meta property=\"og:image:height\" content=\"500\" \/>\n\t<meta property=\"og:image:type\" content=\"image\/gif\" \/>\n<meta name=\"twitter:card\" content=\"summary_large_image\" \/>\n<meta name=\"twitter:site\" content=\"@travelnetworkau\" \/>\n<meta name=\"twitter:label1\" content=\"Gesch\u00e4tzte Lesezeit\" \/>\n\t<meta name=\"twitter:data1\" content=\"2\u00a0Minuten\" \/>\n<script type=\"application\/ld+json\" class=\"yoast-schema-graph\">{\"@context\":\"https:\\\/\\\/schema.org\",\"@graph\":[{\"@type\":\"WebPage\",\"@id\":\"https:\\\/\\\/travel-network.co\\\/de\\\/studenten-fluge\\\/last-minute-fluege\\\/\",\"url\":\"https:\\\/\\\/travel-network.co\\\/de\\\/studenten-fluge\\\/last-minute-fluege\\\/\",\"name\":\"Last-Minute-Fl\u00fcge - Travel Network\",\"isPartOf\":{\"@id\":\"https:\\\/\\\/travel-network.co\\\/de\\\/#website\"},\"datePublished\":\"2015-03-22T18:49:17+00:00\",\"dateModified\":\"2020-08-25T22:38:53+00:00\",\"breadcrumb\":{\"@id\":\"https:\\\/\\\/travel-network.co\\\/de\\\/studenten-fluge\\\/last-minute-fluege\\\/#breadcrumb\"},\"inLanguage\":\"de\",\"potentialAction\":[{\"@type\":\"ReadAction\",\"target\":[\"https:\\\/\\\/travel-network.co\\\/de\\\/studenten-fluge\\\/last-minute-fluege\\\/\"]}]},{\"@type\":\"BreadcrumbList\",\"@id\":\"https:\\\/\\\/travel-network.co\\\/de\\\/studenten-fluge\\\/last-minute-fluege\\\/#breadcrumb\",\"itemListElement\":[{\"@type\":\"ListItem\",\"position\":1,\"name\":\"Home\",\"item\":\"https:\\\/\\\/travel-network.co\\\/de\\\/\"},{\"@type\":\"ListItem\",\"position\":2,\"name\":\"Studenten-Fl\u00fcge\",\"item\":\"https:\\\/\\\/travel-network.co\\\/de\\\/studenten-fluge\\\/\"},{\"@type\":\"ListItem\",\"position\":3,\"name\":\"Last-Minute-Fl\u00fcge\"}]},{\"@type\":\"WebSite\",\"@id\":\"https:\\\/\\\/travel-network.co\\\/de\\\/#website\",\"url\":\"https:\\\/\\\/travel-network.co\\\/de\\\/\",\"name\":\"Travel Network\",\"description\":\"Travel advice, reviews, news and deals no matter if you are travelling by Land, Water or Air\",\"publisher\":{\"@id\":\"https:\\\/\\\/travel-network.co\\\/de\\\/#organization\"},\"potentialAction\":[{\"@type\":\"SearchAction\",\"target\":{\"@type\":\"EntryPoint\",\"urlTemplate\":\"https:\\\/\\\/travel-network.co\\\/de\\\/?s={search_term_string}\"},\"query-input\":{\"@type\":\"PropertyValueSpecification\",\"valueRequired\":true,\"valueName\":\"search_term_string\"}}],\"inLanguage\":\"de\"},{\"@type\":\"Organization\",\"@id\":\"https:\\\/\\\/travel-network.co\\\/de\\\/#organization\",\"name\":\"Travel Network\",\"url\":\"https:\\\/\\\/travel-network.co\\\/de\\\/\",\"logo\":{\"@type\":\"ImageObject\",\"inLanguage\":\"de\",\"@id\":\"https:\\\/\\\/travel-network.co\\\/de\\\/#\\\/schema\\\/logo\\\/image\\\/\",\"url\":\"https:\\\/\\\/travel-network.co\\\/wp-content\\\/uploads\\\/2015\\\/03\\\/google-logo.gif\",\"contentUrl\":\"https:\\\/\\\/travel-network.co\\\/wp-content\\\/uploads\\\/2015\\\/03\\\/google-logo.gif\",\"width\":500,\"height\":500,\"caption\":\"Travel Network\"},\"image\":{\"@id\":\"https:\\\/\\\/travel-network.co\\\/de\\\/#\\\/schema\\\/logo\\\/image\\\/\"},\"sameAs\":[\"http:\\\/\\\/facebook.com\\\/travel.au\",\"https:\\\/\\\/x.com\\\/travelnetworkau\",\"https:\\\/\\\/instagram.com\\\/travelnetworkau\\\/\",\"https:\\\/\\\/www.linkedin.com\\\/company\\\/3374753\",\"https:\\\/\\\/www.pinterest.com\\\/travelnetwork\\\/\",\"http:\\\/\\\/www.youtube.com\\\/user\\\/TravelNetworkAUS\"]}]}<\/script>\n<!-- \/ Yoast SEO plugin. -->","yoast_head_json":{"title":"Last-Minute-Fl\u00fcge - Travel Network","robots":{"index":"index","follow":"follow","max-snippet":"max-snippet:-1","max-image-preview":"max-image-preview:large","max-video-preview":"max-video-preview:-1"},"canonical":"https:\/\/travel-network.co\/de\/studenten-fluge\/last-minute-fluege\/","og_locale":"de_DE","og_type":"article","og_title":"Last-Minute-Fl\u00fcge - Travel Network","og_description":"Manchmal kann es vorkommen, dass Sie sich in einer Situation befinden, in der Sie keine Zeit haben, Ihren Flug fr\u00fchzeitig [&hellip;]","og_url":"https:\/\/travel-network.co\/de\/studenten-fluge\/last-minute-fluege\/","og_site_name":"Travel Network","article_publisher":"http:\/\/facebook.com\/travel.au","article_modified_time":"2020-08-25T22:38:53+00:00","og_image":[{"width":500,"height":500,"url":"https:\/\/travel-network.co\/wp-content\/uploads\/2015\/03\/google-logo.gif","type":"image\/gif"}],"twitter_card":"summary_large_image","twitter_site":"@travelnetworkau","twitter_misc":{"Gesch\u00e4tzte Lesezeit":"2\u00a0Minuten"},"schema":{"@context":"https:\/\/schema.org","@graph":[{"@type":"WebPage","@id":"https:\/\/travel-network.co\/de\/studenten-fluge\/last-minute-fluege\/","url":"https:\/\/travel-network.co\/de\/studenten-fluge\/last-minute-fluege\/","name":"Last-Minute-Fl\u00fcge - Travel Network","isPartOf":{"@id":"https:\/\/travel-network.co\/de\/#website"},"datePublished":"2015-03-22T18:49:17+00:00","dateModified":"2020-08-25T22:38:53+00:00","breadcrumb":{"@id":"https:\/\/travel-network.co\/de\/studenten-fluge\/last-minute-fluege\/#breadcrumb"},"inLanguage":"de","potentialAction":[{"@type":"ReadAction","target":["https:\/\/travel-network.co\/de\/studenten-fluge\/last-minute-fluege\/"]}]},{"@type":"BreadcrumbList","@id":"https:\/\/travel-network.co\/de\/studenten-fluge\/last-minute-fluege\/#breadcrumb","itemListElement":[{"@type":"ListItem","position":1,"name":"Home","item":"https:\/\/travel-network.co\/de\/"},{"@type":"ListItem","position":2,"name":"Studenten-Fl\u00fcge","item":"https:\/\/travel-network.co\/de\/studenten-fluge\/"},{"@type":"ListItem","position":3,"name":"Last-Minute-Fl\u00fcge"}]},{"@type":"WebSite","@id":"https:\/\/travel-network.co\/de\/#website","url":"https:\/\/travel-network.co\/de\/","name":"Travel Network","description":"Travel advice, reviews, news and deals no matter if you are travelling by Land, Water or Air","publisher":{"@id":"https:\/\/travel-network.co\/de\/#organization"},"potentialAction":[{"@type":"SearchAction","target":{"@type":"EntryPoint","urlTemplate":"https:\/\/travel-network.co\/de\/?s={search_term_string}"},"query-input":{"@type":"PropertyValueSpecification","valueRequired":true,"valueName":"search_term_string"}}],"inLanguage":"de"},{"@type":"Organization","@id":"https:\/\/travel-network.co\/de\/#organization","name":"Travel Network","url":"https:\/\/travel-network.co\/de\/","logo":{"@type":"ImageObject","inLanguage":"de","@id":"https:\/\/travel-network.co\/de\/#\/schema\/logo\/image\/","url":"https:\/\/travel-network.co\/wp-content\/uploads\/2015\/03\/google-logo.gif","contentUrl":"https:\/\/travel-network.co\/wp-content\/uploads\/2015\/03\/google-logo.gif","width":500,"height":500,"caption":"Travel Network"},"image":{"@id":"https:\/\/travel-network.co\/de\/#\/schema\/logo\/image\/"},"sameAs":["http:\/\/facebook.com\/travel.au","https:\/\/x.com\/travelnetworkau","https:\/\/instagram.com\/travelnetworkau\/","https:\/\/www.linkedin.com\/company\/3374753","https:\/\/www.pinterest.com\/travelnetwork\/","http:\/\/www.youtube.com\/user\/TravelNetworkAUS"]}]}},"_links":{"self":[{"href":"https:\/\/travel-network.co\/de\/wp-json\/wp\/v2\/pages\/27169","targetHints":{"allow":["GET"]}}],"collection":[{"href":"https:\/\/travel-network.co\/de\/wp-json\/wp\/v2\/pages"}],"about":[{"href":"https:\/\/travel-network.co\/de\/wp-json\/wp\/v2\/types\/page"}],"author":[{"embeddable":true,"href":"https:\/\/travel-network.co\/de\/wp-json\/wp\/v2\/users\/2"}],"replies":[{"embeddable":true,"href":"https:\/\/travel-network.co\/de\/wp-json\/wp\/v2\/comments?post=27169"}],"version-history":[{"count":0,"href":"https:\/\/travel-network.co\/de\/wp-json\/wp\/v2\/pages\/27169\/revisions"}],"up":[{"embeddable":true,"href":"https:\/\/travel-network.co\/de\/wp-json\/wp\/v2\/pages\/19850"}],"wp:attachment":[{"href":"https:\/\/travel-network.co\/de\/wp-json\/wp\/v2\/media?parent=27169"}],"curies":[{"name":"wp","href":"https:\/\/api.w.org\/{rel}","templated":true}]}}