{"id":27138,"date":"2015-03-22T18:46:53","date_gmt":"2015-03-22T18:46:53","guid":{"rendered":"https:\/\/travel-network.co\/?page_id=27138"},"modified":"2020-08-25T22:21:16","modified_gmt":"2020-08-25T22:21:16","slug":"etihad-airways","status":"publish","type":"page","link":"https:\/\/travel-network.co\/es\/etihad-airways\/","title":{"rendered":"Etihad Airways"},"content":{"rendered":"\n<p>La aerol\u00ednea Etihad Airways es el buque insignia de Abu Dhabi y de los Emiratos \u00c1rabes Unidos. Situada fuera del Aeropuerto Internacional de Abu Dhabi, Etihad Airways ofrece numerosos vuelos internacionales. Una peque\u00f1a aerol\u00ednea con s\u00f3lo 62 aviones en su flota, Etihad ofrece m\u00e1s de 70 destinos diferentes en todo el mundo.<\/p>\n\n\n\n<p>Los destinos de la aerol\u00ednea incluyen lugares en Asia, Ocean\u00eda, \u00c1frica, Am\u00e9rica del Norte y Europa. Adem\u00e1s, Etihad Airways trabaja con acuerdos de c\u00f3digo compartido con aerol\u00edneas de todo el mundo. La aerol\u00ednea ofrece tres clases diferentes de asientos, denominadas Zona Diamante (primera clase), Zona Perla (clase ejecutiva) y Zona Coral (clase econ\u00f3mica). El entretenimiento a bordo, incluido el v\u00eddeo a la carta, est\u00e1 disponible en todas las clases. La aerol\u00ednea ofrece un programa de viajero frecuente llamado Etihad Guest, que proporciona un programa de lealtad as\u00ed como descuentos en ciertos lugares de compras.<\/p>\n\n\n\n<p>Para que sea m\u00e1s factible para los pasajeros, Etihad trabaja con otras aerol\u00edneas m\u00e1s grandes para ofrecer muchos destinos a pesar de la peque\u00f1a flota de la aerol\u00ednea.<\/p>\n","protected":false},"excerpt":{"rendered":"<p>La aerol\u00ednea Etihad Airways es el buque insignia de Abu Dhabi y de los Emiratos \u00c1rabes Unidos. Situada fuera del [&hellip;]<\/p>\n","protected":false},"author":2,"featured_media":0,"parent":0,"menu_order":0,"comment_status":"closed","ping_status":"closed","template":"","meta":{"footnotes":""},"class_list":["post-27138","page","type-page","status-publish","hentry"],"yoast_head":"<!-- This site is optimized with the Yoast SEO plugin v27.3 - https:\/\/yoast.com\/product\/yoast-seo-wordpress\/ -->\n<title>Etihad Airways - Travel Network<\/title>\n<meta name=\"robots\" content=\"index, follow, max-snippet:-1, max-image-preview:large, max-video-preview:-1\" \/>\n<link rel=\"canonical\" href=\"https:\/\/travel-network.co\/es\/etihad-airways\/\" \/>\n<meta property=\"og:locale\" content=\"es_ES\" \/>\n<meta property=\"og:type\" content=\"article\" \/>\n<meta property=\"og:title\" content=\"Etihad Airways - Travel Network\" \/>\n<meta property=\"og:description\" content=\"La aerol\u00ednea Etihad Airways es el buque insignia de Abu Dhabi y de los Emiratos \u00c1rabes Unidos. Situada fuera del [&hellip;]\" \/>\n<meta property=\"og:url\" content=\"https:\/\/travel-network.co\/es\/etihad-airways\/\" \/>\n<meta property=\"og:site_name\" content=\"Travel Network\" \/>\n<meta property=\"article:publisher\" content=\"http:\/\/facebook.com\/travel.au\" \/>\n<meta property=\"article:modified_time\" content=\"2020-08-25T22:21:16+00:00\" \/>\n<meta property=\"og:image\" content=\"https:\/\/travel-network.co\/wp-content\/uploads\/2015\/03\/google-logo.gif\" \/>\n\t<meta property=\"og:image:width\" content=\"500\" \/>\n\t<meta property=\"og:image:height\" content=\"500\" \/>\n\t<meta property=\"og:image:type\" content=\"image\/gif\" \/>\n<meta name=\"twitter:card\" content=\"summary_large_image\" \/>\n<meta name=\"twitter:site\" content=\"@travelnetworkau\" \/>\n<meta name=\"twitter:label1\" content=\"Tiempo de lectura\" \/>\n\t<meta name=\"twitter:data1\" content=\"1 minuto\" \/>\n<script type=\"application\/ld+json\" class=\"yoast-schema-graph\">{\"@context\":\"https:\\\/\\\/schema.org\",\"@graph\":[{\"@type\":\"WebPage\",\"@id\":\"https:\\\/\\\/travel-network.co\\\/es\\\/etihad-airways\\\/\",\"url\":\"https:\\\/\\\/travel-network.co\\\/es\\\/etihad-airways\\\/\",\"name\":\"Etihad Airways - Travel Network\",\"isPartOf\":{\"@id\":\"https:\\\/\\\/travel-network.co\\\/es\\\/#website\"},\"datePublished\":\"2015-03-22T18:46:53+00:00\",\"dateModified\":\"2020-08-25T22:21:16+00:00\",\"breadcrumb\":{\"@id\":\"https:\\\/\\\/travel-network.co\\\/es\\\/etihad-airways\\\/#breadcrumb\"},\"inLanguage\":\"es\",\"potentialAction\":[{\"@type\":\"ReadAction\",\"target\":[\"https:\\\/\\\/travel-network.co\\\/es\\\/etihad-airways\\\/\"]}]},{\"@type\":\"BreadcrumbList\",\"@id\":\"https:\\\/\\\/travel-network.co\\\/es\\\/etihad-airways\\\/#breadcrumb\",\"itemListElement\":[{\"@type\":\"ListItem\",\"position\":1,\"name\":\"Home\",\"item\":\"https:\\\/\\\/travel-network.co\\\/es\\\/\"},{\"@type\":\"ListItem\",\"position\":2,\"name\":\"Etihad Airways\"}]},{\"@type\":\"WebSite\",\"@id\":\"https:\\\/\\\/travel-network.co\\\/es\\\/#website\",\"url\":\"https:\\\/\\\/travel-network.co\\\/es\\\/\",\"name\":\"Travel Network\",\"description\":\"Travel advice, reviews, news and deals no matter if you are travelling by Land, Water or Air\",\"publisher\":{\"@id\":\"https:\\\/\\\/travel-network.co\\\/es\\\/#organization\"},\"potentialAction\":[{\"@type\":\"SearchAction\",\"target\":{\"@type\":\"EntryPoint\",\"urlTemplate\":\"https:\\\/\\\/travel-network.co\\\/es\\\/?s={search_term_string}\"},\"query-input\":{\"@type\":\"PropertyValueSpecification\",\"valueRequired\":true,\"valueName\":\"search_term_string\"}}],\"inLanguage\":\"es\"},{\"@type\":\"Organization\",\"@id\":\"https:\\\/\\\/travel-network.co\\\/es\\\/#organization\",\"name\":\"Travel Network\",\"url\":\"https:\\\/\\\/travel-network.co\\\/es\\\/\",\"logo\":{\"@type\":\"ImageObject\",\"inLanguage\":\"es\",\"@id\":\"https:\\\/\\\/travel-network.co\\\/es\\\/#\\\/schema\\\/logo\\\/image\\\/\",\"url\":\"https:\\\/\\\/travel-network.co\\\/wp-content\\\/uploads\\\/2015\\\/03\\\/google-logo.gif\",\"contentUrl\":\"https:\\\/\\\/travel-network.co\\\/wp-content\\\/uploads\\\/2015\\\/03\\\/google-logo.gif\",\"width\":500,\"height\":500,\"caption\":\"Travel Network\"},\"image\":{\"@id\":\"https:\\\/\\\/travel-network.co\\\/es\\\/#\\\/schema\\\/logo\\\/image\\\/\"},\"sameAs\":[\"http:\\\/\\\/facebook.com\\\/travel.au\",\"https:\\\/\\\/x.com\\\/travelnetworkau\",\"https:\\\/\\\/instagram.com\\\/travelnetworkau\\\/\",\"https:\\\/\\\/www.linkedin.com\\\/company\\\/3374753\",\"https:\\\/\\\/www.pinterest.com\\\/travelnetwork\\\/\",\"http:\\\/\\\/www.youtube.com\\\/user\\\/TravelNetworkAUS\"]}]}<\/script>\n<!-- \/ Yoast SEO plugin. -->","yoast_head_json":{"title":"Etihad Airways - Travel Network","robots":{"index":"index","follow":"follow","max-snippet":"max-snippet:-1","max-image-preview":"max-image-preview:large","max-video-preview":"max-video-preview:-1"},"canonical":"https:\/\/travel-network.co\/es\/etihad-airways\/","og_locale":"es_ES","og_type":"article","og_title":"Etihad Airways - Travel Network","og_description":"La aerol\u00ednea Etihad Airways es el buque insignia de Abu Dhabi y de los Emiratos \u00c1rabes Unidos. Situada fuera del [&hellip;]","og_url":"https:\/\/travel-network.co\/es\/etihad-airways\/","og_site_name":"Travel Network","article_publisher":"http:\/\/facebook.com\/travel.au","article_modified_time":"2020-08-25T22:21:16+00:00","og_image":[{"width":500,"height":500,"url":"https:\/\/travel-network.co\/wp-content\/uploads\/2015\/03\/google-logo.gif","type":"image\/gif"}],"twitter_card":"summary_large_image","twitter_site":"@travelnetworkau","twitter_misc":{"Tiempo de lectura":"1 minuto"},"schema":{"@context":"https:\/\/schema.org","@graph":[{"@type":"WebPage","@id":"https:\/\/travel-network.co\/es\/etihad-airways\/","url":"https:\/\/travel-network.co\/es\/etihad-airways\/","name":"Etihad Airways - Travel Network","isPartOf":{"@id":"https:\/\/travel-network.co\/es\/#website"},"datePublished":"2015-03-22T18:46:53+00:00","dateModified":"2020-08-25T22:21:16+00:00","breadcrumb":{"@id":"https:\/\/travel-network.co\/es\/etihad-airways\/#breadcrumb"},"inLanguage":"es","potentialAction":[{"@type":"ReadAction","target":["https:\/\/travel-network.co\/es\/etihad-airways\/"]}]},{"@type":"BreadcrumbList","@id":"https:\/\/travel-network.co\/es\/etihad-airways\/#breadcrumb","itemListElement":[{"@type":"ListItem","position":1,"name":"Home","item":"https:\/\/travel-network.co\/es\/"},{"@type":"ListItem","position":2,"name":"Etihad Airways"}]},{"@type":"WebSite","@id":"https:\/\/travel-network.co\/es\/#website","url":"https:\/\/travel-network.co\/es\/","name":"Travel Network","description":"Travel advice, reviews, news and deals no matter if you are travelling by Land, Water or Air","publisher":{"@id":"https:\/\/travel-network.co\/es\/#organization"},"potentialAction":[{"@type":"SearchAction","target":{"@type":"EntryPoint","urlTemplate":"https:\/\/travel-network.co\/es\/?s={search_term_string}"},"query-input":{"@type":"PropertyValueSpecification","valueRequired":true,"valueName":"search_term_string"}}],"inLanguage":"es"},{"@type":"Organization","@id":"https:\/\/travel-network.co\/es\/#organization","name":"Travel Network","url":"https:\/\/travel-network.co\/es\/","logo":{"@type":"ImageObject","inLanguage":"es","@id":"https:\/\/travel-network.co\/es\/#\/schema\/logo\/image\/","url":"https:\/\/travel-network.co\/wp-content\/uploads\/2015\/03\/google-logo.gif","contentUrl":"https:\/\/travel-network.co\/wp-content\/uploads\/2015\/03\/google-logo.gif","width":500,"height":500,"caption":"Travel Network"},"image":{"@id":"https:\/\/travel-network.co\/es\/#\/schema\/logo\/image\/"},"sameAs":["http:\/\/facebook.com\/travel.au","https:\/\/x.com\/travelnetworkau","https:\/\/instagram.com\/travelnetworkau\/","https:\/\/www.linkedin.com\/company\/3374753","https:\/\/www.pinterest.com\/travelnetwork\/","http:\/\/www.youtube.com\/user\/TravelNetworkAUS"]}]}},"_links":{"self":[{"href":"https:\/\/travel-network.co\/es\/wp-json\/wp\/v2\/pages\/27138","targetHints":{"allow":["GET"]}}],"collection":[{"href":"https:\/\/travel-network.co\/es\/wp-json\/wp\/v2\/pages"}],"about":[{"href":"https:\/\/travel-network.co\/es\/wp-json\/wp\/v2\/types\/page"}],"author":[{"embeddable":true,"href":"https:\/\/travel-network.co\/es\/wp-json\/wp\/v2\/users\/2"}],"replies":[{"embeddable":true,"href":"https:\/\/travel-network.co\/es\/wp-json\/wp\/v2\/comments?post=27138"}],"version-history":[{"count":0,"href":"https:\/\/travel-network.co\/es\/wp-json\/wp\/v2\/pages\/27138\/revisions"}],"wp:attachment":[{"href":"https:\/\/travel-network.co\/es\/wp-json\/wp\/v2\/media?parent=27138"}],"curies":[{"name":"wp","href":"https:\/\/api.w.org\/{rel}","templated":true}]}}