{"id":27152,"date":"2015-03-22T18:55:25","date_gmt":"2015-03-22T18:55:25","guid":{"rendered":"https:\/\/travel-network.co\/?page_id=27152"},"modified":"2020-08-25T22:29:19","modified_gmt":"2020-08-25T22:29:19","slug":"los-vuelos-de-estudiantes","status":"publish","type":"page","link":"https:\/\/travel-network.co\/es\/los-vuelos-de-estudiantes\/","title":{"rendered":"Los vuelos de estudiantes"},"content":{"rendered":"\n<p>Muchos estudiantes eligen volar s\u00f3lo porque ofrece muchas oportunidades de educaci\u00f3n. Viajar durante las vacaciones de los estudiantes es una gran manera de aprender m\u00e1s sobre el mundo, la cultura, el arte, la historia y mucho m\u00e1s. Sin embargo, muy pocos estudiantes tienen los fondos para pagar un vuelo de su bolsillo. Debido a esto, algunos estudiantes nunca tienen la oportunidad de viajar cuando quieren. Si quieres irte de vacaciones de estudiantes, entonces tendr\u00e1s que empezar con los vuelos de estudiantes. Aunque pueden ser extremadamente caros, hay formas de ahorrar dinero para que el viaje sea m\u00e1s asequible. Aqu\u00ed hay algunos consejos para que puedas encontrar vuelos de estudiantes, ahorrar dinero en ellos y disfrutar del viaje.<\/p>\n\n\n\n<p>Vuelos subvencionados<br>Lo primero que debe saber es que si viaja para cualquier tipo de experiencia de aprendizaje, podr\u00eda conseguir subvencionar todos o parte de sus vuelos de estudiantes. Uno de los lugares que deber\u00edas buscar ser\u00eda tu instituci\u00f3n educativa. Muchas universidades e instituciones pagar\u00e1n la mayor\u00eda de los vuelos de estudiantes siempre y cuando sea parte de un programa educativo. Para aprovechar esto, puede que tenga que asistir a ciertos programas de aprendizaje, o puede que tenga que ir en grupo. Sin embargo, esta es una gran manera de conseguir vuelos de estudiantes por poco o nada.<\/p>\n\n\n\n<p>Reservar sus vuelos de estudiantes<br>Cuando reserve sus vuelos de estudiantes, tendr\u00e1 que tener en cuenta algunas cosas. Por ejemplo, algunas aerol\u00edneas ofrecen tarifas m\u00e1s bajas si viajas como estudiante. Deber\u00e1 considerar las opciones antes de reservar su vuelo. Es posible que tenga que buscar en diferentes aerol\u00edneas antes de elegir una. Adem\u00e1s, ten en cuenta que los vuelos internacionales tienen reglas muy diferentes en cuanto a viajes, seguridad y equipaje. Tendr\u00e1s que entender todas estas reglas antes de ir a tu viaje de estudios.<\/p>\n\n\n\n<p>Obtenci\u00f3n de un carn\u00e9 de identidad de estudiante internacional<br>Hay una gran opci\u00f3n que puede ahorrarle dinero y darle acceso a muchas cosas cuando viaja fuera del pa\u00eds como estudiante. Este ser\u00eda el carn\u00e9 de estudiante internacional. Tendr\u00e1s que pagar una cuota por este carn\u00e9, pero ser\u00e1 bueno en muchos pa\u00edses diferentes que puedas elegir visitar. Esta tarjeta te dar\u00e1 descuentos en numerosas cosas como hostales para estudiantes, entradas para museos y eventos, sitios culturales y m\u00e1s. Incluso puedes ahorrar dinero en los vuelos de estudiantes con esta tarjeta. Si vas a viajar internacionalmente, entonces definitivamente querr\u00e1s considerar pagar la peque\u00f1a cuota.<\/p>\n\n\n\n<p>Los vuelos de estudiantes pueden ser algo que muchos j\u00f3venes piensan que est\u00e1 fuera de su alcance s\u00f3lo por el costo. Incluso los descuentos en las tarifas a\u00e9reas que muchas aerol\u00edneas ofrecen a los estudiantes pueden ser extremadamente caros. Sin embargo, hay formas de pagar por su vuelo o de que le paguen parte del mismo para que pueda disfrutar del viaje de su vida. S\u00f3lo aseg\u00farate de considerar los descuentos y subsidios que pueden ayudarte.<\/p>\n","protected":false},"excerpt":{"rendered":"<p>Muchos estudiantes eligen volar s\u00f3lo porque ofrece muchas oportunidades de educaci\u00f3n. Viajar durante las vacaciones de los estudiantes es una [&hellip;]<\/p>\n","protected":false},"author":2,"featured_media":0,"parent":0,"menu_order":0,"comment_status":"closed","ping_status":"closed","template":"","meta":{"footnotes":""},"class_list":["post-27152","page","type-page","status-publish","hentry"],"yoast_head":"<!-- This site is optimized with the Yoast SEO plugin v27.3 - https:\/\/yoast.com\/product\/yoast-seo-wordpress\/ -->\n<title>Los vuelos de estudiantes - Travel Network<\/title>\n<meta name=\"robots\" content=\"index, follow, max-snippet:-1, max-image-preview:large, max-video-preview:-1\" \/>\n<link rel=\"canonical\" href=\"https:\/\/travel-network.co\/es\/los-vuelos-de-estudiantes\/\" \/>\n<meta property=\"og:locale\" content=\"es_ES\" \/>\n<meta property=\"og:type\" content=\"article\" \/>\n<meta property=\"og:title\" content=\"Los vuelos de estudiantes - Travel Network\" \/>\n<meta property=\"og:description\" content=\"Muchos estudiantes eligen volar s\u00f3lo porque ofrece muchas oportunidades de educaci\u00f3n. Viajar durante las vacaciones de los estudiantes es una [&hellip;]\" \/>\n<meta property=\"og:url\" content=\"https:\/\/travel-network.co\/es\/los-vuelos-de-estudiantes\/\" \/>\n<meta property=\"og:site_name\" content=\"Travel Network\" \/>\n<meta property=\"article:publisher\" content=\"http:\/\/facebook.com\/travel.au\" \/>\n<meta property=\"article:modified_time\" content=\"2020-08-25T22:29:19+00:00\" \/>\n<meta property=\"og:image\" content=\"https:\/\/travel-network.co\/wp-content\/uploads\/2015\/03\/google-logo.gif\" \/>\n\t<meta property=\"og:image:width\" content=\"500\" \/>\n\t<meta property=\"og:image:height\" content=\"500\" \/>\n\t<meta property=\"og:image:type\" content=\"image\/gif\" \/>\n<meta name=\"twitter:card\" content=\"summary_large_image\" \/>\n<meta name=\"twitter:site\" content=\"@travelnetworkau\" \/>\n<meta name=\"twitter:label1\" content=\"Tiempo de lectura\" \/>\n\t<meta name=\"twitter:data1\" content=\"3 minutos\" \/>\n<script type=\"application\/ld+json\" class=\"yoast-schema-graph\">{\"@context\":\"https:\\\/\\\/schema.org\",\"@graph\":[{\"@type\":\"WebPage\",\"@id\":\"https:\\\/\\\/travel-network.co\\\/es\\\/los-vuelos-de-estudiantes\\\/\",\"url\":\"https:\\\/\\\/travel-network.co\\\/es\\\/los-vuelos-de-estudiantes\\\/\",\"name\":\"Los vuelos de estudiantes - Travel Network\",\"isPartOf\":{\"@id\":\"https:\\\/\\\/travel-network.co\\\/es\\\/#website\"},\"datePublished\":\"2015-03-22T18:55:25+00:00\",\"dateModified\":\"2020-08-25T22:29:19+00:00\",\"breadcrumb\":{\"@id\":\"https:\\\/\\\/travel-network.co\\\/es\\\/los-vuelos-de-estudiantes\\\/#breadcrumb\"},\"inLanguage\":\"es\",\"potentialAction\":[{\"@type\":\"ReadAction\",\"target\":[\"https:\\\/\\\/travel-network.co\\\/es\\\/los-vuelos-de-estudiantes\\\/\"]}]},{\"@type\":\"BreadcrumbList\",\"@id\":\"https:\\\/\\\/travel-network.co\\\/es\\\/los-vuelos-de-estudiantes\\\/#breadcrumb\",\"itemListElement\":[{\"@type\":\"ListItem\",\"position\":1,\"name\":\"Home\",\"item\":\"https:\\\/\\\/travel-network.co\\\/es\\\/\"},{\"@type\":\"ListItem\",\"position\":2,\"name\":\"Los vuelos de estudiantes\"}]},{\"@type\":\"WebSite\",\"@id\":\"https:\\\/\\\/travel-network.co\\\/es\\\/#website\",\"url\":\"https:\\\/\\\/travel-network.co\\\/es\\\/\",\"name\":\"Travel Network\",\"description\":\"Travel advice, reviews, news and deals no matter if you are travelling by Land, Water or Air\",\"publisher\":{\"@id\":\"https:\\\/\\\/travel-network.co\\\/es\\\/#organization\"},\"potentialAction\":[{\"@type\":\"SearchAction\",\"target\":{\"@type\":\"EntryPoint\",\"urlTemplate\":\"https:\\\/\\\/travel-network.co\\\/es\\\/?s={search_term_string}\"},\"query-input\":{\"@type\":\"PropertyValueSpecification\",\"valueRequired\":true,\"valueName\":\"search_term_string\"}}],\"inLanguage\":\"es\"},{\"@type\":\"Organization\",\"@id\":\"https:\\\/\\\/travel-network.co\\\/es\\\/#organization\",\"name\":\"Travel Network\",\"url\":\"https:\\\/\\\/travel-network.co\\\/es\\\/\",\"logo\":{\"@type\":\"ImageObject\",\"inLanguage\":\"es\",\"@id\":\"https:\\\/\\\/travel-network.co\\\/es\\\/#\\\/schema\\\/logo\\\/image\\\/\",\"url\":\"https:\\\/\\\/travel-network.co\\\/wp-content\\\/uploads\\\/2015\\\/03\\\/google-logo.gif\",\"contentUrl\":\"https:\\\/\\\/travel-network.co\\\/wp-content\\\/uploads\\\/2015\\\/03\\\/google-logo.gif\",\"width\":500,\"height\":500,\"caption\":\"Travel Network\"},\"image\":{\"@id\":\"https:\\\/\\\/travel-network.co\\\/es\\\/#\\\/schema\\\/logo\\\/image\\\/\"},\"sameAs\":[\"http:\\\/\\\/facebook.com\\\/travel.au\",\"https:\\\/\\\/x.com\\\/travelnetworkau\",\"https:\\\/\\\/instagram.com\\\/travelnetworkau\\\/\",\"https:\\\/\\\/www.linkedin.com\\\/company\\\/3374753\",\"https:\\\/\\\/www.pinterest.com\\\/travelnetwork\\\/\",\"http:\\\/\\\/www.youtube.com\\\/user\\\/TravelNetworkAUS\"]}]}<\/script>\n<!-- \/ Yoast SEO plugin. -->","yoast_head_json":{"title":"Los vuelos de estudiantes - Travel Network","robots":{"index":"index","follow":"follow","max-snippet":"max-snippet:-1","max-image-preview":"max-image-preview:large","max-video-preview":"max-video-preview:-1"},"canonical":"https:\/\/travel-network.co\/es\/los-vuelos-de-estudiantes\/","og_locale":"es_ES","og_type":"article","og_title":"Los vuelos de estudiantes - Travel Network","og_description":"Muchos estudiantes eligen volar s\u00f3lo porque ofrece muchas oportunidades de educaci\u00f3n. Viajar durante las vacaciones de los estudiantes es una [&hellip;]","og_url":"https:\/\/travel-network.co\/es\/los-vuelos-de-estudiantes\/","og_site_name":"Travel Network","article_publisher":"http:\/\/facebook.com\/travel.au","article_modified_time":"2020-08-25T22:29:19+00:00","og_image":[{"width":500,"height":500,"url":"https:\/\/travel-network.co\/wp-content\/uploads\/2015\/03\/google-logo.gif","type":"image\/gif"}],"twitter_card":"summary_large_image","twitter_site":"@travelnetworkau","twitter_misc":{"Tiempo de lectura":"3 minutos"},"schema":{"@context":"https:\/\/schema.org","@graph":[{"@type":"WebPage","@id":"https:\/\/travel-network.co\/es\/los-vuelos-de-estudiantes\/","url":"https:\/\/travel-network.co\/es\/los-vuelos-de-estudiantes\/","name":"Los vuelos de estudiantes - Travel Network","isPartOf":{"@id":"https:\/\/travel-network.co\/es\/#website"},"datePublished":"2015-03-22T18:55:25+00:00","dateModified":"2020-08-25T22:29:19+00:00","breadcrumb":{"@id":"https:\/\/travel-network.co\/es\/los-vuelos-de-estudiantes\/#breadcrumb"},"inLanguage":"es","potentialAction":[{"@type":"ReadAction","target":["https:\/\/travel-network.co\/es\/los-vuelos-de-estudiantes\/"]}]},{"@type":"BreadcrumbList","@id":"https:\/\/travel-network.co\/es\/los-vuelos-de-estudiantes\/#breadcrumb","itemListElement":[{"@type":"ListItem","position":1,"name":"Home","item":"https:\/\/travel-network.co\/es\/"},{"@type":"ListItem","position":2,"name":"Los vuelos de estudiantes"}]},{"@type":"WebSite","@id":"https:\/\/travel-network.co\/es\/#website","url":"https:\/\/travel-network.co\/es\/","name":"Travel Network","description":"Travel advice, reviews, news and deals no matter if you are travelling by Land, Water or Air","publisher":{"@id":"https:\/\/travel-network.co\/es\/#organization"},"potentialAction":[{"@type":"SearchAction","target":{"@type":"EntryPoint","urlTemplate":"https:\/\/travel-network.co\/es\/?s={search_term_string}"},"query-input":{"@type":"PropertyValueSpecification","valueRequired":true,"valueName":"search_term_string"}}],"inLanguage":"es"},{"@type":"Organization","@id":"https:\/\/travel-network.co\/es\/#organization","name":"Travel Network","url":"https:\/\/travel-network.co\/es\/","logo":{"@type":"ImageObject","inLanguage":"es","@id":"https:\/\/travel-network.co\/es\/#\/schema\/logo\/image\/","url":"https:\/\/travel-network.co\/wp-content\/uploads\/2015\/03\/google-logo.gif","contentUrl":"https:\/\/travel-network.co\/wp-content\/uploads\/2015\/03\/google-logo.gif","width":500,"height":500,"caption":"Travel Network"},"image":{"@id":"https:\/\/travel-network.co\/es\/#\/schema\/logo\/image\/"},"sameAs":["http:\/\/facebook.com\/travel.au","https:\/\/x.com\/travelnetworkau","https:\/\/instagram.com\/travelnetworkau\/","https:\/\/www.linkedin.com\/company\/3374753","https:\/\/www.pinterest.com\/travelnetwork\/","http:\/\/www.youtube.com\/user\/TravelNetworkAUS"]}]}},"_links":{"self":[{"href":"https:\/\/travel-network.co\/es\/wp-json\/wp\/v2\/pages\/27152","targetHints":{"allow":["GET"]}}],"collection":[{"href":"https:\/\/travel-network.co\/es\/wp-json\/wp\/v2\/pages"}],"about":[{"href":"https:\/\/travel-network.co\/es\/wp-json\/wp\/v2\/types\/page"}],"author":[{"embeddable":true,"href":"https:\/\/travel-network.co\/es\/wp-json\/wp\/v2\/users\/2"}],"replies":[{"embeddable":true,"href":"https:\/\/travel-network.co\/es\/wp-json\/wp\/v2\/comments?post=27152"}],"version-history":[{"count":0,"href":"https:\/\/travel-network.co\/es\/wp-json\/wp\/v2\/pages\/27152\/revisions"}],"wp:attachment":[{"href":"https:\/\/travel-network.co\/es\/wp-json\/wp\/v2\/media?parent=27152"}],"curies":[{"name":"wp","href":"https:\/\/api.w.org\/{rel}","templated":true}]}}