{"id":27177,"date":"2015-03-22T18:49:17","date_gmt":"2015-03-22T18:49:17","guid":{"rendered":"https:\/\/travel-network.co\/?page_id=27177"},"modified":"2020-08-25T22:42:47","modified_gmt":"2020-08-25T22:42:47","slug":"vuelos-de-ultima-hora","status":"publish","type":"page","link":"https:\/\/travel-network.co\/es\/vuelos-de-ultima-hora\/","title":{"rendered":"Vuelos de \u00faltima hora"},"content":{"rendered":"\n<p>A veces, puede encontrarse en una situaci\u00f3n en la que no tiene tiempo de reservar su vuelo con antelaci\u00f3n. Tanto si se trata de una emergencia familiar como de un viaje de negocios con poca antelaci\u00f3n, entonces puede que tenga que reservar vuelos de \u00faltima hora. Sin embargo, como ya sabr\u00e1, hay complicaciones que se presentan al reservar un vuelo en el \u00faltimo minuto y tendr\u00e1 que tenerlas en cuenta. Si sabe lo que puede esperar, puede reservar su viaje m\u00e1s f\u00e1cilmente.<br>Lo primero que tendr\u00e1 que tener en cuenta es que los vuelos de \u00faltimo minuto costar\u00e1n m\u00e1s. De hecho, pueden costar hasta el doble de lo que habr\u00eda pagado si hubiera podido reservar el vuelo con unas semanas de antelaci\u00f3n. Este gasto extra es s\u00f3lo algo con lo que tendr\u00e1s que lidiar y esperar. Si tiene una emergencia familiar, puede considerar llamar a la aerol\u00ednea para ver si de alguna manera se puede bajar algo de ese costo.<\/p>\n\n\n\n<p>Otra cosa que hay que considerar cuando se trata de vuelos de \u00faltima hora es que, a veces, se pueden reservar, especialmente si se necesita viajar durante la temporada alta. Es posible que tengas que ser m\u00e1s flexible en cuanto al tiempo que est\u00e1s dispuesto a volar. Si est\u00e1 m\u00e1s dispuesto a volar en medio de la noche o a otras horas extra\u00f1as, entonces podr\u00e1 encontrar un vuelo abierto m\u00e1s f\u00e1cilmente. Adem\u00e1s, tenga en cuenta que la espera es una opci\u00f3n. Si decide volar en espera para un vuelo completo, entonces tendr\u00e1 que llegar al aeropuerto y esperar. Su nombre se pondr\u00e1 en una lista y s\u00f3lo tendr\u00e1 que esperar y ver si hay un asiento disponible. Lo \u00fanico de la espera es que podr\u00edas pasar mucho tiempo esperando en el aeropuerto, y puede que ni siquiera consigas un billete en el vuelo que quer\u00edas.<\/p>\n\n\n\n<p>Los vuelos de \u00faltimo minuto pueden ser costosos. Eso es algo con lo que hay que lidiar cuando se trata de volar con poca antelaci\u00f3n. Sin embargo, hay veces en las que s\u00f3lo tienes que volar a \u00faltimo momento, ya sea para una reuni\u00f3n de negocios con poca antelaci\u00f3n, una emergencia familiar o alguna otra situaci\u00f3n. Hay formas de hacer que un vuelo de \u00faltimo minuto sea m\u00e1s f\u00e1cil. Sea flexible en cuanto a cu\u00e1ndo est\u00e1 dispuesto a volar y considere la opci\u00f3n de volar en espera y no deber\u00eda tener problemas para conseguir el vuelo que necesita.<\/p>\n","protected":false},"excerpt":{"rendered":"<p>A veces, puede encontrarse en una situaci\u00f3n en la que no tiene tiempo de reservar su vuelo con antelaci\u00f3n. Tanto [&hellip;]<\/p>\n","protected":false},"author":2,"featured_media":0,"parent":0,"menu_order":0,"comment_status":"closed","ping_status":"closed","template":"","meta":{"footnotes":""},"class_list":["post-27177","page","type-page","status-publish","hentry"],"yoast_head":"<!-- This site is optimized with the Yoast SEO plugin v27.4 - https:\/\/yoast.com\/product\/yoast-seo-wordpress\/ -->\n<title>Vuelos de \u00faltima hora - Travel Network<\/title>\n<meta name=\"robots\" content=\"index, follow, max-snippet:-1, max-image-preview:large, max-video-preview:-1\" \/>\n<link rel=\"canonical\" href=\"https:\/\/travel-network.co\/es\/vuelos-de-ultima-hora\/\" \/>\n<meta property=\"og:locale\" content=\"es_ES\" \/>\n<meta property=\"og:type\" content=\"article\" \/>\n<meta property=\"og:title\" content=\"Vuelos de \u00faltima hora - Travel Network\" \/>\n<meta property=\"og:description\" content=\"A veces, puede encontrarse en una situaci\u00f3n en la que no tiene tiempo de reservar su vuelo con antelaci\u00f3n. Tanto [&hellip;]\" \/>\n<meta property=\"og:url\" content=\"https:\/\/travel-network.co\/es\/vuelos-de-ultima-hora\/\" \/>\n<meta property=\"og:site_name\" content=\"Travel Network\" \/>\n<meta property=\"article:publisher\" content=\"http:\/\/facebook.com\/travel.au\" \/>\n<meta property=\"article:modified_time\" content=\"2020-08-25T22:42:47+00:00\" \/>\n<meta property=\"og:image\" content=\"https:\/\/travel-network.co\/wp-content\/uploads\/2015\/03\/google-logo.gif\" \/>\n\t<meta property=\"og:image:width\" content=\"500\" \/>\n\t<meta property=\"og:image:height\" content=\"500\" \/>\n\t<meta property=\"og:image:type\" content=\"image\/gif\" \/>\n<meta name=\"twitter:card\" content=\"summary_large_image\" \/>\n<meta name=\"twitter:site\" content=\"@travelnetworkau\" \/>\n<meta name=\"twitter:label1\" content=\"Tiempo de lectura\" \/>\n\t<meta name=\"twitter:data1\" content=\"2 minutos\" \/>\n<script type=\"application\/ld+json\" class=\"yoast-schema-graph\">{\"@context\":\"https:\\\/\\\/schema.org\",\"@graph\":[{\"@type\":\"WebPage\",\"@id\":\"https:\\\/\\\/travel-network.co\\\/es\\\/vuelos-de-ultima-hora\\\/\",\"url\":\"https:\\\/\\\/travel-network.co\\\/es\\\/vuelos-de-ultima-hora\\\/\",\"name\":\"Vuelos de \u00faltima hora - Travel Network\",\"isPartOf\":{\"@id\":\"https:\\\/\\\/travel-network.co\\\/es\\\/#website\"},\"datePublished\":\"2015-03-22T18:49:17+00:00\",\"dateModified\":\"2020-08-25T22:42:47+00:00\",\"breadcrumb\":{\"@id\":\"https:\\\/\\\/travel-network.co\\\/es\\\/vuelos-de-ultima-hora\\\/#breadcrumb\"},\"inLanguage\":\"es\",\"potentialAction\":[{\"@type\":\"ReadAction\",\"target\":[\"https:\\\/\\\/travel-network.co\\\/es\\\/vuelos-de-ultima-hora\\\/\"]}]},{\"@type\":\"BreadcrumbList\",\"@id\":\"https:\\\/\\\/travel-network.co\\\/es\\\/vuelos-de-ultima-hora\\\/#breadcrumb\",\"itemListElement\":[{\"@type\":\"ListItem\",\"position\":1,\"name\":\"Home\",\"item\":\"https:\\\/\\\/travel-network.co\\\/es\\\/\"},{\"@type\":\"ListItem\",\"position\":2,\"name\":\"Vuelos de \u00faltima hora\"}]},{\"@type\":\"WebSite\",\"@id\":\"https:\\\/\\\/travel-network.co\\\/es\\\/#website\",\"url\":\"https:\\\/\\\/travel-network.co\\\/es\\\/\",\"name\":\"Travel Network\",\"description\":\"Travel advice, reviews, news and deals no matter if you are travelling by Land, Water or Air\",\"publisher\":{\"@id\":\"https:\\\/\\\/travel-network.co\\\/es\\\/#organization\"},\"potentialAction\":[{\"@type\":\"SearchAction\",\"target\":{\"@type\":\"EntryPoint\",\"urlTemplate\":\"https:\\\/\\\/travel-network.co\\\/es\\\/?s={search_term_string}\"},\"query-input\":{\"@type\":\"PropertyValueSpecification\",\"valueRequired\":true,\"valueName\":\"search_term_string\"}}],\"inLanguage\":\"es\"},{\"@type\":\"Organization\",\"@id\":\"https:\\\/\\\/travel-network.co\\\/es\\\/#organization\",\"name\":\"Travel Network\",\"url\":\"https:\\\/\\\/travel-network.co\\\/es\\\/\",\"logo\":{\"@type\":\"ImageObject\",\"inLanguage\":\"es\",\"@id\":\"https:\\\/\\\/travel-network.co\\\/es\\\/#\\\/schema\\\/logo\\\/image\\\/\",\"url\":\"https:\\\/\\\/travel-network.co\\\/wp-content\\\/uploads\\\/2015\\\/03\\\/google-logo.gif\",\"contentUrl\":\"https:\\\/\\\/travel-network.co\\\/wp-content\\\/uploads\\\/2015\\\/03\\\/google-logo.gif\",\"width\":500,\"height\":500,\"caption\":\"Travel Network\"},\"image\":{\"@id\":\"https:\\\/\\\/travel-network.co\\\/es\\\/#\\\/schema\\\/logo\\\/image\\\/\"},\"sameAs\":[\"http:\\\/\\\/facebook.com\\\/travel.au\",\"https:\\\/\\\/x.com\\\/travelnetworkau\",\"https:\\\/\\\/instagram.com\\\/travelnetworkau\\\/\",\"https:\\\/\\\/www.linkedin.com\\\/company\\\/3374753\",\"https:\\\/\\\/www.pinterest.com\\\/travelnetwork\\\/\",\"http:\\\/\\\/www.youtube.com\\\/user\\\/TravelNetworkAUS\"]}]}<\/script>\n<!-- \/ Yoast SEO plugin. -->","yoast_head_json":{"title":"Vuelos de \u00faltima hora - Travel Network","robots":{"index":"index","follow":"follow","max-snippet":"max-snippet:-1","max-image-preview":"max-image-preview:large","max-video-preview":"max-video-preview:-1"},"canonical":"https:\/\/travel-network.co\/es\/vuelos-de-ultima-hora\/","og_locale":"es_ES","og_type":"article","og_title":"Vuelos de \u00faltima hora - Travel Network","og_description":"A veces, puede encontrarse en una situaci\u00f3n en la que no tiene tiempo de reservar su vuelo con antelaci\u00f3n. Tanto [&hellip;]","og_url":"https:\/\/travel-network.co\/es\/vuelos-de-ultima-hora\/","og_site_name":"Travel Network","article_publisher":"http:\/\/facebook.com\/travel.au","article_modified_time":"2020-08-25T22:42:47+00:00","og_image":[{"width":500,"height":500,"url":"https:\/\/travel-network.co\/wp-content\/uploads\/2015\/03\/google-logo.gif","type":"image\/gif"}],"twitter_card":"summary_large_image","twitter_site":"@travelnetworkau","twitter_misc":{"Tiempo de lectura":"2 minutos"},"schema":{"@context":"https:\/\/schema.org","@graph":[{"@type":"WebPage","@id":"https:\/\/travel-network.co\/es\/vuelos-de-ultima-hora\/","url":"https:\/\/travel-network.co\/es\/vuelos-de-ultima-hora\/","name":"Vuelos de \u00faltima hora - Travel Network","isPartOf":{"@id":"https:\/\/travel-network.co\/es\/#website"},"datePublished":"2015-03-22T18:49:17+00:00","dateModified":"2020-08-25T22:42:47+00:00","breadcrumb":{"@id":"https:\/\/travel-network.co\/es\/vuelos-de-ultima-hora\/#breadcrumb"},"inLanguage":"es","potentialAction":[{"@type":"ReadAction","target":["https:\/\/travel-network.co\/es\/vuelos-de-ultima-hora\/"]}]},{"@type":"BreadcrumbList","@id":"https:\/\/travel-network.co\/es\/vuelos-de-ultima-hora\/#breadcrumb","itemListElement":[{"@type":"ListItem","position":1,"name":"Home","item":"https:\/\/travel-network.co\/es\/"},{"@type":"ListItem","position":2,"name":"Vuelos de \u00faltima hora"}]},{"@type":"WebSite","@id":"https:\/\/travel-network.co\/es\/#website","url":"https:\/\/travel-network.co\/es\/","name":"Travel Network","description":"Travel advice, reviews, news and deals no matter if you are travelling by Land, Water or Air","publisher":{"@id":"https:\/\/travel-network.co\/es\/#organization"},"potentialAction":[{"@type":"SearchAction","target":{"@type":"EntryPoint","urlTemplate":"https:\/\/travel-network.co\/es\/?s={search_term_string}"},"query-input":{"@type":"PropertyValueSpecification","valueRequired":true,"valueName":"search_term_string"}}],"inLanguage":"es"},{"@type":"Organization","@id":"https:\/\/travel-network.co\/es\/#organization","name":"Travel Network","url":"https:\/\/travel-network.co\/es\/","logo":{"@type":"ImageObject","inLanguage":"es","@id":"https:\/\/travel-network.co\/es\/#\/schema\/logo\/image\/","url":"https:\/\/travel-network.co\/wp-content\/uploads\/2015\/03\/google-logo.gif","contentUrl":"https:\/\/travel-network.co\/wp-content\/uploads\/2015\/03\/google-logo.gif","width":500,"height":500,"caption":"Travel Network"},"image":{"@id":"https:\/\/travel-network.co\/es\/#\/schema\/logo\/image\/"},"sameAs":["http:\/\/facebook.com\/travel.au","https:\/\/x.com\/travelnetworkau","https:\/\/instagram.com\/travelnetworkau\/","https:\/\/www.linkedin.com\/company\/3374753","https:\/\/www.pinterest.com\/travelnetwork\/","http:\/\/www.youtube.com\/user\/TravelNetworkAUS"]}]}},"_links":{"self":[{"href":"https:\/\/travel-network.co\/es\/wp-json\/wp\/v2\/pages\/27177","targetHints":{"allow":["GET"]}}],"collection":[{"href":"https:\/\/travel-network.co\/es\/wp-json\/wp\/v2\/pages"}],"about":[{"href":"https:\/\/travel-network.co\/es\/wp-json\/wp\/v2\/types\/page"}],"author":[{"embeddable":true,"href":"https:\/\/travel-network.co\/es\/wp-json\/wp\/v2\/users\/2"}],"replies":[{"embeddable":true,"href":"https:\/\/travel-network.co\/es\/wp-json\/wp\/v2\/comments?post=27177"}],"version-history":[{"count":0,"href":"https:\/\/travel-network.co\/es\/wp-json\/wp\/v2\/pages\/27177\/revisions"}],"wp:attachment":[{"href":"https:\/\/travel-network.co\/es\/wp-json\/wp\/v2\/media?parent=27177"}],"curies":[{"name":"wp","href":"https:\/\/api.w.org\/{rel}","templated":true}]}}