{"id":19857,"date":"2020-02-12T12:26:43","date_gmt":"2020-02-12T12:26:43","guid":{"rendered":"https:\/\/travel-network.co\/?page_id=19857"},"modified":"2020-02-12T12:26:45","modified_gmt":"2020-02-12T12:26:45","slug":"vols-detudiants","status":"publish","type":"page","link":"https:\/\/travel-network.co\/fr\/vols-detudiants\/","title":{"rendered":"Vols d&rsquo;\u00e9tudiants"},"content":{"rendered":"\n<p>De nombreux \u00e9tudiants choisissent de prendre l&rsquo;avion simplement parce qu&rsquo;il offre de nombreuses possibilit\u00e9s d&rsquo;\u00e9ducation. Voyager pendant les vacances scolaires est un excellent moyen d&rsquo;en apprendre davantage sur le monde, la culture, l&rsquo;art, l&rsquo;histoire et bien d&rsquo;autres choses encore. Cependant, tr\u00e8s peu d&rsquo;\u00e9tudiants ont les moyens de payer un vol de leur poche. C&rsquo;est pourquoi certains \u00e9tudiants n&rsquo;ont jamais l&rsquo;occasion de voyager quand ils le souhaitent. Si vous souhaitez partir en vacances scolaires, vous devrez commencer par des vols \u00e9tudiants. Bien qu&rsquo;ils puissent \u00eatre extr\u00eamement co\u00fbteux, il existe des moyens d&rsquo;\u00e9conomiser de l&rsquo;argent afin de rendre le voyage plus abordable. Voici quelques conseils pour vous permettre de trouver des vols \u00e9tudiants, de faire des \u00e9conomies et de profiter de votre voyage.<\/p>\n\n\n\n<p>Vols subventionn\u00e9s<br>\nLa premi\u00e8re chose que vous devez savoir est que si vous voyagez pour une quelconque exp\u00e9rience d&rsquo;apprentissage, vous pourriez obtenir une subvention pour tout ou partie de vos vols \u00e9tudiants. L&rsquo;un des endroits que vous devriez rechercher serait votre \u00e9tablissement d&rsquo;enseignement. De nombreux \u00e9tablissements d&rsquo;enseignement sup\u00e9rieur et institutions paieront la plupart des vols \u00e9tudiants tant qu&rsquo;ils feront partie d&rsquo;un programme d&rsquo;\u00e9tudes. Pour en profiter, il se peut que vous deviez suivre certains programmes d&rsquo;apprentissage ou que vous deviez y aller en groupe. Toutefois, c&rsquo;est un excellent moyen d&rsquo;obtenir des vols \u00e9tudiants pour peu ou pas cher.<\/p>\n\n\n\n<p>R\u00e9servation de vos vols \u00e9tudiants<br>\nLorsque vous r\u00e9servez vos vols \u00e9tudiants, vous devez tenir compte de certains \u00e9l\u00e9ments. Par exemple, certaines compagnies a\u00e9riennes proposent des tarifs r\u00e9duits si vous voyagez en tant qu&rsquo;\u00e9tudiant. Vous devrez examiner les diff\u00e9rentes possibilit\u00e9s avant de r\u00e9server votre vol. Vous devrez peut-\u00eatre vous renseigner sur les diff\u00e9rentes compagnies a\u00e9riennes avant d&rsquo;en choisir une. En outre, n&rsquo;oubliez pas que les vols internationaux sont soumis \u00e0 des r\u00e8gles tr\u00e8s diff\u00e9rentes en ce qui concerne les voyages, la s\u00e9curit\u00e9 et les bagages. Vous devrez comprendre toutes ces r\u00e8gles avant de partir en voyage \u00e9tudiant.<\/p>\n\n\n\n<p>Obtenir une carte d&rsquo;identit\u00e9 internationale pour \u00e9tudiant<br>\nIl existe une excellente option qui peut vous faire \u00e9conomiser de l&rsquo;argent et vous donner acc\u00e8s \u00e0 de nombreuses choses lorsque vous sortez du pays en tant qu&rsquo;\u00e9tudiant. Il s&rsquo;agit de la carte d&rsquo;identit\u00e9 internationale pour \u00e9tudiants. Vous devrez payer des frais pour cette carte, mais elle sera valable dans de nombreux pays diff\u00e9rents que vous pourrez choisir de visiter. Cette carte vous donnera droit \u00e0 des r\u00e9ductions sur de nombreuses choses comme les foyers d&rsquo;\u00e9tudiants, les billets de mus\u00e9es et d&rsquo;\u00e9v\u00e9nements, les sites culturels et bien d&rsquo;autres choses encore. Vous pouvez m\u00eame \u00e9conomiser de l&rsquo;argent sur les vols \u00e9tudiants gr\u00e2ce \u00e0 cette carte. Si vous voyagez \u00e0 l&rsquo;\u00e9tranger, vous devrez certainement envisager de payer la petite taxe.<\/p>\n\n\n\n<p>Les vols \u00e9tudiants peuvent \u00eatre quelque chose que beaucoup de jeunes pensent \u00eatre hors de port\u00e9e pour la simple raison du co\u00fbt. M\u00eame les tarifs r\u00e9duits que de nombreuses compagnies a\u00e9riennes proposent aux \u00e9tudiants peuvent \u00eatre extr\u00eamement chers. Cependant, il existe des moyens de payer votre vol ou d&rsquo;en faire payer une partie pour que vous puissiez profiter d&rsquo;un voyage inoubliable. N&rsquo;oubliez pas d&rsquo;envisager des r\u00e9ductions et des subventions qui peuvent vous aider.<\/p>\n","protected":false},"excerpt":{"rendered":"<p>De nombreux \u00e9tudiants choisissent de prendre l&rsquo;avion simplement parce qu&rsquo;il offre de nombreuses possibilit\u00e9s d&rsquo;\u00e9ducation. Voyager pendant les vacances scolaires [&hellip;]<\/p>\n","protected":false},"author":2,"featured_media":0,"parent":0,"menu_order":0,"comment_status":"closed","ping_status":"closed","template":"","meta":{"footnotes":""},"class_list":["post-19857","page","type-page","status-publish","hentry"],"yoast_head":"<!-- This site is optimized with the Yoast SEO plugin v27.3 - https:\/\/yoast.com\/product\/yoast-seo-wordpress\/ -->\n<title>Vols d&#039;\u00e9tudiants - Travel Network<\/title>\n<meta name=\"robots\" content=\"index, follow, max-snippet:-1, max-image-preview:large, max-video-preview:-1\" \/>\n<link rel=\"canonical\" href=\"https:\/\/travel-network.co\/fr\/vols-detudiants\/\" \/>\n<meta property=\"og:locale\" content=\"fr_FR\" \/>\n<meta property=\"og:type\" content=\"article\" \/>\n<meta property=\"og:title\" content=\"Vols d&#039;\u00e9tudiants - Travel Network\" \/>\n<meta property=\"og:description\" content=\"De nombreux \u00e9tudiants choisissent de prendre l&rsquo;avion simplement parce qu&rsquo;il offre de nombreuses possibilit\u00e9s d&rsquo;\u00e9ducation. Voyager pendant les vacances scolaires [&hellip;]\" \/>\n<meta property=\"og:url\" content=\"https:\/\/travel-network.co\/fr\/vols-detudiants\/\" \/>\n<meta property=\"og:site_name\" content=\"Travel Network\" \/>\n<meta property=\"article:publisher\" content=\"http:\/\/facebook.com\/travel.au\" \/>\n<meta property=\"article:modified_time\" content=\"2020-02-12T12:26:45+00:00\" \/>\n<meta property=\"og:image\" content=\"https:\/\/travel-network.co\/wp-content\/uploads\/2015\/03\/google-logo.gif\" \/>\n\t<meta property=\"og:image:width\" content=\"500\" \/>\n\t<meta property=\"og:image:height\" content=\"500\" \/>\n\t<meta property=\"og:image:type\" content=\"image\/gif\" \/>\n<meta name=\"twitter:card\" content=\"summary_large_image\" \/>\n<meta name=\"twitter:site\" content=\"@travelnetworkau\" \/>\n<meta name=\"twitter:label1\" content=\"Dur\u00e9e de lecture estim\u00e9e\" \/>\n\t<meta name=\"twitter:data1\" content=\"3 minutes\" \/>\n<script type=\"application\/ld+json\" class=\"yoast-schema-graph\">{\"@context\":\"https:\\\/\\\/schema.org\",\"@graph\":[{\"@type\":\"WebPage\",\"@id\":\"https:\\\/\\\/travel-network.co\\\/fr\\\/vols-detudiants\\\/\",\"url\":\"https:\\\/\\\/travel-network.co\\\/fr\\\/vols-detudiants\\\/\",\"name\":\"Vols d'\u00e9tudiants - Travel Network\",\"isPartOf\":{\"@id\":\"https:\\\/\\\/travel-network.co\\\/fr\\\/#website\"},\"datePublished\":\"2020-02-12T12:26:43+00:00\",\"dateModified\":\"2020-02-12T12:26:45+00:00\",\"breadcrumb\":{\"@id\":\"https:\\\/\\\/travel-network.co\\\/fr\\\/vols-detudiants\\\/#breadcrumb\"},\"inLanguage\":\"fr-FR\",\"potentialAction\":[{\"@type\":\"ReadAction\",\"target\":[\"https:\\\/\\\/travel-network.co\\\/fr\\\/vols-detudiants\\\/\"]}]},{\"@type\":\"BreadcrumbList\",\"@id\":\"https:\\\/\\\/travel-network.co\\\/fr\\\/vols-detudiants\\\/#breadcrumb\",\"itemListElement\":[{\"@type\":\"ListItem\",\"position\":1,\"name\":\"Home\",\"item\":\"https:\\\/\\\/travel-network.co\\\/fr\\\/\"},{\"@type\":\"ListItem\",\"position\":2,\"name\":\"Vols d&rsquo;\u00e9tudiants\"}]},{\"@type\":\"WebSite\",\"@id\":\"https:\\\/\\\/travel-network.co\\\/fr\\\/#website\",\"url\":\"https:\\\/\\\/travel-network.co\\\/fr\\\/\",\"name\":\"Travel Network\",\"description\":\"Travel advice, reviews, news and deals no matter if you are travelling by Land, Water or Air\",\"publisher\":{\"@id\":\"https:\\\/\\\/travel-network.co\\\/fr\\\/#organization\"},\"potentialAction\":[{\"@type\":\"SearchAction\",\"target\":{\"@type\":\"EntryPoint\",\"urlTemplate\":\"https:\\\/\\\/travel-network.co\\\/fr\\\/?s={search_term_string}\"},\"query-input\":{\"@type\":\"PropertyValueSpecification\",\"valueRequired\":true,\"valueName\":\"search_term_string\"}}],\"inLanguage\":\"fr-FR\"},{\"@type\":\"Organization\",\"@id\":\"https:\\\/\\\/travel-network.co\\\/fr\\\/#organization\",\"name\":\"Travel Network\",\"url\":\"https:\\\/\\\/travel-network.co\\\/fr\\\/\",\"logo\":{\"@type\":\"ImageObject\",\"inLanguage\":\"fr-FR\",\"@id\":\"https:\\\/\\\/travel-network.co\\\/fr\\\/#\\\/schema\\\/logo\\\/image\\\/\",\"url\":\"https:\\\/\\\/travel-network.co\\\/wp-content\\\/uploads\\\/2015\\\/03\\\/google-logo.gif\",\"contentUrl\":\"https:\\\/\\\/travel-network.co\\\/wp-content\\\/uploads\\\/2015\\\/03\\\/google-logo.gif\",\"width\":500,\"height\":500,\"caption\":\"Travel Network\"},\"image\":{\"@id\":\"https:\\\/\\\/travel-network.co\\\/fr\\\/#\\\/schema\\\/logo\\\/image\\\/\"},\"sameAs\":[\"http:\\\/\\\/facebook.com\\\/travel.au\",\"https:\\\/\\\/x.com\\\/travelnetworkau\",\"https:\\\/\\\/instagram.com\\\/travelnetworkau\\\/\",\"https:\\\/\\\/www.linkedin.com\\\/company\\\/3374753\",\"https:\\\/\\\/www.pinterest.com\\\/travelnetwork\\\/\",\"http:\\\/\\\/www.youtube.com\\\/user\\\/TravelNetworkAUS\"]}]}<\/script>\n<!-- \/ Yoast SEO plugin. -->","yoast_head_json":{"title":"Vols d'\u00e9tudiants - Travel Network","robots":{"index":"index","follow":"follow","max-snippet":"max-snippet:-1","max-image-preview":"max-image-preview:large","max-video-preview":"max-video-preview:-1"},"canonical":"https:\/\/travel-network.co\/fr\/vols-detudiants\/","og_locale":"fr_FR","og_type":"article","og_title":"Vols d'\u00e9tudiants - Travel Network","og_description":"De nombreux \u00e9tudiants choisissent de prendre l&rsquo;avion simplement parce qu&rsquo;il offre de nombreuses possibilit\u00e9s d&rsquo;\u00e9ducation. Voyager pendant les vacances scolaires [&hellip;]","og_url":"https:\/\/travel-network.co\/fr\/vols-detudiants\/","og_site_name":"Travel Network","article_publisher":"http:\/\/facebook.com\/travel.au","article_modified_time":"2020-02-12T12:26:45+00:00","og_image":[{"width":500,"height":500,"url":"https:\/\/travel-network.co\/wp-content\/uploads\/2015\/03\/google-logo.gif","type":"image\/gif"}],"twitter_card":"summary_large_image","twitter_site":"@travelnetworkau","twitter_misc":{"Dur\u00e9e de lecture estim\u00e9e":"3 minutes"},"schema":{"@context":"https:\/\/schema.org","@graph":[{"@type":"WebPage","@id":"https:\/\/travel-network.co\/fr\/vols-detudiants\/","url":"https:\/\/travel-network.co\/fr\/vols-detudiants\/","name":"Vols d'\u00e9tudiants - Travel Network","isPartOf":{"@id":"https:\/\/travel-network.co\/fr\/#website"},"datePublished":"2020-02-12T12:26:43+00:00","dateModified":"2020-02-12T12:26:45+00:00","breadcrumb":{"@id":"https:\/\/travel-network.co\/fr\/vols-detudiants\/#breadcrumb"},"inLanguage":"fr-FR","potentialAction":[{"@type":"ReadAction","target":["https:\/\/travel-network.co\/fr\/vols-detudiants\/"]}]},{"@type":"BreadcrumbList","@id":"https:\/\/travel-network.co\/fr\/vols-detudiants\/#breadcrumb","itemListElement":[{"@type":"ListItem","position":1,"name":"Home","item":"https:\/\/travel-network.co\/fr\/"},{"@type":"ListItem","position":2,"name":"Vols d&rsquo;\u00e9tudiants"}]},{"@type":"WebSite","@id":"https:\/\/travel-network.co\/fr\/#website","url":"https:\/\/travel-network.co\/fr\/","name":"Travel Network","description":"Travel advice, reviews, news and deals no matter if you are travelling by Land, Water or Air","publisher":{"@id":"https:\/\/travel-network.co\/fr\/#organization"},"potentialAction":[{"@type":"SearchAction","target":{"@type":"EntryPoint","urlTemplate":"https:\/\/travel-network.co\/fr\/?s={search_term_string}"},"query-input":{"@type":"PropertyValueSpecification","valueRequired":true,"valueName":"search_term_string"}}],"inLanguage":"fr-FR"},{"@type":"Organization","@id":"https:\/\/travel-network.co\/fr\/#organization","name":"Travel Network","url":"https:\/\/travel-network.co\/fr\/","logo":{"@type":"ImageObject","inLanguage":"fr-FR","@id":"https:\/\/travel-network.co\/fr\/#\/schema\/logo\/image\/","url":"https:\/\/travel-network.co\/wp-content\/uploads\/2015\/03\/google-logo.gif","contentUrl":"https:\/\/travel-network.co\/wp-content\/uploads\/2015\/03\/google-logo.gif","width":500,"height":500,"caption":"Travel Network"},"image":{"@id":"https:\/\/travel-network.co\/fr\/#\/schema\/logo\/image\/"},"sameAs":["http:\/\/facebook.com\/travel.au","https:\/\/x.com\/travelnetworkau","https:\/\/instagram.com\/travelnetworkau\/","https:\/\/www.linkedin.com\/company\/3374753","https:\/\/www.pinterest.com\/travelnetwork\/","http:\/\/www.youtube.com\/user\/TravelNetworkAUS"]}]}},"_links":{"self":[{"href":"https:\/\/travel-network.co\/fr\/wp-json\/wp\/v2\/pages\/19857","targetHints":{"allow":["GET"]}}],"collection":[{"href":"https:\/\/travel-network.co\/fr\/wp-json\/wp\/v2\/pages"}],"about":[{"href":"https:\/\/travel-network.co\/fr\/wp-json\/wp\/v2\/types\/page"}],"author":[{"embeddable":true,"href":"https:\/\/travel-network.co\/fr\/wp-json\/wp\/v2\/users\/2"}],"replies":[{"embeddable":true,"href":"https:\/\/travel-network.co\/fr\/wp-json\/wp\/v2\/comments?post=19857"}],"version-history":[{"count":0,"href":"https:\/\/travel-network.co\/fr\/wp-json\/wp\/v2\/pages\/19857\/revisions"}],"wp:attachment":[{"href":"https:\/\/travel-network.co\/fr\/wp-json\/wp\/v2\/media?parent=19857"}],"curies":[{"name":"wp","href":"https:\/\/api.w.org\/{rel}","templated":true}]}}