{"id":19859,"date":"2015-03-22T18:55:25","date_gmt":"2015-03-22T18:55:25","guid":{"rendered":"https:\/\/travel-network.co\/?page_id=19859"},"modified":"2020-02-12T12:26:43","modified_gmt":"2020-02-12T12:26:43","slug":"vols","status":"publish","type":"page","link":"https:\/\/travel-network.co\/fr\/vols-detudiants\/vols\/","title":{"rendered":"Vols"},"content":{"rendered":"\n<p>Beaucoup de gens font une erreur lorsqu&rsquo;ils prennent l&rsquo;avion. Ils pensent qu&rsquo;ils ne peuvent choisir qu&rsquo;une seule compagnie a\u00e9rienne, et c&rsquo;est tout simplement faux. En fait, lorsque vous voyagez, vous avez le choix entre plusieurs compagnies a\u00e9riennes, et il y a beaucoup de choses sur lesquelles vous devriez vous baser pour faire ce choix. Si vous faites un choix judicieux, vous pouvez vous assurer de faire le meilleur voyage pour le co\u00fbt que vous pouvez g\u00e9rer. Voici quelques-unes des consid\u00e9rations que vous devez prendre en compte lorsque vous r\u00e9servez votre vol et que vous choisissez votre compagnie a\u00e9rienne.<br>\nCommencez par r\u00e9fl\u00e9chir \u00e0 votre destination. Si vous prenez un vol int\u00e9rieur, vous aurez alors un choix beaucoup plus vaste de compagnies a\u00e9riennes, car presque toutes proposent de nombreux vols int\u00e9rieurs dans la journ\u00e9e. Si vous voyagez \u00e0 l&rsquo;\u00e9tranger, vous aurez peut-\u00eatre moins d&rsquo;options, mais vous aurez toujours le choix entre plusieurs compagnies a\u00e9riennes afin de pouvoir choisir la bonne.<br>\nLa prochaine chose que vous devrez prendre en consid\u00e9ration sera le co\u00fbt. De nombreuses compagnies a\u00e9riennes facturent des montants diff\u00e9rents pour les billets d&rsquo;avion, et lorsque vous choisirez votre compagnie, vous voudrez certainement vous assurer de prendre en compte ce tarif. De plus, les compagnies a\u00e9riennes facturent des frais diff\u00e9rents pour les bagages, alors assurez-vous de les prendre en compte \u00e9galement. Votre choix de compagnie a\u00e9rienne peut vous faire \u00e9conomiser plus d&rsquo;argent que vous ne le pensez.<\/p>\n\n\n\n<p>Enfin, tenez compte de la r\u00e9putation des compagnies a\u00e9riennes elles-m\u00eames. Gardez \u00e0 l&rsquo;esprit que les diff\u00e9rentes compagnies offrent des options diff\u00e9rentes en ce qui concerne les divertissements et les repas \u00e0 bord. Lorsque vous choisissez une compagnie a\u00e9rienne, tenez compte de la r\u00e9putation qu&rsquo;elle offre \u00e0 ses passagers. Certaines choses peuvent \u00eatre plus importantes pour vous que d&rsquo;autres, et vous voudrez vous assurer que votre vol est aussi confortable que possible.<\/p>\n\n\n\n<p>Lorsque vous voyagez, gardez toujours \u00e0 l&rsquo;esprit que vous avez le choix entre plusieurs compagnies a\u00e9riennes. Vous n&rsquo;\u00eates pas limit\u00e9 \u00e0 une ou deux compagnies. Il existe des dizaines de compagnies a\u00e9riennes au d\u00e9part des a\u00e9roports australiens qui vous permettront de voyager \u00e0 la fois sur le territoire national et \u00e0 l&rsquo;\u00e9tranger. Il vous suffit de r\u00e9fl\u00e9chir \u00e0 l&rsquo;endroit o\u00f9 vous voulez aller, au montant que vous voulez d\u00e9penser et \u00e0 ce qui compte pour vous pendant le vol. Ensuite, vous pourrez facilement choisir la compagnie a\u00e9rienne qui vous convient le mieux pour votre voyage. Que vous voyagiez pour affaires ou pour le plaisir, votre choix de compagnie a\u00e9rienne peut \u00eatre tr\u00e8s important. Si vous faites le bon choix, vous pouvez \u00e9conomiser de l&rsquo;argent et faire un meilleur voyage.<\/p>\n\n\n\n<p>Compagnies a\u00e9riennes les plus populaires<\/p>\n\n\n\n<p> <a href=\"http:\/\/travel-network.co\/flights\/air-asia\">Air Asia<\/a><br><a href=\"http:\/\/travel-network.co\/flights\/air-new-zealand\">Air New Zealand<\/a><br><a href=\"http:\/\/travel-network.co\/flights\/american-airlines\">American Airlines<\/a><br><a href=\"http:\/\/travel-network.co\/flights\/british-airways\">British Airways<\/a><br><a href=\"http:\/\/travel-network.co\/flights\/cathay-pacific\">Cathay Pacific<\/a><br><a href=\"http:\/\/travel-network.co\/flights\/china-airlines\">China Airlines<\/a><br><a href=\"http:\/\/travel-network.co\/flights\/emirates\">Emirates<\/a><br><a href=\"http:\/\/travel-network.co\/flights\/etihad-airways\">Etihad Airways<\/a><br><a href=\"http:\/\/travel-network.co\/flights\/japan-airlines\">Japan Airlines<\/a><br><a href=\"http:\/\/travel-network.co\/flights\/jetstar\">Jetstar<\/a><br><a href=\"http:\/\/travel-network.co\/flights\/malaysia-airlines\">Malaysia Airlines<\/a><br><a href=\"http:\/\/travel-network.co\/flights\/qantas\">Qantas<\/a><br><a href=\"http:\/\/travel-network.co\/flights\/qatar-airways\">Qatar Airways<\/a><br><a href=\"http:\/\/travel-network.co\/flights\/royal-brunei\">Royal Brunei<\/a><br><a href=\"http:\/\/travel-network.co\/flights\/singapore-airlines\">Singapore Airlines<\/a><br><a href=\"http:\/\/travel-network.co\/flights\/thai-airways\">Thai Airways<\/a><br><a href=\"http:\/\/travel-network.co\/flights\/tiger-airways\">Tiger Airways<\/a><br><a href=\"http:\/\/travel-network.co\/flights\/virgin-australia\">Virgin Australia<\/a> <\/p>\n","protected":false},"excerpt":{"rendered":"<p>Beaucoup de gens font une erreur lorsqu&rsquo;ils prennent l&rsquo;avion. Ils pensent qu&rsquo;ils ne peuvent choisir qu&rsquo;une seule compagnie a\u00e9rienne, et [&hellip;]<\/p>\n","protected":false},"author":2,"featured_media":0,"parent":19857,"menu_order":0,"comment_status":"closed","ping_status":"closed","template":"","meta":{"footnotes":""},"class_list":["post-19859","page","type-page","status-publish","hentry"],"yoast_head":"<!-- This site is optimized with the Yoast SEO plugin v27.3 - https:\/\/yoast.com\/product\/yoast-seo-wordpress\/ -->\n<title>Vols - Travel Network<\/title>\n<meta name=\"robots\" content=\"index, follow, max-snippet:-1, max-image-preview:large, max-video-preview:-1\" \/>\n<link rel=\"canonical\" href=\"https:\/\/travel-network.co\/fr\/vols-detudiants\/vols\/\" \/>\n<meta property=\"og:locale\" content=\"fr_FR\" \/>\n<meta property=\"og:type\" content=\"article\" \/>\n<meta property=\"og:title\" content=\"Vols - Travel Network\" \/>\n<meta property=\"og:description\" content=\"Beaucoup de gens font une erreur lorsqu&rsquo;ils prennent l&rsquo;avion. Ils pensent qu&rsquo;ils ne peuvent choisir qu&rsquo;une seule compagnie a\u00e9rienne, et [&hellip;]\" \/>\n<meta property=\"og:url\" content=\"https:\/\/travel-network.co\/fr\/vols-detudiants\/vols\/\" \/>\n<meta property=\"og:site_name\" content=\"Travel Network\" \/>\n<meta property=\"article:publisher\" content=\"http:\/\/facebook.com\/travel.au\" \/>\n<meta property=\"article:modified_time\" content=\"2020-02-12T12:26:43+00:00\" \/>\n<meta property=\"og:image\" content=\"https:\/\/travel-network.co\/wp-content\/uploads\/2015\/03\/google-logo.gif\" \/>\n\t<meta property=\"og:image:width\" content=\"500\" \/>\n\t<meta property=\"og:image:height\" content=\"500\" \/>\n\t<meta property=\"og:image:type\" content=\"image\/gif\" \/>\n<meta name=\"twitter:card\" content=\"summary_large_image\" \/>\n<meta name=\"twitter:site\" content=\"@travelnetworkau\" \/>\n<meta name=\"twitter:label1\" content=\"Dur\u00e9e de lecture estim\u00e9e\" \/>\n\t<meta name=\"twitter:data1\" content=\"2 minutes\" \/>\n<script type=\"application\/ld+json\" class=\"yoast-schema-graph\">{\"@context\":\"https:\\\/\\\/schema.org\",\"@graph\":[{\"@type\":\"WebPage\",\"@id\":\"https:\\\/\\\/travel-network.co\\\/fr\\\/vols-detudiants\\\/vols\\\/\",\"url\":\"https:\\\/\\\/travel-network.co\\\/fr\\\/vols-detudiants\\\/vols\\\/\",\"name\":\"Vols - Travel Network\",\"isPartOf\":{\"@id\":\"https:\\\/\\\/travel-network.co\\\/fr\\\/#website\"},\"datePublished\":\"2015-03-22T18:55:25+00:00\",\"dateModified\":\"2020-02-12T12:26:43+00:00\",\"breadcrumb\":{\"@id\":\"https:\\\/\\\/travel-network.co\\\/fr\\\/vols-detudiants\\\/vols\\\/#breadcrumb\"},\"inLanguage\":\"fr-FR\",\"potentialAction\":[{\"@type\":\"ReadAction\",\"target\":[\"https:\\\/\\\/travel-network.co\\\/fr\\\/vols-detudiants\\\/vols\\\/\"]}]},{\"@type\":\"BreadcrumbList\",\"@id\":\"https:\\\/\\\/travel-network.co\\\/fr\\\/vols-detudiants\\\/vols\\\/#breadcrumb\",\"itemListElement\":[{\"@type\":\"ListItem\",\"position\":1,\"name\":\"Home\",\"item\":\"https:\\\/\\\/travel-network.co\\\/fr\\\/\"},{\"@type\":\"ListItem\",\"position\":2,\"name\":\"Vols d&rsquo;\u00e9tudiants\",\"item\":\"https:\\\/\\\/travel-network.co\\\/fr\\\/vols-detudiants\\\/\"},{\"@type\":\"ListItem\",\"position\":3,\"name\":\"Vols\"}]},{\"@type\":\"WebSite\",\"@id\":\"https:\\\/\\\/travel-network.co\\\/fr\\\/#website\",\"url\":\"https:\\\/\\\/travel-network.co\\\/fr\\\/\",\"name\":\"Travel Network\",\"description\":\"Travel advice, reviews, news and deals no matter if you are travelling by Land, Water or Air\",\"publisher\":{\"@id\":\"https:\\\/\\\/travel-network.co\\\/fr\\\/#organization\"},\"potentialAction\":[{\"@type\":\"SearchAction\",\"target\":{\"@type\":\"EntryPoint\",\"urlTemplate\":\"https:\\\/\\\/travel-network.co\\\/fr\\\/?s={search_term_string}\"},\"query-input\":{\"@type\":\"PropertyValueSpecification\",\"valueRequired\":true,\"valueName\":\"search_term_string\"}}],\"inLanguage\":\"fr-FR\"},{\"@type\":\"Organization\",\"@id\":\"https:\\\/\\\/travel-network.co\\\/fr\\\/#organization\",\"name\":\"Travel Network\",\"url\":\"https:\\\/\\\/travel-network.co\\\/fr\\\/\",\"logo\":{\"@type\":\"ImageObject\",\"inLanguage\":\"fr-FR\",\"@id\":\"https:\\\/\\\/travel-network.co\\\/fr\\\/#\\\/schema\\\/logo\\\/image\\\/\",\"url\":\"https:\\\/\\\/travel-network.co\\\/wp-content\\\/uploads\\\/2015\\\/03\\\/google-logo.gif\",\"contentUrl\":\"https:\\\/\\\/travel-network.co\\\/wp-content\\\/uploads\\\/2015\\\/03\\\/google-logo.gif\",\"width\":500,\"height\":500,\"caption\":\"Travel Network\"},\"image\":{\"@id\":\"https:\\\/\\\/travel-network.co\\\/fr\\\/#\\\/schema\\\/logo\\\/image\\\/\"},\"sameAs\":[\"http:\\\/\\\/facebook.com\\\/travel.au\",\"https:\\\/\\\/x.com\\\/travelnetworkau\",\"https:\\\/\\\/instagram.com\\\/travelnetworkau\\\/\",\"https:\\\/\\\/www.linkedin.com\\\/company\\\/3374753\",\"https:\\\/\\\/www.pinterest.com\\\/travelnetwork\\\/\",\"http:\\\/\\\/www.youtube.com\\\/user\\\/TravelNetworkAUS\"]}]}<\/script>\n<!-- \/ Yoast SEO plugin. -->","yoast_head_json":{"title":"Vols - Travel Network","robots":{"index":"index","follow":"follow","max-snippet":"max-snippet:-1","max-image-preview":"max-image-preview:large","max-video-preview":"max-video-preview:-1"},"canonical":"https:\/\/travel-network.co\/fr\/vols-detudiants\/vols\/","og_locale":"fr_FR","og_type":"article","og_title":"Vols - Travel Network","og_description":"Beaucoup de gens font une erreur lorsqu&rsquo;ils prennent l&rsquo;avion. Ils pensent qu&rsquo;ils ne peuvent choisir qu&rsquo;une seule compagnie a\u00e9rienne, et [&hellip;]","og_url":"https:\/\/travel-network.co\/fr\/vols-detudiants\/vols\/","og_site_name":"Travel Network","article_publisher":"http:\/\/facebook.com\/travel.au","article_modified_time":"2020-02-12T12:26:43+00:00","og_image":[{"width":500,"height":500,"url":"https:\/\/travel-network.co\/wp-content\/uploads\/2015\/03\/google-logo.gif","type":"image\/gif"}],"twitter_card":"summary_large_image","twitter_site":"@travelnetworkau","twitter_misc":{"Dur\u00e9e de lecture estim\u00e9e":"2 minutes"},"schema":{"@context":"https:\/\/schema.org","@graph":[{"@type":"WebPage","@id":"https:\/\/travel-network.co\/fr\/vols-detudiants\/vols\/","url":"https:\/\/travel-network.co\/fr\/vols-detudiants\/vols\/","name":"Vols - Travel Network","isPartOf":{"@id":"https:\/\/travel-network.co\/fr\/#website"},"datePublished":"2015-03-22T18:55:25+00:00","dateModified":"2020-02-12T12:26:43+00:00","breadcrumb":{"@id":"https:\/\/travel-network.co\/fr\/vols-detudiants\/vols\/#breadcrumb"},"inLanguage":"fr-FR","potentialAction":[{"@type":"ReadAction","target":["https:\/\/travel-network.co\/fr\/vols-detudiants\/vols\/"]}]},{"@type":"BreadcrumbList","@id":"https:\/\/travel-network.co\/fr\/vols-detudiants\/vols\/#breadcrumb","itemListElement":[{"@type":"ListItem","position":1,"name":"Home","item":"https:\/\/travel-network.co\/fr\/"},{"@type":"ListItem","position":2,"name":"Vols d&rsquo;\u00e9tudiants","item":"https:\/\/travel-network.co\/fr\/vols-detudiants\/"},{"@type":"ListItem","position":3,"name":"Vols"}]},{"@type":"WebSite","@id":"https:\/\/travel-network.co\/fr\/#website","url":"https:\/\/travel-network.co\/fr\/","name":"Travel Network","description":"Travel advice, reviews, news and deals no matter if you are travelling by Land, Water or Air","publisher":{"@id":"https:\/\/travel-network.co\/fr\/#organization"},"potentialAction":[{"@type":"SearchAction","target":{"@type":"EntryPoint","urlTemplate":"https:\/\/travel-network.co\/fr\/?s={search_term_string}"},"query-input":{"@type":"PropertyValueSpecification","valueRequired":true,"valueName":"search_term_string"}}],"inLanguage":"fr-FR"},{"@type":"Organization","@id":"https:\/\/travel-network.co\/fr\/#organization","name":"Travel Network","url":"https:\/\/travel-network.co\/fr\/","logo":{"@type":"ImageObject","inLanguage":"fr-FR","@id":"https:\/\/travel-network.co\/fr\/#\/schema\/logo\/image\/","url":"https:\/\/travel-network.co\/wp-content\/uploads\/2015\/03\/google-logo.gif","contentUrl":"https:\/\/travel-network.co\/wp-content\/uploads\/2015\/03\/google-logo.gif","width":500,"height":500,"caption":"Travel Network"},"image":{"@id":"https:\/\/travel-network.co\/fr\/#\/schema\/logo\/image\/"},"sameAs":["http:\/\/facebook.com\/travel.au","https:\/\/x.com\/travelnetworkau","https:\/\/instagram.com\/travelnetworkau\/","https:\/\/www.linkedin.com\/company\/3374753","https:\/\/www.pinterest.com\/travelnetwork\/","http:\/\/www.youtube.com\/user\/TravelNetworkAUS"]}]}},"_links":{"self":[{"href":"https:\/\/travel-network.co\/fr\/wp-json\/wp\/v2\/pages\/19859","targetHints":{"allow":["GET"]}}],"collection":[{"href":"https:\/\/travel-network.co\/fr\/wp-json\/wp\/v2\/pages"}],"about":[{"href":"https:\/\/travel-network.co\/fr\/wp-json\/wp\/v2\/types\/page"}],"author":[{"embeddable":true,"href":"https:\/\/travel-network.co\/fr\/wp-json\/wp\/v2\/users\/2"}],"replies":[{"embeddable":true,"href":"https:\/\/travel-network.co\/fr\/wp-json\/wp\/v2\/comments?post=19859"}],"version-history":[{"count":0,"href":"https:\/\/travel-network.co\/fr\/wp-json\/wp\/v2\/pages\/19859\/revisions"}],"up":[{"embeddable":true,"href":"https:\/\/travel-network.co\/fr\/wp-json\/wp\/v2\/pages\/19857"}],"wp:attachment":[{"href":"https:\/\/travel-network.co\/fr\/wp-json\/wp\/v2\/media?parent=19859"}],"curies":[{"name":"wp","href":"https:\/\/api.w.org\/{rel}","templated":true}]}}