{"id":27135,"date":"2015-03-22T18:46:53","date_gmt":"2015-03-22T18:46:53","guid":{"rendered":"https:\/\/travel-network.co\/?page_id=27135"},"modified":"2020-08-25T22:20:18","modified_gmt":"2020-08-25T22:20:18","slug":"etihad-airways","status":"publish","type":"page","link":"https:\/\/travel-network.co\/fr\/vols-detudiants\/etihad-airways\/","title":{"rendered":"Etihad Airways"},"content":{"rendered":"\n<p>Etihad Airways est le transporteur principal d&rsquo;Abu Dhabi et des \u00c9mirats arabes unis. Situ\u00e9e \u00e0 l&rsquo;a\u00e9roport international d&rsquo;Abou Dhabi, Etihad Airways propose de nombreux vols internationaux. Petite compagnie a\u00e9rienne ne disposant que de 62 avions, Etihad propose plus de 70 destinations diff\u00e9rentes dans le monde entier.<\/p>\n\n\n\n<p>Les destinations de la compagnie a\u00e9rienne sont notamment l&rsquo;Asie, l&rsquo;Oc\u00e9anie, l&rsquo;Afrique, l&rsquo;Am\u00e9rique du Nord et l&rsquo;Europe. De plus, Etihad Airways travaille avec des accords de partage de code avec des compagnies a\u00e9riennes du monde entier. La compagnie a\u00e9rienne propose trois classes de si\u00e8ges diff\u00e9rentes, appel\u00e9es \u00ab\u00a0Diamond Zone\u00a0\u00bb (premi\u00e8re classe), \u00ab\u00a0Pearl Zone\u00a0\u00bb (classe affaires) et \u00ab\u00a0Coral Zone\u00a0\u00bb (classe \u00e9conomique). Des divertissements en vol, y compris des vid\u00e9os \u00e0 la demande, sont disponibles dans toutes les classes. La compagnie a\u00e9rienne propose un programme de fid\u00e9lisation appel\u00e9 Etihad Guest, qui offre un programme de fid\u00e9lit\u00e9 ainsi que des r\u00e9ductions dans certains lieux de shopping.<\/p>\n\n\n\n<p>Afin d&rsquo;\u00eatre plus accessible aux passagers, Etihad travaille avec d&rsquo;autres grandes compagnies a\u00e9riennes pour offrir de nombreuses destinations malgr\u00e9 la petite flotte de la compagnie.<\/p>\n","protected":false},"excerpt":{"rendered":"<p>Etihad Airways est le transporteur principal d&rsquo;Abu Dhabi et des \u00c9mirats arabes unis. Situ\u00e9e \u00e0 l&rsquo;a\u00e9roport international d&rsquo;Abou Dhabi, Etihad [&hellip;]<\/p>\n","protected":false},"author":2,"featured_media":0,"parent":19857,"menu_order":0,"comment_status":"closed","ping_status":"closed","template":"","meta":{"footnotes":""},"class_list":["post-27135","page","type-page","status-publish","hentry"],"yoast_head":"<!-- This site is optimized with the Yoast SEO plugin v27.3 - https:\/\/yoast.com\/product\/yoast-seo-wordpress\/ -->\n<title>Etihad Airways - Travel Network<\/title>\n<meta name=\"robots\" content=\"index, follow, max-snippet:-1, max-image-preview:large, max-video-preview:-1\" \/>\n<link rel=\"canonical\" href=\"https:\/\/travel-network.co\/fr\/vols-detudiants\/etihad-airways\/\" \/>\n<meta property=\"og:locale\" content=\"fr_FR\" \/>\n<meta property=\"og:type\" content=\"article\" \/>\n<meta property=\"og:title\" content=\"Etihad Airways - Travel Network\" \/>\n<meta property=\"og:description\" content=\"Etihad Airways est le transporteur principal d&rsquo;Abu Dhabi et des \u00c9mirats arabes unis. Situ\u00e9e \u00e0 l&rsquo;a\u00e9roport international d&rsquo;Abou Dhabi, Etihad [&hellip;]\" \/>\n<meta property=\"og:url\" content=\"https:\/\/travel-network.co\/fr\/vols-detudiants\/etihad-airways\/\" \/>\n<meta property=\"og:site_name\" content=\"Travel Network\" \/>\n<meta property=\"article:publisher\" content=\"http:\/\/facebook.com\/travel.au\" \/>\n<meta property=\"article:modified_time\" content=\"2020-08-25T22:20:18+00:00\" \/>\n<meta property=\"og:image\" content=\"https:\/\/travel-network.co\/wp-content\/uploads\/2015\/03\/google-logo.gif\" \/>\n\t<meta property=\"og:image:width\" content=\"500\" \/>\n\t<meta property=\"og:image:height\" content=\"500\" \/>\n\t<meta property=\"og:image:type\" content=\"image\/gif\" \/>\n<meta name=\"twitter:card\" content=\"summary_large_image\" \/>\n<meta name=\"twitter:site\" content=\"@travelnetworkau\" \/>\n<meta name=\"twitter:label1\" content=\"Dur\u00e9e de lecture estim\u00e9e\" \/>\n\t<meta name=\"twitter:data1\" content=\"1 minute\" \/>\n<script type=\"application\/ld+json\" class=\"yoast-schema-graph\">{\"@context\":\"https:\\\/\\\/schema.org\",\"@graph\":[{\"@type\":\"WebPage\",\"@id\":\"https:\\\/\\\/travel-network.co\\\/fr\\\/vols-detudiants\\\/etihad-airways\\\/\",\"url\":\"https:\\\/\\\/travel-network.co\\\/fr\\\/vols-detudiants\\\/etihad-airways\\\/\",\"name\":\"Etihad Airways - Travel Network\",\"isPartOf\":{\"@id\":\"https:\\\/\\\/travel-network.co\\\/fr\\\/#website\"},\"datePublished\":\"2015-03-22T18:46:53+00:00\",\"dateModified\":\"2020-08-25T22:20:18+00:00\",\"breadcrumb\":{\"@id\":\"https:\\\/\\\/travel-network.co\\\/fr\\\/vols-detudiants\\\/etihad-airways\\\/#breadcrumb\"},\"inLanguage\":\"fr-FR\",\"potentialAction\":[{\"@type\":\"ReadAction\",\"target\":[\"https:\\\/\\\/travel-network.co\\\/fr\\\/vols-detudiants\\\/etihad-airways\\\/\"]}]},{\"@type\":\"BreadcrumbList\",\"@id\":\"https:\\\/\\\/travel-network.co\\\/fr\\\/vols-detudiants\\\/etihad-airways\\\/#breadcrumb\",\"itemListElement\":[{\"@type\":\"ListItem\",\"position\":1,\"name\":\"Home\",\"item\":\"https:\\\/\\\/travel-network.co\\\/fr\\\/\"},{\"@type\":\"ListItem\",\"position\":2,\"name\":\"Vols d&rsquo;\u00e9tudiants\",\"item\":\"https:\\\/\\\/travel-network.co\\\/fr\\\/vols-detudiants\\\/\"},{\"@type\":\"ListItem\",\"position\":3,\"name\":\"Etihad Airways\"}]},{\"@type\":\"WebSite\",\"@id\":\"https:\\\/\\\/travel-network.co\\\/fr\\\/#website\",\"url\":\"https:\\\/\\\/travel-network.co\\\/fr\\\/\",\"name\":\"Travel Network\",\"description\":\"Travel advice, reviews, news and deals no matter if you are travelling by Land, Water or Air\",\"publisher\":{\"@id\":\"https:\\\/\\\/travel-network.co\\\/fr\\\/#organization\"},\"potentialAction\":[{\"@type\":\"SearchAction\",\"target\":{\"@type\":\"EntryPoint\",\"urlTemplate\":\"https:\\\/\\\/travel-network.co\\\/fr\\\/?s={search_term_string}\"},\"query-input\":{\"@type\":\"PropertyValueSpecification\",\"valueRequired\":true,\"valueName\":\"search_term_string\"}}],\"inLanguage\":\"fr-FR\"},{\"@type\":\"Organization\",\"@id\":\"https:\\\/\\\/travel-network.co\\\/fr\\\/#organization\",\"name\":\"Travel Network\",\"url\":\"https:\\\/\\\/travel-network.co\\\/fr\\\/\",\"logo\":{\"@type\":\"ImageObject\",\"inLanguage\":\"fr-FR\",\"@id\":\"https:\\\/\\\/travel-network.co\\\/fr\\\/#\\\/schema\\\/logo\\\/image\\\/\",\"url\":\"https:\\\/\\\/travel-network.co\\\/wp-content\\\/uploads\\\/2015\\\/03\\\/google-logo.gif\",\"contentUrl\":\"https:\\\/\\\/travel-network.co\\\/wp-content\\\/uploads\\\/2015\\\/03\\\/google-logo.gif\",\"width\":500,\"height\":500,\"caption\":\"Travel Network\"},\"image\":{\"@id\":\"https:\\\/\\\/travel-network.co\\\/fr\\\/#\\\/schema\\\/logo\\\/image\\\/\"},\"sameAs\":[\"http:\\\/\\\/facebook.com\\\/travel.au\",\"https:\\\/\\\/x.com\\\/travelnetworkau\",\"https:\\\/\\\/instagram.com\\\/travelnetworkau\\\/\",\"https:\\\/\\\/www.linkedin.com\\\/company\\\/3374753\",\"https:\\\/\\\/www.pinterest.com\\\/travelnetwork\\\/\",\"http:\\\/\\\/www.youtube.com\\\/user\\\/TravelNetworkAUS\"]}]}<\/script>\n<!-- \/ Yoast SEO plugin. -->","yoast_head_json":{"title":"Etihad Airways - Travel Network","robots":{"index":"index","follow":"follow","max-snippet":"max-snippet:-1","max-image-preview":"max-image-preview:large","max-video-preview":"max-video-preview:-1"},"canonical":"https:\/\/travel-network.co\/fr\/vols-detudiants\/etihad-airways\/","og_locale":"fr_FR","og_type":"article","og_title":"Etihad Airways - Travel Network","og_description":"Etihad Airways est le transporteur principal d&rsquo;Abu Dhabi et des \u00c9mirats arabes unis. Situ\u00e9e \u00e0 l&rsquo;a\u00e9roport international d&rsquo;Abou Dhabi, Etihad [&hellip;]","og_url":"https:\/\/travel-network.co\/fr\/vols-detudiants\/etihad-airways\/","og_site_name":"Travel Network","article_publisher":"http:\/\/facebook.com\/travel.au","article_modified_time":"2020-08-25T22:20:18+00:00","og_image":[{"width":500,"height":500,"url":"https:\/\/travel-network.co\/wp-content\/uploads\/2015\/03\/google-logo.gif","type":"image\/gif"}],"twitter_card":"summary_large_image","twitter_site":"@travelnetworkau","twitter_misc":{"Dur\u00e9e de lecture estim\u00e9e":"1 minute"},"schema":{"@context":"https:\/\/schema.org","@graph":[{"@type":"WebPage","@id":"https:\/\/travel-network.co\/fr\/vols-detudiants\/etihad-airways\/","url":"https:\/\/travel-network.co\/fr\/vols-detudiants\/etihad-airways\/","name":"Etihad Airways - Travel Network","isPartOf":{"@id":"https:\/\/travel-network.co\/fr\/#website"},"datePublished":"2015-03-22T18:46:53+00:00","dateModified":"2020-08-25T22:20:18+00:00","breadcrumb":{"@id":"https:\/\/travel-network.co\/fr\/vols-detudiants\/etihad-airways\/#breadcrumb"},"inLanguage":"fr-FR","potentialAction":[{"@type":"ReadAction","target":["https:\/\/travel-network.co\/fr\/vols-detudiants\/etihad-airways\/"]}]},{"@type":"BreadcrumbList","@id":"https:\/\/travel-network.co\/fr\/vols-detudiants\/etihad-airways\/#breadcrumb","itemListElement":[{"@type":"ListItem","position":1,"name":"Home","item":"https:\/\/travel-network.co\/fr\/"},{"@type":"ListItem","position":2,"name":"Vols d&rsquo;\u00e9tudiants","item":"https:\/\/travel-network.co\/fr\/vols-detudiants\/"},{"@type":"ListItem","position":3,"name":"Etihad Airways"}]},{"@type":"WebSite","@id":"https:\/\/travel-network.co\/fr\/#website","url":"https:\/\/travel-network.co\/fr\/","name":"Travel Network","description":"Travel advice, reviews, news and deals no matter if you are travelling by Land, Water or Air","publisher":{"@id":"https:\/\/travel-network.co\/fr\/#organization"},"potentialAction":[{"@type":"SearchAction","target":{"@type":"EntryPoint","urlTemplate":"https:\/\/travel-network.co\/fr\/?s={search_term_string}"},"query-input":{"@type":"PropertyValueSpecification","valueRequired":true,"valueName":"search_term_string"}}],"inLanguage":"fr-FR"},{"@type":"Organization","@id":"https:\/\/travel-network.co\/fr\/#organization","name":"Travel Network","url":"https:\/\/travel-network.co\/fr\/","logo":{"@type":"ImageObject","inLanguage":"fr-FR","@id":"https:\/\/travel-network.co\/fr\/#\/schema\/logo\/image\/","url":"https:\/\/travel-network.co\/wp-content\/uploads\/2015\/03\/google-logo.gif","contentUrl":"https:\/\/travel-network.co\/wp-content\/uploads\/2015\/03\/google-logo.gif","width":500,"height":500,"caption":"Travel Network"},"image":{"@id":"https:\/\/travel-network.co\/fr\/#\/schema\/logo\/image\/"},"sameAs":["http:\/\/facebook.com\/travel.au","https:\/\/x.com\/travelnetworkau","https:\/\/instagram.com\/travelnetworkau\/","https:\/\/www.linkedin.com\/company\/3374753","https:\/\/www.pinterest.com\/travelnetwork\/","http:\/\/www.youtube.com\/user\/TravelNetworkAUS"]}]}},"_links":{"self":[{"href":"https:\/\/travel-network.co\/fr\/wp-json\/wp\/v2\/pages\/27135","targetHints":{"allow":["GET"]}}],"collection":[{"href":"https:\/\/travel-network.co\/fr\/wp-json\/wp\/v2\/pages"}],"about":[{"href":"https:\/\/travel-network.co\/fr\/wp-json\/wp\/v2\/types\/page"}],"author":[{"embeddable":true,"href":"https:\/\/travel-network.co\/fr\/wp-json\/wp\/v2\/users\/2"}],"replies":[{"embeddable":true,"href":"https:\/\/travel-network.co\/fr\/wp-json\/wp\/v2\/comments?post=27135"}],"version-history":[{"count":0,"href":"https:\/\/travel-network.co\/fr\/wp-json\/wp\/v2\/pages\/27135\/revisions"}],"up":[{"embeddable":true,"href":"https:\/\/travel-network.co\/fr\/wp-json\/wp\/v2\/pages\/19857"}],"wp:attachment":[{"href":"https:\/\/travel-network.co\/fr\/wp-json\/wp\/v2\/media?parent=27135"}],"curies":[{"name":"wp","href":"https:\/\/api.w.org\/{rel}","templated":true}]}}