{"id":27172,"date":"2015-03-22T18:49:17","date_gmt":"2015-03-22T18:49:17","guid":{"rendered":"https:\/\/travel-network.co\/?page_id=27172"},"modified":"2020-08-25T22:39:47","modified_gmt":"2020-08-25T22:39:47","slug":"vols-de-derniere-minute","status":"publish","type":"page","link":"https:\/\/travel-network.co\/fr\/vols-detudiants\/vols-de-derniere-minute\/","title":{"rendered":"Vols de derni\u00e8re minute"},"content":{"rendered":"\n<p>Parfois, vous pouvez vous retrouver dans une situation o\u00f9 vous n&rsquo;avez pas le temps de r\u00e9server votre vol \u00e0 l&rsquo;avance. Qu&rsquo;il s&rsquo;agisse d&rsquo;une urgence familiale ou d&rsquo;un voyage d&rsquo;affaires de courte dur\u00e9e, il se peut que vous deviez r\u00e9server des vols de derni\u00e8re minute. Cependant, comme vous le savez peut-\u00eatre, la r\u00e9servation d&rsquo;un vol \u00e0 la derni\u00e8re minute entra\u00eene des complications que vous devrez garder \u00e0 l&rsquo;esprit. Si vous savez \u00e0 quoi vous attendre, vous pouvez r\u00e9server votre voyage plus facilement.<br>La premi\u00e8re chose que vous devrez garder \u00e0 l&rsquo;esprit est que les vols de derni\u00e8re minute co\u00fbteront plus cher. En fait, ils peuvent co\u00fbter jusqu&rsquo;au double de ce que vous auriez pay\u00e9 si vous aviez pu r\u00e9server le vol quelques semaines \u00e0 l&rsquo;avance. Cette d\u00e9pense suppl\u00e9mentaire est une chose \u00e0 laquelle vous devrez faire face et \u00e0 laquelle vous devez vous attendre. Si vous avez une urgence familiale, vous pouvez envisager d&rsquo;appeler la compagnie a\u00e9rienne pour voir si, de toute fa\u00e7on, une partie de ce co\u00fbt peut \u00eatre abaiss\u00e9e.<\/p>\n\n\n\n<p>Il faut \u00e9galement tenir compte des vols de derni\u00e8re minute, qui peuvent parfois \u00eatre r\u00e9serv\u00e9s, surtout si vous devez voyager pendant la saison charg\u00e9e. Vous devrez peut-\u00eatre faire preuve de plus de souplesse en ce qui concerne le temps que vous \u00eates pr\u00eat \u00e0 consacrer \u00e0 votre vol. Si vous \u00eates plus dispos\u00e9 \u00e0 prendre l&rsquo;avion au milieu de la nuit ou \u00e0 d&rsquo;autres heures impaires, vous pourrez peut-\u00eatre trouver plus facilement un vol ouvert. En outre, n&rsquo;oubliez pas que la mise en attente est une option. Si vous choisissez de voler en attente pour un vol complet, vous devrez alors arriver \u00e0 l&rsquo;a\u00e9roport et attendre. Votre nom sera inscrit sur une liste et vous n&rsquo;aurez qu&rsquo;\u00e0 attendre pour voir si une place se lib\u00e8re. La seule chose que permet la r\u00e9serve est que vous pourriez passer beaucoup de temps \u00e0 attendre \u00e0 l&rsquo;a\u00e9roport, et vous pourriez m\u00eame ne pas obtenir de billet sur le vol que vous vouliez.<\/p>\n\n\n\n<p>Les vols de derni\u00e8re minute peuvent \u00eatre co\u00fbteux. C&rsquo;est un probl\u00e8me auquel il faut faire face lorsqu&rsquo;il s&rsquo;agit de prendre un vol \u00e0 la derni\u00e8re minute. Cependant, il arrive que vous deviez prendre l&rsquo;avion \u00e0 la derni\u00e8re minute, que ce soit pour une r\u00e9union d&rsquo;affaires, une urgence familiale ou toute autre situation. Il existe des moyens de rendre un vol de derni\u00e8re minute plus ais\u00e9. Faites preuve de souplesse quant au moment o\u00f9 vous \u00eates pr\u00eat \u00e0 prendre l&rsquo;avion et envisagez la possibilit\u00e9 de prendre un vol de r\u00e9serve ; vous ne devriez avoir aucun probl\u00e8me pour obtenir le vol dont vous avez besoin.<\/p>\n","protected":false},"excerpt":{"rendered":"<p>Parfois, vous pouvez vous retrouver dans une situation o\u00f9 vous n&rsquo;avez pas le temps de r\u00e9server votre vol \u00e0 l&rsquo;avance. [&hellip;]<\/p>\n","protected":false},"author":2,"featured_media":0,"parent":19857,"menu_order":0,"comment_status":"closed","ping_status":"closed","template":"","meta":{"footnotes":""},"class_list":["post-27172","page","type-page","status-publish","hentry"],"yoast_head":"<!-- This site is optimized with the Yoast SEO plugin v27.3 - https:\/\/yoast.com\/product\/yoast-seo-wordpress\/ -->\n<title>Vols de derni\u00e8re minute - Travel Network<\/title>\n<meta name=\"robots\" content=\"index, follow, max-snippet:-1, max-image-preview:large, max-video-preview:-1\" \/>\n<link rel=\"canonical\" href=\"https:\/\/travel-network.co\/fr\/vols-detudiants\/vols-de-derniere-minute\/\" \/>\n<meta property=\"og:locale\" content=\"fr_FR\" \/>\n<meta property=\"og:type\" content=\"article\" \/>\n<meta property=\"og:title\" content=\"Vols de derni\u00e8re minute - Travel Network\" \/>\n<meta property=\"og:description\" content=\"Parfois, vous pouvez vous retrouver dans une situation o\u00f9 vous n&rsquo;avez pas le temps de r\u00e9server votre vol \u00e0 l&rsquo;avance. [&hellip;]\" \/>\n<meta property=\"og:url\" content=\"https:\/\/travel-network.co\/fr\/vols-detudiants\/vols-de-derniere-minute\/\" \/>\n<meta property=\"og:site_name\" content=\"Travel Network\" \/>\n<meta property=\"article:publisher\" content=\"http:\/\/facebook.com\/travel.au\" \/>\n<meta property=\"article:modified_time\" content=\"2020-08-25T22:39:47+00:00\" \/>\n<meta property=\"og:image\" content=\"https:\/\/travel-network.co\/wp-content\/uploads\/2015\/03\/google-logo.gif\" \/>\n\t<meta property=\"og:image:width\" content=\"500\" \/>\n\t<meta property=\"og:image:height\" content=\"500\" \/>\n\t<meta property=\"og:image:type\" content=\"image\/gif\" \/>\n<meta name=\"twitter:card\" content=\"summary_large_image\" \/>\n<meta name=\"twitter:site\" content=\"@travelnetworkau\" \/>\n<meta name=\"twitter:label1\" content=\"Dur\u00e9e de lecture estim\u00e9e\" \/>\n\t<meta name=\"twitter:data1\" content=\"2 minutes\" \/>\n<script type=\"application\/ld+json\" class=\"yoast-schema-graph\">{\"@context\":\"https:\\\/\\\/schema.org\",\"@graph\":[{\"@type\":\"WebPage\",\"@id\":\"https:\\\/\\\/travel-network.co\\\/fr\\\/vols-detudiants\\\/vols-de-derniere-minute\\\/\",\"url\":\"https:\\\/\\\/travel-network.co\\\/fr\\\/vols-detudiants\\\/vols-de-derniere-minute\\\/\",\"name\":\"Vols de derni\u00e8re minute - Travel Network\",\"isPartOf\":{\"@id\":\"https:\\\/\\\/travel-network.co\\\/fr\\\/#website\"},\"datePublished\":\"2015-03-22T18:49:17+00:00\",\"dateModified\":\"2020-08-25T22:39:47+00:00\",\"breadcrumb\":{\"@id\":\"https:\\\/\\\/travel-network.co\\\/fr\\\/vols-detudiants\\\/vols-de-derniere-minute\\\/#breadcrumb\"},\"inLanguage\":\"fr-FR\",\"potentialAction\":[{\"@type\":\"ReadAction\",\"target\":[\"https:\\\/\\\/travel-network.co\\\/fr\\\/vols-detudiants\\\/vols-de-derniere-minute\\\/\"]}]},{\"@type\":\"BreadcrumbList\",\"@id\":\"https:\\\/\\\/travel-network.co\\\/fr\\\/vols-detudiants\\\/vols-de-derniere-minute\\\/#breadcrumb\",\"itemListElement\":[{\"@type\":\"ListItem\",\"position\":1,\"name\":\"Home\",\"item\":\"https:\\\/\\\/travel-network.co\\\/fr\\\/\"},{\"@type\":\"ListItem\",\"position\":2,\"name\":\"Vols d&rsquo;\u00e9tudiants\",\"item\":\"https:\\\/\\\/travel-network.co\\\/fr\\\/vols-detudiants\\\/\"},{\"@type\":\"ListItem\",\"position\":3,\"name\":\"Vols de derni\u00e8re minute\"}]},{\"@type\":\"WebSite\",\"@id\":\"https:\\\/\\\/travel-network.co\\\/fr\\\/#website\",\"url\":\"https:\\\/\\\/travel-network.co\\\/fr\\\/\",\"name\":\"Travel Network\",\"description\":\"Travel advice, reviews, news and deals no matter if you are travelling by Land, Water or Air\",\"publisher\":{\"@id\":\"https:\\\/\\\/travel-network.co\\\/fr\\\/#organization\"},\"potentialAction\":[{\"@type\":\"SearchAction\",\"target\":{\"@type\":\"EntryPoint\",\"urlTemplate\":\"https:\\\/\\\/travel-network.co\\\/fr\\\/?s={search_term_string}\"},\"query-input\":{\"@type\":\"PropertyValueSpecification\",\"valueRequired\":true,\"valueName\":\"search_term_string\"}}],\"inLanguage\":\"fr-FR\"},{\"@type\":\"Organization\",\"@id\":\"https:\\\/\\\/travel-network.co\\\/fr\\\/#organization\",\"name\":\"Travel Network\",\"url\":\"https:\\\/\\\/travel-network.co\\\/fr\\\/\",\"logo\":{\"@type\":\"ImageObject\",\"inLanguage\":\"fr-FR\",\"@id\":\"https:\\\/\\\/travel-network.co\\\/fr\\\/#\\\/schema\\\/logo\\\/image\\\/\",\"url\":\"https:\\\/\\\/travel-network.co\\\/wp-content\\\/uploads\\\/2015\\\/03\\\/google-logo.gif\",\"contentUrl\":\"https:\\\/\\\/travel-network.co\\\/wp-content\\\/uploads\\\/2015\\\/03\\\/google-logo.gif\",\"width\":500,\"height\":500,\"caption\":\"Travel Network\"},\"image\":{\"@id\":\"https:\\\/\\\/travel-network.co\\\/fr\\\/#\\\/schema\\\/logo\\\/image\\\/\"},\"sameAs\":[\"http:\\\/\\\/facebook.com\\\/travel.au\",\"https:\\\/\\\/x.com\\\/travelnetworkau\",\"https:\\\/\\\/instagram.com\\\/travelnetworkau\\\/\",\"https:\\\/\\\/www.linkedin.com\\\/company\\\/3374753\",\"https:\\\/\\\/www.pinterest.com\\\/travelnetwork\\\/\",\"http:\\\/\\\/www.youtube.com\\\/user\\\/TravelNetworkAUS\"]}]}<\/script>\n<!-- \/ Yoast SEO plugin. -->","yoast_head_json":{"title":"Vols de derni\u00e8re minute - Travel Network","robots":{"index":"index","follow":"follow","max-snippet":"max-snippet:-1","max-image-preview":"max-image-preview:large","max-video-preview":"max-video-preview:-1"},"canonical":"https:\/\/travel-network.co\/fr\/vols-detudiants\/vols-de-derniere-minute\/","og_locale":"fr_FR","og_type":"article","og_title":"Vols de derni\u00e8re minute - Travel Network","og_description":"Parfois, vous pouvez vous retrouver dans une situation o\u00f9 vous n&rsquo;avez pas le temps de r\u00e9server votre vol \u00e0 l&rsquo;avance. [&hellip;]","og_url":"https:\/\/travel-network.co\/fr\/vols-detudiants\/vols-de-derniere-minute\/","og_site_name":"Travel Network","article_publisher":"http:\/\/facebook.com\/travel.au","article_modified_time":"2020-08-25T22:39:47+00:00","og_image":[{"width":500,"height":500,"url":"https:\/\/travel-network.co\/wp-content\/uploads\/2015\/03\/google-logo.gif","type":"image\/gif"}],"twitter_card":"summary_large_image","twitter_site":"@travelnetworkau","twitter_misc":{"Dur\u00e9e de lecture estim\u00e9e":"2 minutes"},"schema":{"@context":"https:\/\/schema.org","@graph":[{"@type":"WebPage","@id":"https:\/\/travel-network.co\/fr\/vols-detudiants\/vols-de-derniere-minute\/","url":"https:\/\/travel-network.co\/fr\/vols-detudiants\/vols-de-derniere-minute\/","name":"Vols de derni\u00e8re minute - Travel Network","isPartOf":{"@id":"https:\/\/travel-network.co\/fr\/#website"},"datePublished":"2015-03-22T18:49:17+00:00","dateModified":"2020-08-25T22:39:47+00:00","breadcrumb":{"@id":"https:\/\/travel-network.co\/fr\/vols-detudiants\/vols-de-derniere-minute\/#breadcrumb"},"inLanguage":"fr-FR","potentialAction":[{"@type":"ReadAction","target":["https:\/\/travel-network.co\/fr\/vols-detudiants\/vols-de-derniere-minute\/"]}]},{"@type":"BreadcrumbList","@id":"https:\/\/travel-network.co\/fr\/vols-detudiants\/vols-de-derniere-minute\/#breadcrumb","itemListElement":[{"@type":"ListItem","position":1,"name":"Home","item":"https:\/\/travel-network.co\/fr\/"},{"@type":"ListItem","position":2,"name":"Vols d&rsquo;\u00e9tudiants","item":"https:\/\/travel-network.co\/fr\/vols-detudiants\/"},{"@type":"ListItem","position":3,"name":"Vols de derni\u00e8re minute"}]},{"@type":"WebSite","@id":"https:\/\/travel-network.co\/fr\/#website","url":"https:\/\/travel-network.co\/fr\/","name":"Travel Network","description":"Travel advice, reviews, news and deals no matter if you are travelling by Land, Water or Air","publisher":{"@id":"https:\/\/travel-network.co\/fr\/#organization"},"potentialAction":[{"@type":"SearchAction","target":{"@type":"EntryPoint","urlTemplate":"https:\/\/travel-network.co\/fr\/?s={search_term_string}"},"query-input":{"@type":"PropertyValueSpecification","valueRequired":true,"valueName":"search_term_string"}}],"inLanguage":"fr-FR"},{"@type":"Organization","@id":"https:\/\/travel-network.co\/fr\/#organization","name":"Travel Network","url":"https:\/\/travel-network.co\/fr\/","logo":{"@type":"ImageObject","inLanguage":"fr-FR","@id":"https:\/\/travel-network.co\/fr\/#\/schema\/logo\/image\/","url":"https:\/\/travel-network.co\/wp-content\/uploads\/2015\/03\/google-logo.gif","contentUrl":"https:\/\/travel-network.co\/wp-content\/uploads\/2015\/03\/google-logo.gif","width":500,"height":500,"caption":"Travel Network"},"image":{"@id":"https:\/\/travel-network.co\/fr\/#\/schema\/logo\/image\/"},"sameAs":["http:\/\/facebook.com\/travel.au","https:\/\/x.com\/travelnetworkau","https:\/\/instagram.com\/travelnetworkau\/","https:\/\/www.linkedin.com\/company\/3374753","https:\/\/www.pinterest.com\/travelnetwork\/","http:\/\/www.youtube.com\/user\/TravelNetworkAUS"]}]}},"_links":{"self":[{"href":"https:\/\/travel-network.co\/fr\/wp-json\/wp\/v2\/pages\/27172","targetHints":{"allow":["GET"]}}],"collection":[{"href":"https:\/\/travel-network.co\/fr\/wp-json\/wp\/v2\/pages"}],"about":[{"href":"https:\/\/travel-network.co\/fr\/wp-json\/wp\/v2\/types\/page"}],"author":[{"embeddable":true,"href":"https:\/\/travel-network.co\/fr\/wp-json\/wp\/v2\/users\/2"}],"replies":[{"embeddable":true,"href":"https:\/\/travel-network.co\/fr\/wp-json\/wp\/v2\/comments?post=27172"}],"version-history":[{"count":0,"href":"https:\/\/travel-network.co\/fr\/wp-json\/wp\/v2\/pages\/27172\/revisions"}],"up":[{"embeddable":true,"href":"https:\/\/travel-network.co\/fr\/wp-json\/wp\/v2\/pages\/19857"}],"wp:attachment":[{"href":"https:\/\/travel-network.co\/fr\/wp-json\/wp\/v2\/media?parent=27172"}],"curies":[{"name":"wp","href":"https:\/\/api.w.org\/{rel}","templated":true}]}}