{"id":27156,"date":"2015-03-22T18:55:25","date_gmt":"2015-03-22T18:55:25","guid":{"rendered":"https:\/\/travel-network.co\/?page_id=27156"},"modified":"2020-08-25T22:30:42","modified_gmt":"2020-08-25T22:30:42","slug":"voli-per-studenti","status":"publish","type":"page","link":"https:\/\/travel-network.co\/it\/voli-per-studenti\/","title":{"rendered":"Voli per studenti"},"content":{"rendered":"\n<p>Molti studenti scelgono di volare solo perch\u00e9 offre cos\u00ec tante opportunit\u00e0 di istruzione. Viaggiare durante le vacanze degli studenti \u00e8 un ottimo modo per conoscere meglio il mondo, la cultura, l&#8217;arte, la storia e molto altro ancora. Tuttavia, pochissimi studenti hanno i fondi per pagare un volo di tasca propria. Per questo motivo, alcuni studenti non hanno mai l&#8217;opportunit\u00e0 di viaggiare quando vogliono. Se volete andare in vacanza con gli studenti, allora dovete iniziare con i voli studenteschi. Anche se possono essere estremamente costosi, ci sono modi in cui \u00e8 possibile risparmiare per rendere il viaggio pi\u00f9 conveniente. Ecco alcuni consigli per poter trovare i voli per studenti, risparmiare denaro e godersi il viaggio.<\/p>\n\n\n\n<p>Voli sovvenzionati<br>La prima cosa che dovete sapere \u00e8 che se state viaggiando per qualsiasi tipo di esperienza di apprendimento, potreste ottenere tutti o parte dei vostri voli per studenti sovvenzionati. Uno dei posti che dovreste cercare \u00e8 il vostro istituto di istruzione. Molti college e istituzioni pagheranno per la maggior parte dei voli per studenti, a condizione che sia parte di un programma di istruzione. Per poterne approfittare, potreste dover frequentare alcuni programmi di apprendimento, oppure potreste doverci andare in gruppo. Tuttavia, questo \u00e8 un ottimo modo per ottenere voli studenteschi per poco o niente.<\/p>\n\n\n\n<p>Prenotare i voli per studenti<br>Quando prenotate i vostri voli per studenti, vorrete prendere in considerazione alcune cose. Ad esempio, alcune compagnie aeree offrono tariffe aeree pi\u00f9 basse se si viaggia da studenti. Prima di prenotare il vostro volo, vorrete esaminare le opzioni disponibili. Prima di sceglierne una, potrebbe essere necessario informarsi sulle diverse compagnie aeree. Inoltre, tenete presente che i voli internazionali hanno regole molto diverse per quanto riguarda il viaggio, la sicurezza e il bagaglio. Dovrete capire tutte queste regole prima di partire per il vostro viaggio di studio.<\/p>\n\n\n\n<p>Ottenere una carta d&#8217;identit\u00e0 internazionale per studenti<br>C&#8217;\u00e8 una grande opzione che pu\u00f2 farti risparmiare denaro e darti accesso a molte cose quando viaggi fuori dal paese come studente. Si tratta della carta d&#8217;identit\u00e0 internazionale dello studente. Dovrete pagare una tassa per questa carta, ma sar\u00e0 buona in molti paesi diversi che potrete scegliere di visitare. Questa carta vi dar\u00e0 sconti su numerose cose come ostelli per studenti, biglietti per musei ed eventi, siti culturali e altro ancora. Con questa carta puoi anche risparmiare sui voli per studenti. Se viaggerete a livello internazionale, allora vorrete sicuramente considerare di pagare la piccola tassa.<\/p>\n\n\n\n<p>I voli studenteschi possono essere qualcosa che molti giovani pensano sia fuori dalla portata di molti giovani solo a causa del costo. Anche i biglietti aerei scontati che molte compagnie aeree offrono agli studenti possono essere estremamente costosi. Tuttavia, ci sono modi in cui \u00e8 possibile pagare il volo o farsi pagare una parte di esso in modo da potersi godere un viaggio di una vita intera. Assicuratevi solo di prendere in considerazione sconti e sovvenzioni che possono aiutarvi.<\/p>\n","protected":false},"excerpt":{"rendered":"<p>Molti studenti scelgono di volare solo perch\u00e9 offre cos\u00ec tante opportunit\u00e0 di istruzione. Viaggiare durante le vacanze degli studenti \u00e8 [&hellip;]<\/p>\n","protected":false},"author":2,"featured_media":0,"parent":0,"menu_order":0,"comment_status":"closed","ping_status":"closed","template":"","meta":{"footnotes":""},"class_list":["post-27156","page","type-page","status-publish","hentry"],"yoast_head":"<!-- This site is optimized with the Yoast SEO plugin v27.3 - https:\/\/yoast.com\/product\/yoast-seo-wordpress\/ -->\n<title>Voli per studenti - Travel Network<\/title>\n<meta name=\"robots\" content=\"index, follow, max-snippet:-1, max-image-preview:large, max-video-preview:-1\" \/>\n<link rel=\"canonical\" href=\"https:\/\/travel-network.co\/it\/voli-per-studenti\/\" \/>\n<meta property=\"og:locale\" content=\"it_IT\" \/>\n<meta property=\"og:type\" content=\"article\" \/>\n<meta property=\"og:title\" content=\"Voli per studenti - Travel Network\" \/>\n<meta property=\"og:description\" content=\"Molti studenti scelgono di volare solo perch\u00e9 offre cos\u00ec tante opportunit\u00e0 di istruzione. Viaggiare durante le vacanze degli studenti \u00e8 [&hellip;]\" \/>\n<meta property=\"og:url\" content=\"https:\/\/travel-network.co\/it\/voli-per-studenti\/\" \/>\n<meta property=\"og:site_name\" content=\"Travel Network\" \/>\n<meta property=\"article:publisher\" content=\"http:\/\/facebook.com\/travel.au\" \/>\n<meta property=\"article:modified_time\" content=\"2020-08-25T22:30:42+00:00\" \/>\n<meta property=\"og:image\" content=\"https:\/\/travel-network.co\/wp-content\/uploads\/2015\/03\/google-logo.gif\" \/>\n\t<meta property=\"og:image:width\" content=\"500\" \/>\n\t<meta property=\"og:image:height\" content=\"500\" \/>\n\t<meta property=\"og:image:type\" content=\"image\/gif\" \/>\n<meta name=\"twitter:card\" content=\"summary_large_image\" \/>\n<meta name=\"twitter:site\" content=\"@travelnetworkau\" \/>\n<meta name=\"twitter:label1\" content=\"Tempo di lettura stimato\" \/>\n\t<meta name=\"twitter:data1\" content=\"2 minuti\" \/>\n<script type=\"application\/ld+json\" class=\"yoast-schema-graph\">{\"@context\":\"https:\\\/\\\/schema.org\",\"@graph\":[{\"@type\":\"WebPage\",\"@id\":\"https:\\\/\\\/travel-network.co\\\/it\\\/voli-per-studenti\\\/\",\"url\":\"https:\\\/\\\/travel-network.co\\\/it\\\/voli-per-studenti\\\/\",\"name\":\"Voli per studenti - Travel Network\",\"isPartOf\":{\"@id\":\"https:\\\/\\\/travel-network.co\\\/it\\\/#website\"},\"datePublished\":\"2015-03-22T18:55:25+00:00\",\"dateModified\":\"2020-08-25T22:30:42+00:00\",\"breadcrumb\":{\"@id\":\"https:\\\/\\\/travel-network.co\\\/it\\\/voli-per-studenti\\\/#breadcrumb\"},\"inLanguage\":\"it-IT\",\"potentialAction\":[{\"@type\":\"ReadAction\",\"target\":[\"https:\\\/\\\/travel-network.co\\\/it\\\/voli-per-studenti\\\/\"]}]},{\"@type\":\"BreadcrumbList\",\"@id\":\"https:\\\/\\\/travel-network.co\\\/it\\\/voli-per-studenti\\\/#breadcrumb\",\"itemListElement\":[{\"@type\":\"ListItem\",\"position\":1,\"name\":\"Home\",\"item\":\"https:\\\/\\\/travel-network.co\\\/it\\\/\"},{\"@type\":\"ListItem\",\"position\":2,\"name\":\"Voli per studenti\"}]},{\"@type\":\"WebSite\",\"@id\":\"https:\\\/\\\/travel-network.co\\\/it\\\/#website\",\"url\":\"https:\\\/\\\/travel-network.co\\\/it\\\/\",\"name\":\"Travel Network\",\"description\":\"Travel advice, reviews, news and deals no matter if you are travelling by Land, Water or Air\",\"publisher\":{\"@id\":\"https:\\\/\\\/travel-network.co\\\/it\\\/#organization\"},\"potentialAction\":[{\"@type\":\"SearchAction\",\"target\":{\"@type\":\"EntryPoint\",\"urlTemplate\":\"https:\\\/\\\/travel-network.co\\\/it\\\/?s={search_term_string}\"},\"query-input\":{\"@type\":\"PropertyValueSpecification\",\"valueRequired\":true,\"valueName\":\"search_term_string\"}}],\"inLanguage\":\"it-IT\"},{\"@type\":\"Organization\",\"@id\":\"https:\\\/\\\/travel-network.co\\\/it\\\/#organization\",\"name\":\"Travel Network\",\"url\":\"https:\\\/\\\/travel-network.co\\\/it\\\/\",\"logo\":{\"@type\":\"ImageObject\",\"inLanguage\":\"it-IT\",\"@id\":\"https:\\\/\\\/travel-network.co\\\/it\\\/#\\\/schema\\\/logo\\\/image\\\/\",\"url\":\"https:\\\/\\\/travel-network.co\\\/wp-content\\\/uploads\\\/2015\\\/03\\\/google-logo.gif\",\"contentUrl\":\"https:\\\/\\\/travel-network.co\\\/wp-content\\\/uploads\\\/2015\\\/03\\\/google-logo.gif\",\"width\":500,\"height\":500,\"caption\":\"Travel Network\"},\"image\":{\"@id\":\"https:\\\/\\\/travel-network.co\\\/it\\\/#\\\/schema\\\/logo\\\/image\\\/\"},\"sameAs\":[\"http:\\\/\\\/facebook.com\\\/travel.au\",\"https:\\\/\\\/x.com\\\/travelnetworkau\",\"https:\\\/\\\/instagram.com\\\/travelnetworkau\\\/\",\"https:\\\/\\\/www.linkedin.com\\\/company\\\/3374753\",\"https:\\\/\\\/www.pinterest.com\\\/travelnetwork\\\/\",\"http:\\\/\\\/www.youtube.com\\\/user\\\/TravelNetworkAUS\"]}]}<\/script>\n<!-- \/ Yoast SEO plugin. -->","yoast_head_json":{"title":"Voli per studenti - Travel Network","robots":{"index":"index","follow":"follow","max-snippet":"max-snippet:-1","max-image-preview":"max-image-preview:large","max-video-preview":"max-video-preview:-1"},"canonical":"https:\/\/travel-network.co\/it\/voli-per-studenti\/","og_locale":"it_IT","og_type":"article","og_title":"Voli per studenti - Travel Network","og_description":"Molti studenti scelgono di volare solo perch\u00e9 offre cos\u00ec tante opportunit\u00e0 di istruzione. Viaggiare durante le vacanze degli studenti \u00e8 [&hellip;]","og_url":"https:\/\/travel-network.co\/it\/voli-per-studenti\/","og_site_name":"Travel Network","article_publisher":"http:\/\/facebook.com\/travel.au","article_modified_time":"2020-08-25T22:30:42+00:00","og_image":[{"width":500,"height":500,"url":"https:\/\/travel-network.co\/wp-content\/uploads\/2015\/03\/google-logo.gif","type":"image\/gif"}],"twitter_card":"summary_large_image","twitter_site":"@travelnetworkau","twitter_misc":{"Tempo di lettura stimato":"2 minuti"},"schema":{"@context":"https:\/\/schema.org","@graph":[{"@type":"WebPage","@id":"https:\/\/travel-network.co\/it\/voli-per-studenti\/","url":"https:\/\/travel-network.co\/it\/voli-per-studenti\/","name":"Voli per studenti - Travel Network","isPartOf":{"@id":"https:\/\/travel-network.co\/it\/#website"},"datePublished":"2015-03-22T18:55:25+00:00","dateModified":"2020-08-25T22:30:42+00:00","breadcrumb":{"@id":"https:\/\/travel-network.co\/it\/voli-per-studenti\/#breadcrumb"},"inLanguage":"it-IT","potentialAction":[{"@type":"ReadAction","target":["https:\/\/travel-network.co\/it\/voli-per-studenti\/"]}]},{"@type":"BreadcrumbList","@id":"https:\/\/travel-network.co\/it\/voli-per-studenti\/#breadcrumb","itemListElement":[{"@type":"ListItem","position":1,"name":"Home","item":"https:\/\/travel-network.co\/it\/"},{"@type":"ListItem","position":2,"name":"Voli per studenti"}]},{"@type":"WebSite","@id":"https:\/\/travel-network.co\/it\/#website","url":"https:\/\/travel-network.co\/it\/","name":"Travel Network","description":"Travel advice, reviews, news and deals no matter if you are travelling by Land, Water or Air","publisher":{"@id":"https:\/\/travel-network.co\/it\/#organization"},"potentialAction":[{"@type":"SearchAction","target":{"@type":"EntryPoint","urlTemplate":"https:\/\/travel-network.co\/it\/?s={search_term_string}"},"query-input":{"@type":"PropertyValueSpecification","valueRequired":true,"valueName":"search_term_string"}}],"inLanguage":"it-IT"},{"@type":"Organization","@id":"https:\/\/travel-network.co\/it\/#organization","name":"Travel Network","url":"https:\/\/travel-network.co\/it\/","logo":{"@type":"ImageObject","inLanguage":"it-IT","@id":"https:\/\/travel-network.co\/it\/#\/schema\/logo\/image\/","url":"https:\/\/travel-network.co\/wp-content\/uploads\/2015\/03\/google-logo.gif","contentUrl":"https:\/\/travel-network.co\/wp-content\/uploads\/2015\/03\/google-logo.gif","width":500,"height":500,"caption":"Travel Network"},"image":{"@id":"https:\/\/travel-network.co\/it\/#\/schema\/logo\/image\/"},"sameAs":["http:\/\/facebook.com\/travel.au","https:\/\/x.com\/travelnetworkau","https:\/\/instagram.com\/travelnetworkau\/","https:\/\/www.linkedin.com\/company\/3374753","https:\/\/www.pinterest.com\/travelnetwork\/","http:\/\/www.youtube.com\/user\/TravelNetworkAUS"]}]}},"_links":{"self":[{"href":"https:\/\/travel-network.co\/it\/wp-json\/wp\/v2\/pages\/27156","targetHints":{"allow":["GET"]}}],"collection":[{"href":"https:\/\/travel-network.co\/it\/wp-json\/wp\/v2\/pages"}],"about":[{"href":"https:\/\/travel-network.co\/it\/wp-json\/wp\/v2\/types\/page"}],"author":[{"embeddable":true,"href":"https:\/\/travel-network.co\/it\/wp-json\/wp\/v2\/users\/2"}],"replies":[{"embeddable":true,"href":"https:\/\/travel-network.co\/it\/wp-json\/wp\/v2\/comments?post=27156"}],"version-history":[{"count":0,"href":"https:\/\/travel-network.co\/it\/wp-json\/wp\/v2\/pages\/27156\/revisions"}],"wp:attachment":[{"href":"https:\/\/travel-network.co\/it\/wp-json\/wp\/v2\/media?parent=27156"}],"curies":[{"name":"wp","href":"https:\/\/api.w.org\/{rel}","templated":true}]}}