{"id":27181,"date":"2015-03-22T18:49:17","date_gmt":"2015-03-22T18:49:17","guid":{"rendered":"https:\/\/travel-network.co\/?page_id=27181"},"modified":"2020-08-25T22:44:35","modified_gmt":"2020-08-25T22:44:35","slug":"voli-last-minute","status":"publish","type":"page","link":"https:\/\/travel-network.co\/it\/voli-last-minute\/","title":{"rendered":"Voli last minute"},"content":{"rendered":"\n<p>A volte ci si pu\u00f2 trovare in una situazione in cui non si ha il tempo di prenotare il volo in anticipo. Sia che si tratti di un&#8217;emergenza familiare o di un viaggio di lavoro con breve preavviso, allora potrebbe essere necessario prenotare voli last minute. Tuttavia, come forse saprete, ci sono delle complicazioni che si presentano quando si prenota un volo all&#8217;ultimo minuto e dovrete tenerle a mente. Se sapete cosa aspettarvi, potete prenotare il vostro viaggio in modo pi\u00f9 agevole.<br>La prima cosa da tenere a mente \u00e8 che i voli dell&#8217;ultimo minuto costeranno di pi\u00f9. Infatti, possono costare anche il doppio di quanto avreste pagato se aveste potuto prenotare il volo con qualche settimana di anticipo. Questa spesa extra \u00e8 solo una cosa che dovrete affrontare e aspettarvi. Se avete un&#8217;emergenza familiare, potete considerare di chiamare la compagnia aerea per vedere se c&#8217;\u00e8 comunque una parte di quel costo che pu\u00f2 essere abbassata.<\/p>\n\n\n\n<p>Un&#8217;altra cosa da considerare quando si tratta di voli last minute \u00e8 che a volte, possono essere prenotati, soprattutto se avete bisogno di viaggiare durante la stagione impegnativa. Potrebbe essere necessario essere pi\u00f9 flessibili riguardo al tempo in cui si \u00e8 disposti a volare. Se siete pi\u00f9 disposti a volare nel cuore della notte o in altri orari dispari, allora potreste trovare pi\u00f9 facilmente un volo aperto. Inoltre, tenete presente che lo standby \u00e8 un&#8217;opzione. Se scegliete di volare in standby per un volo completo, allora dovrete arrivare all&#8217;aeroporto e aspettare. Il vostro nome sar\u00e0 inserito in una lista e dovrete solo aspettare e vedere se un posto diventa disponibile. L&#8217;unica cosa che riguarda lo standby \u00e8 che potreste passare molto tempo in attesa all&#8217;aeroporto, e potreste anche non ottenere un biglietto sul volo che volevate.<\/p>\n\n\n\n<p>I voli last minute possono essere costosi. Questo \u00e8 un problema da affrontare quando si tratta di volare con poco preavviso. Tuttavia, ci sono momenti in cui \u00e8 sufficiente volare all&#8217;ultimo minuto, sia che si tratti di una riunione di lavoro con breve preavviso, di un&#8217;emergenza familiare o di qualche altra situazione. Ci sono modi per rendere un volo dell&#8217;ultimo minuto pi\u00f9 tranquillo. Siate flessibili su quando siete disposti a volare e considerate la possibilit\u00e0 di volare in standby e non dovreste avere problemi ad ottenere il volo di cui avete bisogno.<\/p>\n","protected":false},"excerpt":{"rendered":"<p>A volte ci si pu\u00f2 trovare in una situazione in cui non si ha il tempo di prenotare il volo [&hellip;]<\/p>\n","protected":false},"author":2,"featured_media":0,"parent":0,"menu_order":0,"comment_status":"closed","ping_status":"closed","template":"","meta":{"footnotes":""},"class_list":["post-27181","page","type-page","status-publish","hentry"],"yoast_head":"<!-- This site is optimized with the Yoast SEO plugin v27.3 - https:\/\/yoast.com\/product\/yoast-seo-wordpress\/ -->\n<title>Voli last minute - Travel Network<\/title>\n<meta name=\"robots\" content=\"index, follow, max-snippet:-1, max-image-preview:large, max-video-preview:-1\" \/>\n<link rel=\"canonical\" href=\"https:\/\/travel-network.co\/it\/voli-last-minute\/\" \/>\n<meta property=\"og:locale\" content=\"it_IT\" \/>\n<meta property=\"og:type\" content=\"article\" \/>\n<meta property=\"og:title\" content=\"Voli last minute - Travel Network\" \/>\n<meta property=\"og:description\" content=\"A volte ci si pu\u00f2 trovare in una situazione in cui non si ha il tempo di prenotare il volo [&hellip;]\" \/>\n<meta property=\"og:url\" content=\"https:\/\/travel-network.co\/it\/voli-last-minute\/\" \/>\n<meta property=\"og:site_name\" content=\"Travel Network\" \/>\n<meta property=\"article:publisher\" content=\"http:\/\/facebook.com\/travel.au\" \/>\n<meta property=\"article:modified_time\" content=\"2020-08-25T22:44:35+00:00\" \/>\n<meta property=\"og:image\" content=\"https:\/\/travel-network.co\/wp-content\/uploads\/2015\/03\/google-logo.gif\" \/>\n\t<meta property=\"og:image:width\" content=\"500\" \/>\n\t<meta property=\"og:image:height\" content=\"500\" \/>\n\t<meta property=\"og:image:type\" content=\"image\/gif\" \/>\n<meta name=\"twitter:card\" content=\"summary_large_image\" \/>\n<meta name=\"twitter:site\" content=\"@travelnetworkau\" \/>\n<meta name=\"twitter:label1\" content=\"Tempo di lettura stimato\" \/>\n\t<meta name=\"twitter:data1\" content=\"2 minuti\" \/>\n<script type=\"application\/ld+json\" class=\"yoast-schema-graph\">{\"@context\":\"https:\\\/\\\/schema.org\",\"@graph\":[{\"@type\":\"WebPage\",\"@id\":\"https:\\\/\\\/travel-network.co\\\/it\\\/voli-last-minute\\\/\",\"url\":\"https:\\\/\\\/travel-network.co\\\/it\\\/voli-last-minute\\\/\",\"name\":\"Voli last minute - Travel Network\",\"isPartOf\":{\"@id\":\"https:\\\/\\\/travel-network.co\\\/it\\\/#website\"},\"datePublished\":\"2015-03-22T18:49:17+00:00\",\"dateModified\":\"2020-08-25T22:44:35+00:00\",\"breadcrumb\":{\"@id\":\"https:\\\/\\\/travel-network.co\\\/it\\\/voli-last-minute\\\/#breadcrumb\"},\"inLanguage\":\"it-IT\",\"potentialAction\":[{\"@type\":\"ReadAction\",\"target\":[\"https:\\\/\\\/travel-network.co\\\/it\\\/voli-last-minute\\\/\"]}]},{\"@type\":\"BreadcrumbList\",\"@id\":\"https:\\\/\\\/travel-network.co\\\/it\\\/voli-last-minute\\\/#breadcrumb\",\"itemListElement\":[{\"@type\":\"ListItem\",\"position\":1,\"name\":\"Home\",\"item\":\"https:\\\/\\\/travel-network.co\\\/it\\\/\"},{\"@type\":\"ListItem\",\"position\":2,\"name\":\"Voli last minute\"}]},{\"@type\":\"WebSite\",\"@id\":\"https:\\\/\\\/travel-network.co\\\/it\\\/#website\",\"url\":\"https:\\\/\\\/travel-network.co\\\/it\\\/\",\"name\":\"Travel Network\",\"description\":\"Travel advice, reviews, news and deals no matter if you are travelling by Land, Water or Air\",\"publisher\":{\"@id\":\"https:\\\/\\\/travel-network.co\\\/it\\\/#organization\"},\"potentialAction\":[{\"@type\":\"SearchAction\",\"target\":{\"@type\":\"EntryPoint\",\"urlTemplate\":\"https:\\\/\\\/travel-network.co\\\/it\\\/?s={search_term_string}\"},\"query-input\":{\"@type\":\"PropertyValueSpecification\",\"valueRequired\":true,\"valueName\":\"search_term_string\"}}],\"inLanguage\":\"it-IT\"},{\"@type\":\"Organization\",\"@id\":\"https:\\\/\\\/travel-network.co\\\/it\\\/#organization\",\"name\":\"Travel Network\",\"url\":\"https:\\\/\\\/travel-network.co\\\/it\\\/\",\"logo\":{\"@type\":\"ImageObject\",\"inLanguage\":\"it-IT\",\"@id\":\"https:\\\/\\\/travel-network.co\\\/it\\\/#\\\/schema\\\/logo\\\/image\\\/\",\"url\":\"https:\\\/\\\/travel-network.co\\\/wp-content\\\/uploads\\\/2015\\\/03\\\/google-logo.gif\",\"contentUrl\":\"https:\\\/\\\/travel-network.co\\\/wp-content\\\/uploads\\\/2015\\\/03\\\/google-logo.gif\",\"width\":500,\"height\":500,\"caption\":\"Travel Network\"},\"image\":{\"@id\":\"https:\\\/\\\/travel-network.co\\\/it\\\/#\\\/schema\\\/logo\\\/image\\\/\"},\"sameAs\":[\"http:\\\/\\\/facebook.com\\\/travel.au\",\"https:\\\/\\\/x.com\\\/travelnetworkau\",\"https:\\\/\\\/instagram.com\\\/travelnetworkau\\\/\",\"https:\\\/\\\/www.linkedin.com\\\/company\\\/3374753\",\"https:\\\/\\\/www.pinterest.com\\\/travelnetwork\\\/\",\"http:\\\/\\\/www.youtube.com\\\/user\\\/TravelNetworkAUS\"]}]}<\/script>\n<!-- \/ Yoast SEO plugin. -->","yoast_head_json":{"title":"Voli last minute - Travel Network","robots":{"index":"index","follow":"follow","max-snippet":"max-snippet:-1","max-image-preview":"max-image-preview:large","max-video-preview":"max-video-preview:-1"},"canonical":"https:\/\/travel-network.co\/it\/voli-last-minute\/","og_locale":"it_IT","og_type":"article","og_title":"Voli last minute - Travel Network","og_description":"A volte ci si pu\u00f2 trovare in una situazione in cui non si ha il tempo di prenotare il volo [&hellip;]","og_url":"https:\/\/travel-network.co\/it\/voli-last-minute\/","og_site_name":"Travel Network","article_publisher":"http:\/\/facebook.com\/travel.au","article_modified_time":"2020-08-25T22:44:35+00:00","og_image":[{"width":500,"height":500,"url":"https:\/\/travel-network.co\/wp-content\/uploads\/2015\/03\/google-logo.gif","type":"image\/gif"}],"twitter_card":"summary_large_image","twitter_site":"@travelnetworkau","twitter_misc":{"Tempo di lettura stimato":"2 minuti"},"schema":{"@context":"https:\/\/schema.org","@graph":[{"@type":"WebPage","@id":"https:\/\/travel-network.co\/it\/voli-last-minute\/","url":"https:\/\/travel-network.co\/it\/voli-last-minute\/","name":"Voli last minute - Travel Network","isPartOf":{"@id":"https:\/\/travel-network.co\/it\/#website"},"datePublished":"2015-03-22T18:49:17+00:00","dateModified":"2020-08-25T22:44:35+00:00","breadcrumb":{"@id":"https:\/\/travel-network.co\/it\/voli-last-minute\/#breadcrumb"},"inLanguage":"it-IT","potentialAction":[{"@type":"ReadAction","target":["https:\/\/travel-network.co\/it\/voli-last-minute\/"]}]},{"@type":"BreadcrumbList","@id":"https:\/\/travel-network.co\/it\/voli-last-minute\/#breadcrumb","itemListElement":[{"@type":"ListItem","position":1,"name":"Home","item":"https:\/\/travel-network.co\/it\/"},{"@type":"ListItem","position":2,"name":"Voli last minute"}]},{"@type":"WebSite","@id":"https:\/\/travel-network.co\/it\/#website","url":"https:\/\/travel-network.co\/it\/","name":"Travel Network","description":"Travel advice, reviews, news and deals no matter if you are travelling by Land, Water or Air","publisher":{"@id":"https:\/\/travel-network.co\/it\/#organization"},"potentialAction":[{"@type":"SearchAction","target":{"@type":"EntryPoint","urlTemplate":"https:\/\/travel-network.co\/it\/?s={search_term_string}"},"query-input":{"@type":"PropertyValueSpecification","valueRequired":true,"valueName":"search_term_string"}}],"inLanguage":"it-IT"},{"@type":"Organization","@id":"https:\/\/travel-network.co\/it\/#organization","name":"Travel Network","url":"https:\/\/travel-network.co\/it\/","logo":{"@type":"ImageObject","inLanguage":"it-IT","@id":"https:\/\/travel-network.co\/it\/#\/schema\/logo\/image\/","url":"https:\/\/travel-network.co\/wp-content\/uploads\/2015\/03\/google-logo.gif","contentUrl":"https:\/\/travel-network.co\/wp-content\/uploads\/2015\/03\/google-logo.gif","width":500,"height":500,"caption":"Travel Network"},"image":{"@id":"https:\/\/travel-network.co\/it\/#\/schema\/logo\/image\/"},"sameAs":["http:\/\/facebook.com\/travel.au","https:\/\/x.com\/travelnetworkau","https:\/\/instagram.com\/travelnetworkau\/","https:\/\/www.linkedin.com\/company\/3374753","https:\/\/www.pinterest.com\/travelnetwork\/","http:\/\/www.youtube.com\/user\/TravelNetworkAUS"]}]}},"_links":{"self":[{"href":"https:\/\/travel-network.co\/it\/wp-json\/wp\/v2\/pages\/27181","targetHints":{"allow":["GET"]}}],"collection":[{"href":"https:\/\/travel-network.co\/it\/wp-json\/wp\/v2\/pages"}],"about":[{"href":"https:\/\/travel-network.co\/it\/wp-json\/wp\/v2\/types\/page"}],"author":[{"embeddable":true,"href":"https:\/\/travel-network.co\/it\/wp-json\/wp\/v2\/users\/2"}],"replies":[{"embeddable":true,"href":"https:\/\/travel-network.co\/it\/wp-json\/wp\/v2\/comments?post=27181"}],"version-history":[{"count":0,"href":"https:\/\/travel-network.co\/it\/wp-json\/wp\/v2\/pages\/27181\/revisions"}],"wp:attachment":[{"href":"https:\/\/travel-network.co\/it\/wp-json\/wp\/v2\/media?parent=27181"}],"curies":[{"name":"wp","href":"https:\/\/api.w.org\/{rel}","templated":true}]}}