{"id":27161,"date":"2015-03-22T18:55:25","date_gmt":"2015-03-22T18:55:25","guid":{"rendered":"https:\/\/travel-network.co\/?page_id=27161"},"modified":"2020-08-25T22:32:25","modified_gmt":"2020-08-25T22:32:25","slug":"loty-studenckie","status":"publish","type":"page","link":"https:\/\/travel-network.co\/pl\/loty-studenckie\/","title":{"rendered":"Loty studenckie"},"content":{"rendered":"\n<p>Wielu student\u00f3w decyduje si\u0119 na lot tylko dlatego, \u017ce daje on tak wiele mo\u017cliwo\u015bci edukacyjnych. Podr\u00f3\u017cowanie podczas wakacji studenckich to \u015bwietny spos\u00f3b, aby dowiedzie\u0107 si\u0119 wi\u0119cej o \u015bwiecie, kulturze, sztuce, historii i wielu innych sprawach. Jednak bardzo niewielu student\u00f3w ma fundusze na op\u0142acenie lotu z kieszeni. Z tego powodu, niekt\u00f3rzy studenci nigdy nie maj\u0105 mo\u017cliwo\u015bci podr\u00f3\u017cowania, kiedy chc\u0105. Je\u015bli chcesz pojecha\u0107 na studenckie wakacje, to musisz zacz\u0105\u0107 od lot\u00f3w studenckich. Cho\u0107 mog\u0105 one by\u0107 bardzo drogie, istniej\u0105 sposoby na zaoszcz\u0119dzenie pieni\u0119dzy, aby podr\u00f3\u017c by\u0142a bardziej przyst\u0119pna cenowo. Oto kilka wskaz\u00f3wek, kt\u00f3re pomog\u0105 Ci znale\u017a\u0107 loty studenckie, zaoszcz\u0119dzi\u0107 na nich pieni\u0105dze i cieszy\u0107 si\u0119 podr\u00f3\u017c\u0105.<\/p>\n\n\n\n<p>Loty subwencjonowane<br>Pierwsz\u0105 rzecz\u0105, kt\u00f3r\u0105 musisz wiedzie\u0107 jest to, \u017ce je\u015bli podr\u00f3\u017cujesz w celu zdobycia jakiegokolwiek do\u015bwiadczenia w nauce, mo\u017cesz uzyska\u0107 dofinansowanie w ca\u0142o\u015bci lub w cz\u0119\u015bci do swoich lot\u00f3w studenckich. Jednym z miejsc, w kt\u00f3rym powiniene\u015b szuka\u0107 jest Twoja instytucja edukacyjna. Wiele college&#8217;\u00f3w i instytucji zap\u0142aci za wi\u0119kszo\u015b\u0107 lot\u00f3w studenckich, o ile s\u0105 one cz\u0119\u015bci\u0105 programu edukacyjnego. Aby z tego skorzysta\u0107, by\u0107 mo\u017ce b\u0119dziesz musia\u0142 ucz\u0119szcza\u0107 na niekt\u00f3re programy edukacyjne lub b\u0119dziesz musia\u0142 je\u017adzi\u0107 jako grupa. Jest to jednak \u015bwietny spos\u00f3b, aby uzyska\u0107 loty studenckie za niewiele lub za nic.<\/p>\n\n\n\n<p>Rezerwacja lot\u00f3w studenckich<br>Podczas rezerwacji lot\u00f3w studenckich nale\u017cy wzi\u0105\u0107 pod uwag\u0119 kilka rzeczy. Na przyk\u0142ad, niekt\u00f3re linie lotnicze oferuj\u0105 ni\u017csze ceny bilet\u00f3w lotniczych, je\u015bli podr\u00f3\u017cujesz jako student. Zanim zarezerwujesz sw\u00f3j lot, b\u0119dziesz chcia\u0142 zapozna\u0107 si\u0119 z tymi opcjami. By\u0107 mo\u017ce b\u0119dziesz musia\u0142 rozejrze\u0107 si\u0119 za r\u00f3\u017cnymi liniami lotniczymi, zanim wybierzesz jedn\u0105 z nich. Ponadto nale\u017cy pami\u0119ta\u0107, \u017ce w przypadku lot\u00f3w mi\u0119dzynarodowych obowi\u0105zuj\u0105 bardzo r\u00f3\u017cne zasady dotycz\u0105ce podr\u00f3\u017cy, bezpiecze\u0144stwa i baga\u017cu. Musisz zrozumie\u0107 wszystkie te zasady, zanim wybierzesz si\u0119 na wycieczk\u0119 studenck\u0105.<\/p>\n\n\n\n<p>Uzyskanie mi\u0119dzynarodowego dowodu to\u017csamo\u015bci studenta<br>Jest jedna wielka opcja, kt\u00f3ra mo\u017ce zaoszcz\u0119dzi\u0107 pieni\u0105dze i da\u0107 Ci dost\u0119p do wielu rzeczy, kiedy wyje\u017cd\u017casz z kraju jako student. By\u0142by to mi\u0119dzynarodowy dokument to\u017csamo\u015bci studenta. B\u0119dziesz musia\u0142 ui\u015bci\u0107 op\u0142at\u0119 za t\u0119 kart\u0119, ale b\u0119dzie ona dobra w wielu r\u00f3\u017cnych krajach, kt\u00f3re mo\u017cesz wybra\u0107 do odwiedzenia. Karta ta da Ci zni\u017cki na wiele rzeczy, takich jak hostele studenckie, bilety do muze\u00f3w i na imprezy, miejsca kultury i wiele innych. Dzi\u0119ki tej karcie mo\u017cesz nawet zaoszcz\u0119dzi\u0107 pieni\u0105dze na lotach studenckich. Je\u015bli b\u0119dziesz podr\u00f3\u017cowa\u0107 za granic\u0105, to na pewno b\u0119dziesz chcia\u0142 rozwa\u017cy\u0107 uiszczenie niewielkiej op\u0142aty.<\/p>\n\n\n\n<p>Loty studenckie mog\u0105 by\u0107 czym\u015b, co zdaniem wielu m\u0142odych ludzi jest poza zasi\u0119giem tylko z powodu koszt\u00f3w. Nawet zni\u017cki na bilety lotnicze, kt\u00f3re wiele linii lotniczych oferuje studentom, mog\u0105 by\u0107 niezwykle kosztowne. Istniej\u0105 jednak sposoby, aby zap\u0142aci\u0107 za lot lub otrzyma\u0107 jego cz\u0119\u015b\u0107, aby m\u00f3c cieszy\u0107 si\u0119 podr\u00f3\u017c\u0105 na ca\u0142e \u017cycie. Upewnij si\u0119 tylko, \u017ce rozwa\u017casz zni\u017cki i subsydia, kt\u00f3re mog\u0105 Ci pom\u00f3c.<\/p>\n","protected":false},"excerpt":{"rendered":"<p>Wielu student\u00f3w decyduje si\u0119 na lot tylko dlatego, \u017ce daje on tak wiele mo\u017cliwo\u015bci edukacyjnych. Podr\u00f3\u017cowanie podczas wakacji studenckich to [&hellip;]<\/p>\n","protected":false},"author":2,"featured_media":0,"parent":0,"menu_order":0,"comment_status":"closed","ping_status":"closed","template":"","meta":{"footnotes":""},"class_list":["post-27161","page","type-page","status-publish","hentry"],"yoast_head":"<!-- This site is optimized with the Yoast SEO plugin v27.3 - https:\/\/yoast.com\/product\/yoast-seo-wordpress\/ -->\n<title>Loty studenckie - Travel Network<\/title>\n<meta name=\"robots\" content=\"index, follow, max-snippet:-1, max-image-preview:large, max-video-preview:-1\" \/>\n<link rel=\"canonical\" href=\"https:\/\/travel-network.co\/pl\/loty-studenckie\/\" \/>\n<meta property=\"og:locale\" content=\"pl_PL\" \/>\n<meta property=\"og:type\" content=\"article\" \/>\n<meta property=\"og:title\" content=\"Loty studenckie - Travel Network\" \/>\n<meta property=\"og:description\" content=\"Wielu student\u00f3w decyduje si\u0119 na lot tylko dlatego, \u017ce daje on tak wiele mo\u017cliwo\u015bci edukacyjnych. Podr\u00f3\u017cowanie podczas wakacji studenckich to [&hellip;]\" \/>\n<meta property=\"og:url\" content=\"https:\/\/travel-network.co\/pl\/loty-studenckie\/\" \/>\n<meta property=\"og:site_name\" content=\"Travel Network\" \/>\n<meta property=\"article:publisher\" content=\"http:\/\/facebook.com\/travel.au\" \/>\n<meta property=\"article:modified_time\" content=\"2020-08-25T22:32:25+00:00\" \/>\n<meta property=\"og:image\" content=\"https:\/\/travel-network.co\/wp-content\/uploads\/2015\/03\/google-logo.gif\" \/>\n\t<meta property=\"og:image:width\" content=\"500\" \/>\n\t<meta property=\"og:image:height\" content=\"500\" \/>\n\t<meta property=\"og:image:type\" content=\"image\/gif\" \/>\n<meta name=\"twitter:card\" content=\"summary_large_image\" \/>\n<meta name=\"twitter:site\" content=\"@travelnetworkau\" \/>\n<meta name=\"twitter:label1\" content=\"Szacowany czas czytania\" \/>\n\t<meta name=\"twitter:data1\" content=\"3 minuty\" \/>\n<script type=\"application\/ld+json\" class=\"yoast-schema-graph\">{\"@context\":\"https:\\\/\\\/schema.org\",\"@graph\":[{\"@type\":\"WebPage\",\"@id\":\"https:\\\/\\\/travel-network.co\\\/pl\\\/loty-studenckie\\\/\",\"url\":\"https:\\\/\\\/travel-network.co\\\/pl\\\/loty-studenckie\\\/\",\"name\":\"Loty studenckie - Travel Network\",\"isPartOf\":{\"@id\":\"https:\\\/\\\/travel-network.co\\\/pl\\\/#website\"},\"datePublished\":\"2015-03-22T18:55:25+00:00\",\"dateModified\":\"2020-08-25T22:32:25+00:00\",\"breadcrumb\":{\"@id\":\"https:\\\/\\\/travel-network.co\\\/pl\\\/loty-studenckie\\\/#breadcrumb\"},\"inLanguage\":\"pl-PL\",\"potentialAction\":[{\"@type\":\"ReadAction\",\"target\":[\"https:\\\/\\\/travel-network.co\\\/pl\\\/loty-studenckie\\\/\"]}]},{\"@type\":\"BreadcrumbList\",\"@id\":\"https:\\\/\\\/travel-network.co\\\/pl\\\/loty-studenckie\\\/#breadcrumb\",\"itemListElement\":[{\"@type\":\"ListItem\",\"position\":1,\"name\":\"Home\",\"item\":\"https:\\\/\\\/travel-network.co\\\/pl\\\/\"},{\"@type\":\"ListItem\",\"position\":2,\"name\":\"Loty studenckie\"}]},{\"@type\":\"WebSite\",\"@id\":\"https:\\\/\\\/travel-network.co\\\/pl\\\/#website\",\"url\":\"https:\\\/\\\/travel-network.co\\\/pl\\\/\",\"name\":\"Travel Network\",\"description\":\"Travel advice, reviews, news and deals no matter if you are travelling by Land, Water or Air\",\"publisher\":{\"@id\":\"https:\\\/\\\/travel-network.co\\\/pl\\\/#organization\"},\"potentialAction\":[{\"@type\":\"SearchAction\",\"target\":{\"@type\":\"EntryPoint\",\"urlTemplate\":\"https:\\\/\\\/travel-network.co\\\/pl\\\/?s={search_term_string}\"},\"query-input\":{\"@type\":\"PropertyValueSpecification\",\"valueRequired\":true,\"valueName\":\"search_term_string\"}}],\"inLanguage\":\"pl-PL\"},{\"@type\":\"Organization\",\"@id\":\"https:\\\/\\\/travel-network.co\\\/pl\\\/#organization\",\"name\":\"Travel Network\",\"url\":\"https:\\\/\\\/travel-network.co\\\/pl\\\/\",\"logo\":{\"@type\":\"ImageObject\",\"inLanguage\":\"pl-PL\",\"@id\":\"https:\\\/\\\/travel-network.co\\\/pl\\\/#\\\/schema\\\/logo\\\/image\\\/\",\"url\":\"https:\\\/\\\/travel-network.co\\\/wp-content\\\/uploads\\\/2015\\\/03\\\/google-logo.gif\",\"contentUrl\":\"https:\\\/\\\/travel-network.co\\\/wp-content\\\/uploads\\\/2015\\\/03\\\/google-logo.gif\",\"width\":500,\"height\":500,\"caption\":\"Travel Network\"},\"image\":{\"@id\":\"https:\\\/\\\/travel-network.co\\\/pl\\\/#\\\/schema\\\/logo\\\/image\\\/\"},\"sameAs\":[\"http:\\\/\\\/facebook.com\\\/travel.au\",\"https:\\\/\\\/x.com\\\/travelnetworkau\",\"https:\\\/\\\/instagram.com\\\/travelnetworkau\\\/\",\"https:\\\/\\\/www.linkedin.com\\\/company\\\/3374753\",\"https:\\\/\\\/www.pinterest.com\\\/travelnetwork\\\/\",\"http:\\\/\\\/www.youtube.com\\\/user\\\/TravelNetworkAUS\"]}]}<\/script>\n<!-- \/ Yoast SEO plugin. -->","yoast_head_json":{"title":"Loty studenckie - Travel Network","robots":{"index":"index","follow":"follow","max-snippet":"max-snippet:-1","max-image-preview":"max-image-preview:large","max-video-preview":"max-video-preview:-1"},"canonical":"https:\/\/travel-network.co\/pl\/loty-studenckie\/","og_locale":"pl_PL","og_type":"article","og_title":"Loty studenckie - Travel Network","og_description":"Wielu student\u00f3w decyduje si\u0119 na lot tylko dlatego, \u017ce daje on tak wiele mo\u017cliwo\u015bci edukacyjnych. Podr\u00f3\u017cowanie podczas wakacji studenckich to [&hellip;]","og_url":"https:\/\/travel-network.co\/pl\/loty-studenckie\/","og_site_name":"Travel Network","article_publisher":"http:\/\/facebook.com\/travel.au","article_modified_time":"2020-08-25T22:32:25+00:00","og_image":[{"width":500,"height":500,"url":"https:\/\/travel-network.co\/wp-content\/uploads\/2015\/03\/google-logo.gif","type":"image\/gif"}],"twitter_card":"summary_large_image","twitter_site":"@travelnetworkau","twitter_misc":{"Szacowany czas czytania":"3 minuty"},"schema":{"@context":"https:\/\/schema.org","@graph":[{"@type":"WebPage","@id":"https:\/\/travel-network.co\/pl\/loty-studenckie\/","url":"https:\/\/travel-network.co\/pl\/loty-studenckie\/","name":"Loty studenckie - Travel Network","isPartOf":{"@id":"https:\/\/travel-network.co\/pl\/#website"},"datePublished":"2015-03-22T18:55:25+00:00","dateModified":"2020-08-25T22:32:25+00:00","breadcrumb":{"@id":"https:\/\/travel-network.co\/pl\/loty-studenckie\/#breadcrumb"},"inLanguage":"pl-PL","potentialAction":[{"@type":"ReadAction","target":["https:\/\/travel-network.co\/pl\/loty-studenckie\/"]}]},{"@type":"BreadcrumbList","@id":"https:\/\/travel-network.co\/pl\/loty-studenckie\/#breadcrumb","itemListElement":[{"@type":"ListItem","position":1,"name":"Home","item":"https:\/\/travel-network.co\/pl\/"},{"@type":"ListItem","position":2,"name":"Loty studenckie"}]},{"@type":"WebSite","@id":"https:\/\/travel-network.co\/pl\/#website","url":"https:\/\/travel-network.co\/pl\/","name":"Travel Network","description":"Travel advice, reviews, news and deals no matter if you are travelling by Land, Water or Air","publisher":{"@id":"https:\/\/travel-network.co\/pl\/#organization"},"potentialAction":[{"@type":"SearchAction","target":{"@type":"EntryPoint","urlTemplate":"https:\/\/travel-network.co\/pl\/?s={search_term_string}"},"query-input":{"@type":"PropertyValueSpecification","valueRequired":true,"valueName":"search_term_string"}}],"inLanguage":"pl-PL"},{"@type":"Organization","@id":"https:\/\/travel-network.co\/pl\/#organization","name":"Travel Network","url":"https:\/\/travel-network.co\/pl\/","logo":{"@type":"ImageObject","inLanguage":"pl-PL","@id":"https:\/\/travel-network.co\/pl\/#\/schema\/logo\/image\/","url":"https:\/\/travel-network.co\/wp-content\/uploads\/2015\/03\/google-logo.gif","contentUrl":"https:\/\/travel-network.co\/wp-content\/uploads\/2015\/03\/google-logo.gif","width":500,"height":500,"caption":"Travel Network"},"image":{"@id":"https:\/\/travel-network.co\/pl\/#\/schema\/logo\/image\/"},"sameAs":["http:\/\/facebook.com\/travel.au","https:\/\/x.com\/travelnetworkau","https:\/\/instagram.com\/travelnetworkau\/","https:\/\/www.linkedin.com\/company\/3374753","https:\/\/www.pinterest.com\/travelnetwork\/","http:\/\/www.youtube.com\/user\/TravelNetworkAUS"]}]}},"_links":{"self":[{"href":"https:\/\/travel-network.co\/pl\/wp-json\/wp\/v2\/pages\/27161","targetHints":{"allow":["GET"]}}],"collection":[{"href":"https:\/\/travel-network.co\/pl\/wp-json\/wp\/v2\/pages"}],"about":[{"href":"https:\/\/travel-network.co\/pl\/wp-json\/wp\/v2\/types\/page"}],"author":[{"embeddable":true,"href":"https:\/\/travel-network.co\/pl\/wp-json\/wp\/v2\/users\/2"}],"replies":[{"embeddable":true,"href":"https:\/\/travel-network.co\/pl\/wp-json\/wp\/v2\/comments?post=27161"}],"version-history":[{"count":0,"href":"https:\/\/travel-network.co\/pl\/wp-json\/wp\/v2\/pages\/27161\/revisions"}],"wp:attachment":[{"href":"https:\/\/travel-network.co\/pl\/wp-json\/wp\/v2\/media?parent=27161"}],"curies":[{"name":"wp","href":"https:\/\/api.w.org\/{rel}","templated":true}]}}