{"id":27186,"date":"2015-03-22T18:49:17","date_gmt":"2015-03-22T18:49:17","guid":{"rendered":"https:\/\/travel-network.co\/?page_id=27186"},"modified":"2020-08-25T22:46:15","modified_gmt":"2020-08-25T22:46:15","slug":"loty-last-minute","status":"publish","type":"page","link":"https:\/\/travel-network.co\/pl\/loty-last-minute\/","title":{"rendered":"Loty Last Minute"},"content":{"rendered":"\n<p>Czasami mo\u017cesz znale\u017a\u0107 si\u0119 w sytuacji, w kt\u00f3rej nie masz czasu na wczesn\u0105 rezerwacj\u0119 lotu. Bez wzgl\u0119du na to, czy masz do czynienia z nag\u0142ym wypadkiem rodzinnym, czy te\u017c kr\u00f3tk\u0105 podr\u00f3\u017c\u0105 s\u0142u\u017cbow\u0105, by\u0107 mo\u017ce b\u0119dziesz musia\u0142 zarezerwowa\u0107 lot w ostatniej chwili. Jednak\u017ce, jak by\u0107 mo\u017ce wiesz, istniej\u0105 komplikacje, kt\u00f3re pojawiaj\u0105 si\u0119 wraz z rezerwacj\u0105 lotu w ostatniej chwili i b\u0119dziesz musia\u0142 mie\u0107 te komplikacje na uwadze. Je\u015bli wiesz, czego si\u0119 spodziewa\u0107, mo\u017cesz spokojnie zarezerwowa\u0107 podr\u00f3\u017c.<br>Pierwsz\u0105 rzecz\u0105, o kt\u00f3rej musisz pami\u0119ta\u0107 jest to, \u017ce lot w ostatniej chwili b\u0119dzie kosztowa\u0142 wi\u0119cej. W rzeczywisto\u015bci mog\u0105 one kosztowa\u0107 nawet dwa razy tyle, ile zap\u0142aci\u0142by\u015b, gdyby\u015b m\u00f3g\u0142 zarezerwowa\u0107 lot kilka tygodni wcze\u015bniej. Ten dodatkowy wydatek jest tylko czym\u015b, z czym b\u0119dziesz musia\u0142 sobie poradzi\u0107 i czego si\u0119 spodziewa\u0107. Je\u015bli masz nag\u0142y wypadek rodzinny, mo\u017cesz rozwa\u017cy\u0107 zadzwonienie do linii lotniczych, aby sprawdzi\u0107, czy i tak niekt\u00f3re z tych koszt\u00f3w mog\u0105 zosta\u0107 obni\u017cone.<\/p>\n\n\n\n<p>Inn\u0105 rzecz\u0105, kt\u00f3r\u0105 nale\u017cy wzi\u0105\u0107 pod uwag\u0119, je\u015bli chodzi o loty w ostatniej chwili, jest to, \u017ce czasami mo\u017cna je zarezerwowa\u0107, zw\u0142aszcza je\u015bli trzeba podr\u00f3\u017cowa\u0107 w czasie sezonu. By\u0107 mo\u017ce b\u0119dziesz musia\u0142 by\u0107 bardziej elastyczny, je\u015bli chodzi o czas, w kt\u00f3rym chcesz lecie\u0107. Je\u015bli jeste\u015b bardziej sk\u0142onny do latania w \u015brodku nocy lub w innych dziwnych godzinach, mo\u017cesz \u0142atwiej znale\u017a\u0107 lot otwarty. Ponadto, nale\u017cy pami\u0119ta\u0107, \u017ce gotowo\u015b\u0107 do lotu jest opcj\u0105. Je\u015bli zdecydujesz si\u0119 lecie\u0107 w stanie gotowo\u015bci na pe\u0142ny lot, b\u0119dziesz musia\u0142 przylecie\u0107 na lotnisko i poczeka\u0107. Twoje nazwisko zostanie umieszczone na li\u015bcie i b\u0119dziesz musia\u0142 tylko poczeka\u0107 i zobaczy\u0107, czy miejsce b\u0119dzie dost\u0119pne. Jedyn\u0105 rzecz\u0105 zwi\u0105zan\u0105 z dy\u017curem jest to, \u017ce mo\u017cesz sp\u0119dzi\u0107 du\u017co czasu czekaj\u0105c na lotnisku, a nawet nie otrzyma\u0107 biletu na wybrany przez siebie lot.<\/p>\n\n\n\n<p>Loty w ostatniej chwili mog\u0105 by\u0107 kosztowne. To jest po prostu co\u015b, z czym trzeba sobie poradzi\u0107, je\u015bli chodzi o loty w kr\u00f3tkim czasie. Zdarzaj\u0105 si\u0119 jednak sytuacje, w kt\u00f3rych trzeba po prostu lecie\u0107 w ostatniej chwili, niezale\u017cnie od tego, czy jest to kr\u00f3tkie spotkanie biznesowe, nag\u0142y wypadek rodzinny czy inna sytuacja. S\u0105 sposoby na to, aby lot w ostatniej chwili by\u0142 bardziej bezproblemowy. B\u0105d\u017a elastyczny w kwestii tego, kiedy chcesz lecie\u0107 i zastan\u00f3w si\u0119 nad opcj\u0105 lotu w pogotowiu, a nie powiniene\u015b mie\u0107 problem\u00f3w z dostaniem si\u0119 do samolotu, kt\u00f3rego potrzebujesz.<\/p>\n","protected":false},"excerpt":{"rendered":"<p>Czasami mo\u017cesz znale\u017a\u0107 si\u0119 w sytuacji, w kt\u00f3rej nie masz czasu na wczesn\u0105 rezerwacj\u0119 lotu. Bez wzgl\u0119du na to, czy [&hellip;]<\/p>\n","protected":false},"author":2,"featured_media":0,"parent":0,"menu_order":0,"comment_status":"closed","ping_status":"closed","template":"","meta":{"footnotes":""},"class_list":["post-27186","page","type-page","status-publish","hentry"],"yoast_head":"<!-- This site is optimized with the Yoast SEO plugin v27.3 - https:\/\/yoast.com\/product\/yoast-seo-wordpress\/ -->\n<title>Loty Last Minute - Travel Network<\/title>\n<meta name=\"robots\" content=\"index, follow, max-snippet:-1, max-image-preview:large, max-video-preview:-1\" \/>\n<link rel=\"canonical\" href=\"https:\/\/travel-network.co\/pl\/loty-last-minute\/\" \/>\n<meta property=\"og:locale\" content=\"pl_PL\" \/>\n<meta property=\"og:type\" content=\"article\" \/>\n<meta property=\"og:title\" content=\"Loty Last Minute - Travel Network\" \/>\n<meta property=\"og:description\" content=\"Czasami mo\u017cesz znale\u017a\u0107 si\u0119 w sytuacji, w kt\u00f3rej nie masz czasu na wczesn\u0105 rezerwacj\u0119 lotu. Bez wzgl\u0119du na to, czy [&hellip;]\" \/>\n<meta property=\"og:url\" content=\"https:\/\/travel-network.co\/pl\/loty-last-minute\/\" \/>\n<meta property=\"og:site_name\" content=\"Travel Network\" \/>\n<meta property=\"article:publisher\" content=\"http:\/\/facebook.com\/travel.au\" \/>\n<meta property=\"article:modified_time\" content=\"2020-08-25T22:46:15+00:00\" \/>\n<meta property=\"og:image\" content=\"https:\/\/travel-network.co\/wp-content\/uploads\/2015\/03\/google-logo.gif\" \/>\n\t<meta property=\"og:image:width\" content=\"500\" \/>\n\t<meta property=\"og:image:height\" content=\"500\" \/>\n\t<meta property=\"og:image:type\" content=\"image\/gif\" \/>\n<meta name=\"twitter:card\" content=\"summary_large_image\" \/>\n<meta name=\"twitter:site\" content=\"@travelnetworkau\" \/>\n<meta name=\"twitter:label1\" content=\"Szacowany czas czytania\" \/>\n\t<meta name=\"twitter:data1\" content=\"2 minuty\" \/>\n<script type=\"application\/ld+json\" class=\"yoast-schema-graph\">{\"@context\":\"https:\\\/\\\/schema.org\",\"@graph\":[{\"@type\":\"WebPage\",\"@id\":\"https:\\\/\\\/travel-network.co\\\/pl\\\/loty-last-minute\\\/\",\"url\":\"https:\\\/\\\/travel-network.co\\\/pl\\\/loty-last-minute\\\/\",\"name\":\"Loty Last Minute - Travel Network\",\"isPartOf\":{\"@id\":\"https:\\\/\\\/travel-network.co\\\/pl\\\/#website\"},\"datePublished\":\"2015-03-22T18:49:17+00:00\",\"dateModified\":\"2020-08-25T22:46:15+00:00\",\"breadcrumb\":{\"@id\":\"https:\\\/\\\/travel-network.co\\\/pl\\\/loty-last-minute\\\/#breadcrumb\"},\"inLanguage\":\"pl-PL\",\"potentialAction\":[{\"@type\":\"ReadAction\",\"target\":[\"https:\\\/\\\/travel-network.co\\\/pl\\\/loty-last-minute\\\/\"]}]},{\"@type\":\"BreadcrumbList\",\"@id\":\"https:\\\/\\\/travel-network.co\\\/pl\\\/loty-last-minute\\\/#breadcrumb\",\"itemListElement\":[{\"@type\":\"ListItem\",\"position\":1,\"name\":\"Home\",\"item\":\"https:\\\/\\\/travel-network.co\\\/pl\\\/\"},{\"@type\":\"ListItem\",\"position\":2,\"name\":\"Loty Last Minute\"}]},{\"@type\":\"WebSite\",\"@id\":\"https:\\\/\\\/travel-network.co\\\/pl\\\/#website\",\"url\":\"https:\\\/\\\/travel-network.co\\\/pl\\\/\",\"name\":\"Travel Network\",\"description\":\"Travel advice, reviews, news and deals no matter if you are travelling by Land, Water or Air\",\"publisher\":{\"@id\":\"https:\\\/\\\/travel-network.co\\\/pl\\\/#organization\"},\"potentialAction\":[{\"@type\":\"SearchAction\",\"target\":{\"@type\":\"EntryPoint\",\"urlTemplate\":\"https:\\\/\\\/travel-network.co\\\/pl\\\/?s={search_term_string}\"},\"query-input\":{\"@type\":\"PropertyValueSpecification\",\"valueRequired\":true,\"valueName\":\"search_term_string\"}}],\"inLanguage\":\"pl-PL\"},{\"@type\":\"Organization\",\"@id\":\"https:\\\/\\\/travel-network.co\\\/pl\\\/#organization\",\"name\":\"Travel Network\",\"url\":\"https:\\\/\\\/travel-network.co\\\/pl\\\/\",\"logo\":{\"@type\":\"ImageObject\",\"inLanguage\":\"pl-PL\",\"@id\":\"https:\\\/\\\/travel-network.co\\\/pl\\\/#\\\/schema\\\/logo\\\/image\\\/\",\"url\":\"https:\\\/\\\/travel-network.co\\\/wp-content\\\/uploads\\\/2015\\\/03\\\/google-logo.gif\",\"contentUrl\":\"https:\\\/\\\/travel-network.co\\\/wp-content\\\/uploads\\\/2015\\\/03\\\/google-logo.gif\",\"width\":500,\"height\":500,\"caption\":\"Travel Network\"},\"image\":{\"@id\":\"https:\\\/\\\/travel-network.co\\\/pl\\\/#\\\/schema\\\/logo\\\/image\\\/\"},\"sameAs\":[\"http:\\\/\\\/facebook.com\\\/travel.au\",\"https:\\\/\\\/x.com\\\/travelnetworkau\",\"https:\\\/\\\/instagram.com\\\/travelnetworkau\\\/\",\"https:\\\/\\\/www.linkedin.com\\\/company\\\/3374753\",\"https:\\\/\\\/www.pinterest.com\\\/travelnetwork\\\/\",\"http:\\\/\\\/www.youtube.com\\\/user\\\/TravelNetworkAUS\"]}]}<\/script>\n<!-- \/ Yoast SEO plugin. -->","yoast_head_json":{"title":"Loty Last Minute - Travel Network","robots":{"index":"index","follow":"follow","max-snippet":"max-snippet:-1","max-image-preview":"max-image-preview:large","max-video-preview":"max-video-preview:-1"},"canonical":"https:\/\/travel-network.co\/pl\/loty-last-minute\/","og_locale":"pl_PL","og_type":"article","og_title":"Loty Last Minute - Travel Network","og_description":"Czasami mo\u017cesz znale\u017a\u0107 si\u0119 w sytuacji, w kt\u00f3rej nie masz czasu na wczesn\u0105 rezerwacj\u0119 lotu. Bez wzgl\u0119du na to, czy [&hellip;]","og_url":"https:\/\/travel-network.co\/pl\/loty-last-minute\/","og_site_name":"Travel Network","article_publisher":"http:\/\/facebook.com\/travel.au","article_modified_time":"2020-08-25T22:46:15+00:00","og_image":[{"width":500,"height":500,"url":"https:\/\/travel-network.co\/wp-content\/uploads\/2015\/03\/google-logo.gif","type":"image\/gif"}],"twitter_card":"summary_large_image","twitter_site":"@travelnetworkau","twitter_misc":{"Szacowany czas czytania":"2 minuty"},"schema":{"@context":"https:\/\/schema.org","@graph":[{"@type":"WebPage","@id":"https:\/\/travel-network.co\/pl\/loty-last-minute\/","url":"https:\/\/travel-network.co\/pl\/loty-last-minute\/","name":"Loty Last Minute - Travel Network","isPartOf":{"@id":"https:\/\/travel-network.co\/pl\/#website"},"datePublished":"2015-03-22T18:49:17+00:00","dateModified":"2020-08-25T22:46:15+00:00","breadcrumb":{"@id":"https:\/\/travel-network.co\/pl\/loty-last-minute\/#breadcrumb"},"inLanguage":"pl-PL","potentialAction":[{"@type":"ReadAction","target":["https:\/\/travel-network.co\/pl\/loty-last-minute\/"]}]},{"@type":"BreadcrumbList","@id":"https:\/\/travel-network.co\/pl\/loty-last-minute\/#breadcrumb","itemListElement":[{"@type":"ListItem","position":1,"name":"Home","item":"https:\/\/travel-network.co\/pl\/"},{"@type":"ListItem","position":2,"name":"Loty Last Minute"}]},{"@type":"WebSite","@id":"https:\/\/travel-network.co\/pl\/#website","url":"https:\/\/travel-network.co\/pl\/","name":"Travel Network","description":"Travel advice, reviews, news and deals no matter if you are travelling by Land, Water or Air","publisher":{"@id":"https:\/\/travel-network.co\/pl\/#organization"},"potentialAction":[{"@type":"SearchAction","target":{"@type":"EntryPoint","urlTemplate":"https:\/\/travel-network.co\/pl\/?s={search_term_string}"},"query-input":{"@type":"PropertyValueSpecification","valueRequired":true,"valueName":"search_term_string"}}],"inLanguage":"pl-PL"},{"@type":"Organization","@id":"https:\/\/travel-network.co\/pl\/#organization","name":"Travel Network","url":"https:\/\/travel-network.co\/pl\/","logo":{"@type":"ImageObject","inLanguage":"pl-PL","@id":"https:\/\/travel-network.co\/pl\/#\/schema\/logo\/image\/","url":"https:\/\/travel-network.co\/wp-content\/uploads\/2015\/03\/google-logo.gif","contentUrl":"https:\/\/travel-network.co\/wp-content\/uploads\/2015\/03\/google-logo.gif","width":500,"height":500,"caption":"Travel Network"},"image":{"@id":"https:\/\/travel-network.co\/pl\/#\/schema\/logo\/image\/"},"sameAs":["http:\/\/facebook.com\/travel.au","https:\/\/x.com\/travelnetworkau","https:\/\/instagram.com\/travelnetworkau\/","https:\/\/www.linkedin.com\/company\/3374753","https:\/\/www.pinterest.com\/travelnetwork\/","http:\/\/www.youtube.com\/user\/TravelNetworkAUS"]}]}},"_links":{"self":[{"href":"https:\/\/travel-network.co\/pl\/wp-json\/wp\/v2\/pages\/27186","targetHints":{"allow":["GET"]}}],"collection":[{"href":"https:\/\/travel-network.co\/pl\/wp-json\/wp\/v2\/pages"}],"about":[{"href":"https:\/\/travel-network.co\/pl\/wp-json\/wp\/v2\/types\/page"}],"author":[{"embeddable":true,"href":"https:\/\/travel-network.co\/pl\/wp-json\/wp\/v2\/users\/2"}],"replies":[{"embeddable":true,"href":"https:\/\/travel-network.co\/pl\/wp-json\/wp\/v2\/comments?post=27186"}],"version-history":[{"count":0,"href":"https:\/\/travel-network.co\/pl\/wp-json\/wp\/v2\/pages\/27186\/revisions"}],"wp:attachment":[{"href":"https:\/\/travel-network.co\/pl\/wp-json\/wp\/v2\/media?parent=27186"}],"curies":[{"name":"wp","href":"https:\/\/api.w.org\/{rel}","templated":true}]}}