{"id":27154,"date":"2015-03-22T18:55:25","date_gmt":"2015-03-22T18:55:25","guid":{"rendered":"https:\/\/travel-network.co\/?page_id=27154"},"modified":"2020-08-25T22:30:04","modified_gmt":"2020-08-25T22:30:04","slug":"voos-de-estudantes","status":"publish","type":"page","link":"https:\/\/travel-network.co\/pt-pt\/voos-de-estudantes\/","title":{"rendered":"Voos de Estudantes"},"content":{"rendered":"\n<p>Muitos estudantes optam por voar s\u00f3 porque oferece tantas oportunidades de educa\u00e7\u00e3o. Viajar durante as f\u00e9rias dos estudantes \u00e9 uma excelente forma de aprender mais sobre o mundo, cultura, arte, hist\u00f3ria e muito mais. No entanto, muito poucos estudantes t\u00eam fundos para pagar um voo de bolso. Devido a isto, alguns estudantes nunca t\u00eam a oportunidade de viajar quando querem. Se quiserem ir de f\u00e9rias de estudantes, ent\u00e3o ter\u00e3o de come\u00e7ar com voos de estudantes. Embora possam ser extremamente caros, h\u00e1 formas de poupar dinheiro para tornar a viagem mais acess\u00edvel. Aqui est\u00e3o algumas dicas para que possa encontrar voos de estudantes, poupar dinheiro neles, e desfrutar da sua viagem.<\/p>\n\n\n\n<p>Voos Subsidiados<br>A primeira coisa que precisa de saber \u00e9 que se estiver a viajar para qualquer tipo de experi\u00eancia de aprendizagem, poder\u00e1 obter a totalidade ou parte dos seus voos de estudantes subsidiados. Um dos lugares que deve procurar seria a sua institui\u00e7\u00e3o de ensino. Muitas faculdades e institui\u00e7\u00f5es pagar\u00e3o a maioria dos voos de estudantes, desde que fa\u00e7a parte de um programa educativo. Para tirar partido disto, poder\u00e1 ter de frequentar determinados programas de aprendizagem, ou poder\u00e1 ter de se deslocar em grupo. No entanto, esta \u00e9 uma excelente forma de conseguir voos de estudantes por pouco ou nada.<\/p>\n\n\n\n<p>Reservar os seus voos de estudante<br>Quando estiver a reservar os seus voos de estudantes, vai querer levar algumas coisas em considera\u00e7\u00e3o. Por exemplo, algumas companhias a\u00e9reas oferecem tarifas a\u00e9reas mais baixas se estiver a viajar como estudante. Querer\u00e1 analisar as op\u00e7\u00f5es antes de reservar o seu voo. Poder\u00e1 ter de consultar diferentes companhias a\u00e9reas antes de escolher uma. Al\u00e9m disso, tenha em mente que os voos internacionais t\u00eam regras muito diferentes no que diz respeito a viagens, seguran\u00e7a e bagagem. Ter\u00e1 de compreender todas estas regras antes de ir para a sua viagem de estudante.<\/p>\n\n\n\n<p>Obter um Cart\u00e3o de Identifica\u00e7\u00e3o de Estudante Internacional<br>H\u00e1 uma grande op\u00e7\u00e3o que pode poupar-lhe dinheiro e dar-lhe acesso a muitas coisas quando estiver a viajar para fora do pa\u00eds como estudante. Este seria o cart\u00e3o de estudante internacional. Ter\u00e1 de pagar uma taxa por este cart\u00e3o, mas ele ser\u00e1 bom em muitos pa\u00edses diferentes que poder\u00e1 escolher visitar. Este cart\u00e3o dar-lhe-\u00e1 descontos em in\u00fameras coisas como albergues de estudantes, bilhetes de museus e eventos, s\u00edtios culturais e muito mais. Poder\u00e1 at\u00e9 poupar dinheiro em voos de estudantes com este cart\u00e3o. Se vai viajar para o estrangeiro, ent\u00e3o vai definitivamente querer considerar o pagamento da pequena taxa.<\/p>\n\n\n\n<p>Os voos de estudantes podem ser algo que muitos jovens pensam estar fora do alcance apenas por causa do custo. Mesmo as tarifas a\u00e9reas com desconto que muitas companhias a\u00e9reas oferecem aos estudantes podem ser extremamente caras. No entanto, h\u00e1 formas de pagar o seu voo ou receber parte dele pago para que possa desfrutar de uma viagem de uma vida inteira. N\u00e3o se esque\u00e7a de considerar descontos e subs\u00eddios que o podem ajudar.<\/p>\n","protected":false},"excerpt":{"rendered":"<p>Muitos estudantes optam por voar s\u00f3 porque oferece tantas oportunidades de educa\u00e7\u00e3o. Viajar durante as f\u00e9rias dos estudantes \u00e9 uma [&hellip;]<\/p>\n","protected":false},"author":2,"featured_media":0,"parent":0,"menu_order":0,"comment_status":"closed","ping_status":"closed","template":"","meta":{"footnotes":""},"class_list":["post-27154","page","type-page","status-publish","hentry"],"yoast_head":"<!-- This site is optimized with the Yoast SEO plugin v27.4 - https:\/\/yoast.com\/product\/yoast-seo-wordpress\/ -->\n<title>Voos de Estudantes - Travel Network<\/title>\n<meta name=\"robots\" content=\"index, follow, max-snippet:-1, max-image-preview:large, max-video-preview:-1\" \/>\n<link rel=\"canonical\" href=\"https:\/\/travel-network.co\/pt-pt\/voos-de-estudantes\/\" \/>\n<meta property=\"og:locale\" content=\"pt_PT\" \/>\n<meta property=\"og:type\" content=\"article\" \/>\n<meta property=\"og:title\" content=\"Voos de Estudantes - Travel Network\" \/>\n<meta property=\"og:description\" content=\"Muitos estudantes optam por voar s\u00f3 porque oferece tantas oportunidades de educa\u00e7\u00e3o. Viajar durante as f\u00e9rias dos estudantes \u00e9 uma [&hellip;]\" \/>\n<meta property=\"og:url\" content=\"https:\/\/travel-network.co\/pt-pt\/voos-de-estudantes\/\" \/>\n<meta property=\"og:site_name\" content=\"Travel Network\" \/>\n<meta property=\"article:publisher\" content=\"http:\/\/facebook.com\/travel.au\" \/>\n<meta property=\"article:modified_time\" content=\"2020-08-25T22:30:04+00:00\" \/>\n<meta property=\"og:image\" content=\"https:\/\/travel-network.co\/wp-content\/uploads\/2015\/03\/google-logo.gif\" \/>\n\t<meta property=\"og:image:width\" content=\"500\" \/>\n\t<meta property=\"og:image:height\" content=\"500\" \/>\n\t<meta property=\"og:image:type\" content=\"image\/gif\" \/>\n<meta name=\"twitter:card\" content=\"summary_large_image\" \/>\n<meta name=\"twitter:site\" content=\"@travelnetworkau\" \/>\n<meta name=\"twitter:label1\" content=\"Tempo estimado de leitura\" \/>\n\t<meta name=\"twitter:data1\" content=\"3 minutos\" \/>\n<script type=\"application\/ld+json\" class=\"yoast-schema-graph\">{\"@context\":\"https:\\\/\\\/schema.org\",\"@graph\":[{\"@type\":\"WebPage\",\"@id\":\"https:\\\/\\\/travel-network.co\\\/pt-pt\\\/voos-de-estudantes\\\/\",\"url\":\"https:\\\/\\\/travel-network.co\\\/pt-pt\\\/voos-de-estudantes\\\/\",\"name\":\"Voos de Estudantes - Travel Network\",\"isPartOf\":{\"@id\":\"https:\\\/\\\/travel-network.co\\\/pt-pt\\\/#website\"},\"datePublished\":\"2015-03-22T18:55:25+00:00\",\"dateModified\":\"2020-08-25T22:30:04+00:00\",\"breadcrumb\":{\"@id\":\"https:\\\/\\\/travel-network.co\\\/pt-pt\\\/voos-de-estudantes\\\/#breadcrumb\"},\"inLanguage\":\"pt-PT\",\"potentialAction\":[{\"@type\":\"ReadAction\",\"target\":[\"https:\\\/\\\/travel-network.co\\\/pt-pt\\\/voos-de-estudantes\\\/\"]}]},{\"@type\":\"BreadcrumbList\",\"@id\":\"https:\\\/\\\/travel-network.co\\\/pt-pt\\\/voos-de-estudantes\\\/#breadcrumb\",\"itemListElement\":[{\"@type\":\"ListItem\",\"position\":1,\"name\":\"Home\",\"item\":\"https:\\\/\\\/travel-network.co\\\/pt-pt\\\/\"},{\"@type\":\"ListItem\",\"position\":2,\"name\":\"Voos de Estudantes\"}]},{\"@type\":\"WebSite\",\"@id\":\"https:\\\/\\\/travel-network.co\\\/pt-pt\\\/#website\",\"url\":\"https:\\\/\\\/travel-network.co\\\/pt-pt\\\/\",\"name\":\"Travel Network\",\"description\":\"Travel advice, reviews, news and deals no matter if you are travelling by Land, Water or Air\",\"publisher\":{\"@id\":\"https:\\\/\\\/travel-network.co\\\/pt-pt\\\/#organization\"},\"potentialAction\":[{\"@type\":\"SearchAction\",\"target\":{\"@type\":\"EntryPoint\",\"urlTemplate\":\"https:\\\/\\\/travel-network.co\\\/pt-pt\\\/?s={search_term_string}\"},\"query-input\":{\"@type\":\"PropertyValueSpecification\",\"valueRequired\":true,\"valueName\":\"search_term_string\"}}],\"inLanguage\":\"pt-PT\"},{\"@type\":\"Organization\",\"@id\":\"https:\\\/\\\/travel-network.co\\\/pt-pt\\\/#organization\",\"name\":\"Travel Network\",\"url\":\"https:\\\/\\\/travel-network.co\\\/pt-pt\\\/\",\"logo\":{\"@type\":\"ImageObject\",\"inLanguage\":\"pt-PT\",\"@id\":\"https:\\\/\\\/travel-network.co\\\/pt-pt\\\/#\\\/schema\\\/logo\\\/image\\\/\",\"url\":\"https:\\\/\\\/travel-network.co\\\/wp-content\\\/uploads\\\/2015\\\/03\\\/google-logo.gif\",\"contentUrl\":\"https:\\\/\\\/travel-network.co\\\/wp-content\\\/uploads\\\/2015\\\/03\\\/google-logo.gif\",\"width\":500,\"height\":500,\"caption\":\"Travel Network\"},\"image\":{\"@id\":\"https:\\\/\\\/travel-network.co\\\/pt-pt\\\/#\\\/schema\\\/logo\\\/image\\\/\"},\"sameAs\":[\"http:\\\/\\\/facebook.com\\\/travel.au\",\"https:\\\/\\\/x.com\\\/travelnetworkau\",\"https:\\\/\\\/instagram.com\\\/travelnetworkau\\\/\",\"https:\\\/\\\/www.linkedin.com\\\/company\\\/3374753\",\"https:\\\/\\\/www.pinterest.com\\\/travelnetwork\\\/\",\"http:\\\/\\\/www.youtube.com\\\/user\\\/TravelNetworkAUS\"]}]}<\/script>\n<!-- \/ Yoast SEO plugin. -->","yoast_head_json":{"title":"Voos de Estudantes - Travel Network","robots":{"index":"index","follow":"follow","max-snippet":"max-snippet:-1","max-image-preview":"max-image-preview:large","max-video-preview":"max-video-preview:-1"},"canonical":"https:\/\/travel-network.co\/pt-pt\/voos-de-estudantes\/","og_locale":"pt_PT","og_type":"article","og_title":"Voos de Estudantes - Travel Network","og_description":"Muitos estudantes optam por voar s\u00f3 porque oferece tantas oportunidades de educa\u00e7\u00e3o. Viajar durante as f\u00e9rias dos estudantes \u00e9 uma [&hellip;]","og_url":"https:\/\/travel-network.co\/pt-pt\/voos-de-estudantes\/","og_site_name":"Travel Network","article_publisher":"http:\/\/facebook.com\/travel.au","article_modified_time":"2020-08-25T22:30:04+00:00","og_image":[{"width":500,"height":500,"url":"https:\/\/travel-network.co\/wp-content\/uploads\/2015\/03\/google-logo.gif","type":"image\/gif"}],"twitter_card":"summary_large_image","twitter_site":"@travelnetworkau","twitter_misc":{"Tempo estimado de leitura":"3 minutos"},"schema":{"@context":"https:\/\/schema.org","@graph":[{"@type":"WebPage","@id":"https:\/\/travel-network.co\/pt-pt\/voos-de-estudantes\/","url":"https:\/\/travel-network.co\/pt-pt\/voos-de-estudantes\/","name":"Voos de Estudantes - Travel Network","isPartOf":{"@id":"https:\/\/travel-network.co\/pt-pt\/#website"},"datePublished":"2015-03-22T18:55:25+00:00","dateModified":"2020-08-25T22:30:04+00:00","breadcrumb":{"@id":"https:\/\/travel-network.co\/pt-pt\/voos-de-estudantes\/#breadcrumb"},"inLanguage":"pt-PT","potentialAction":[{"@type":"ReadAction","target":["https:\/\/travel-network.co\/pt-pt\/voos-de-estudantes\/"]}]},{"@type":"BreadcrumbList","@id":"https:\/\/travel-network.co\/pt-pt\/voos-de-estudantes\/#breadcrumb","itemListElement":[{"@type":"ListItem","position":1,"name":"Home","item":"https:\/\/travel-network.co\/pt-pt\/"},{"@type":"ListItem","position":2,"name":"Voos de Estudantes"}]},{"@type":"WebSite","@id":"https:\/\/travel-network.co\/pt-pt\/#website","url":"https:\/\/travel-network.co\/pt-pt\/","name":"Travel Network","description":"Travel advice, reviews, news and deals no matter if you are travelling by Land, Water or Air","publisher":{"@id":"https:\/\/travel-network.co\/pt-pt\/#organization"},"potentialAction":[{"@type":"SearchAction","target":{"@type":"EntryPoint","urlTemplate":"https:\/\/travel-network.co\/pt-pt\/?s={search_term_string}"},"query-input":{"@type":"PropertyValueSpecification","valueRequired":true,"valueName":"search_term_string"}}],"inLanguage":"pt-PT"},{"@type":"Organization","@id":"https:\/\/travel-network.co\/pt-pt\/#organization","name":"Travel Network","url":"https:\/\/travel-network.co\/pt-pt\/","logo":{"@type":"ImageObject","inLanguage":"pt-PT","@id":"https:\/\/travel-network.co\/pt-pt\/#\/schema\/logo\/image\/","url":"https:\/\/travel-network.co\/wp-content\/uploads\/2015\/03\/google-logo.gif","contentUrl":"https:\/\/travel-network.co\/wp-content\/uploads\/2015\/03\/google-logo.gif","width":500,"height":500,"caption":"Travel Network"},"image":{"@id":"https:\/\/travel-network.co\/pt-pt\/#\/schema\/logo\/image\/"},"sameAs":["http:\/\/facebook.com\/travel.au","https:\/\/x.com\/travelnetworkau","https:\/\/instagram.com\/travelnetworkau\/","https:\/\/www.linkedin.com\/company\/3374753","https:\/\/www.pinterest.com\/travelnetwork\/","http:\/\/www.youtube.com\/user\/TravelNetworkAUS"]}]}},"_links":{"self":[{"href":"https:\/\/travel-network.co\/pt-pt\/wp-json\/wp\/v2\/pages\/27154","targetHints":{"allow":["GET"]}}],"collection":[{"href":"https:\/\/travel-network.co\/pt-pt\/wp-json\/wp\/v2\/pages"}],"about":[{"href":"https:\/\/travel-network.co\/pt-pt\/wp-json\/wp\/v2\/types\/page"}],"author":[{"embeddable":true,"href":"https:\/\/travel-network.co\/pt-pt\/wp-json\/wp\/v2\/users\/2"}],"replies":[{"embeddable":true,"href":"https:\/\/travel-network.co\/pt-pt\/wp-json\/wp\/v2\/comments?post=27154"}],"version-history":[{"count":0,"href":"https:\/\/travel-network.co\/pt-pt\/wp-json\/wp\/v2\/pages\/27154\/revisions"}],"wp:attachment":[{"href":"https:\/\/travel-network.co\/pt-pt\/wp-json\/wp\/v2\/media?parent=27154"}],"curies":[{"name":"wp","href":"https:\/\/api.w.org\/{rel}","templated":true}]}}