{"id":27179,"date":"2015-03-22T18:49:17","date_gmt":"2015-03-22T18:49:17","guid":{"rendered":"https:\/\/travel-network.co\/?page_id=27179"},"modified":"2020-08-25T22:43:52","modified_gmt":"2020-08-25T22:43:52","slug":"voos-de-ultima-hora","status":"publish","type":"page","link":"https:\/\/travel-network.co\/pt-pt\/voos-de-ultima-hora\/","title":{"rendered":"Voos de \u00daltima Hora"},"content":{"rendered":"\n<p>Por vezes, pode encontrar-se numa situa\u00e7\u00e3o em que n\u00e3o tem tempo de reservar o seu voo mais cedo. Quer esteja a lidar com uma emerg\u00eancia familiar ou com uma viagem de neg\u00f3cios de \u00faltima hora, ent\u00e3o poder\u00e1 ter de reservar voos de \u00faltima hora. No entanto, como deve saber, h\u00e1 complica\u00e7\u00f5es que surgem com a reserva de um voo de \u00faltima hora e ter\u00e1 de ter essas complica\u00e7\u00f5es em mente. Se souber o que esperar, poder\u00e1 reservar a sua viagem de forma mais suave.<br>A primeira coisa que ter\u00e1 de ter em mente \u00e9 que os voos de \u00faltima hora ir\u00e3o custar mais. De facto, podem custar o dobro do que teria pago se tivesse sido capaz de reservar o voo com algumas semanas de anteced\u00eancia. Esta despesa extra \u00e9 apenas algo com que ter\u00e1 de lidar e esperar. Se tiver uma emerg\u00eancia familiar, pode considerar telefonar \u00e0 companhia a\u00e9rea para ver se existe de qualquer forma uma parte desse custo pode ser reduzida.<\/p>\n\n\n\n<p>Outra coisa a considerar quando se trata de voos de \u00faltima hora \u00e9 que, por vezes, podem ser reservados, especialmente se precisar de viajar durante a \u00e9poca movimentada. Talvez seja necess\u00e1rio ser mais flex\u00edvel quanto ao tempo que se est\u00e1 disposto a voar. Se estiver mais disposto a voar a meio da noite ou a outras horas \u00edmpares, ent\u00e3o talvez consiga encontrar um voo aberto mais facilmente. Al\u00e9m disso, tenha em mente que o tempo de espera \u00e9 uma op\u00e7\u00e3o. Se optar por voar em standby para um voo completo, ent\u00e3o ter\u00e1 de chegar ao aeroporto e esperar. O seu nome ser\u00e1 colocado numa lista e s\u00f3 ter\u00e1 de esperar e ver se um lugar se torna dispon\u00edvel. A \u00fanica coisa em standby \u00e9 que poder\u00e1 passar muito tempo \u00e0 espera no aeroporto, e poder\u00e1 nem sequer obter um bilhete para o voo que desejava.<\/p>\n\n\n\n<p>Os voos de \u00faltima hora podem ser dispendiosos. Isso \u00e9 apenas algo a tratar quando se trata de voar em cima da hora. No entanto, h\u00e1 alturas em que s\u00f3 \u00e9 preciso voar no \u00faltimo minuto, seja para uma reuni\u00e3o de neg\u00f3cios de \u00faltima hora, uma emerg\u00eancia familiar ou alguma outra situa\u00e7\u00e3o. H\u00e1 maneiras de fazer um voo de \u00faltima hora sem complica\u00e7\u00f5es. Seja flex\u00edvel sobre quando est\u00e1 disposto a voar e considere a op\u00e7\u00e3o de voar em standby e n\u00e3o dever\u00e1 ter problemas em obter o voo de que necessita.<\/p>\n","protected":false},"excerpt":{"rendered":"<p>Por vezes, pode encontrar-se numa situa\u00e7\u00e3o em que n\u00e3o tem tempo de reservar o seu voo mais cedo. Quer esteja [&hellip;]<\/p>\n","protected":false},"author":2,"featured_media":0,"parent":0,"menu_order":0,"comment_status":"closed","ping_status":"closed","template":"","meta":{"footnotes":""},"class_list":["post-27179","page","type-page","status-publish","hentry"],"yoast_head":"<!-- This site is optimized with the Yoast SEO plugin v27.3 - https:\/\/yoast.com\/product\/yoast-seo-wordpress\/ -->\n<title>Voos de \u00daltima Hora - Travel Network<\/title>\n<meta name=\"robots\" content=\"index, follow, max-snippet:-1, max-image-preview:large, max-video-preview:-1\" \/>\n<link rel=\"canonical\" href=\"https:\/\/travel-network.co\/pt-pt\/voos-de-ultima-hora\/\" \/>\n<meta property=\"og:locale\" content=\"pt_PT\" \/>\n<meta property=\"og:type\" content=\"article\" \/>\n<meta property=\"og:title\" content=\"Voos de \u00daltima Hora - Travel Network\" \/>\n<meta property=\"og:description\" content=\"Por vezes, pode encontrar-se numa situa\u00e7\u00e3o em que n\u00e3o tem tempo de reservar o seu voo mais cedo. Quer esteja [&hellip;]\" \/>\n<meta property=\"og:url\" content=\"https:\/\/travel-network.co\/pt-pt\/voos-de-ultima-hora\/\" \/>\n<meta property=\"og:site_name\" content=\"Travel Network\" \/>\n<meta property=\"article:publisher\" content=\"http:\/\/facebook.com\/travel.au\" \/>\n<meta property=\"article:modified_time\" content=\"2020-08-25T22:43:52+00:00\" \/>\n<meta property=\"og:image\" content=\"https:\/\/travel-network.co\/wp-content\/uploads\/2015\/03\/google-logo.gif\" \/>\n\t<meta property=\"og:image:width\" content=\"500\" \/>\n\t<meta property=\"og:image:height\" content=\"500\" \/>\n\t<meta property=\"og:image:type\" content=\"image\/gif\" \/>\n<meta name=\"twitter:card\" content=\"summary_large_image\" \/>\n<meta name=\"twitter:site\" content=\"@travelnetworkau\" \/>\n<meta name=\"twitter:label1\" content=\"Tempo estimado de leitura\" \/>\n\t<meta name=\"twitter:data1\" content=\"2 minutos\" \/>\n<script type=\"application\/ld+json\" class=\"yoast-schema-graph\">{\"@context\":\"https:\\\/\\\/schema.org\",\"@graph\":[{\"@type\":\"WebPage\",\"@id\":\"https:\\\/\\\/travel-network.co\\\/pt-pt\\\/voos-de-ultima-hora\\\/\",\"url\":\"https:\\\/\\\/travel-network.co\\\/pt-pt\\\/voos-de-ultima-hora\\\/\",\"name\":\"Voos de \u00daltima Hora - Travel Network\",\"isPartOf\":{\"@id\":\"https:\\\/\\\/travel-network.co\\\/pt-pt\\\/#website\"},\"datePublished\":\"2015-03-22T18:49:17+00:00\",\"dateModified\":\"2020-08-25T22:43:52+00:00\",\"breadcrumb\":{\"@id\":\"https:\\\/\\\/travel-network.co\\\/pt-pt\\\/voos-de-ultima-hora\\\/#breadcrumb\"},\"inLanguage\":\"pt-PT\",\"potentialAction\":[{\"@type\":\"ReadAction\",\"target\":[\"https:\\\/\\\/travel-network.co\\\/pt-pt\\\/voos-de-ultima-hora\\\/\"]}]},{\"@type\":\"BreadcrumbList\",\"@id\":\"https:\\\/\\\/travel-network.co\\\/pt-pt\\\/voos-de-ultima-hora\\\/#breadcrumb\",\"itemListElement\":[{\"@type\":\"ListItem\",\"position\":1,\"name\":\"Home\",\"item\":\"https:\\\/\\\/travel-network.co\\\/pt-pt\\\/\"},{\"@type\":\"ListItem\",\"position\":2,\"name\":\"Voos de \u00daltima Hora\"}]},{\"@type\":\"WebSite\",\"@id\":\"https:\\\/\\\/travel-network.co\\\/pt-pt\\\/#website\",\"url\":\"https:\\\/\\\/travel-network.co\\\/pt-pt\\\/\",\"name\":\"Travel Network\",\"description\":\"Travel advice, reviews, news and deals no matter if you are travelling by Land, Water or Air\",\"publisher\":{\"@id\":\"https:\\\/\\\/travel-network.co\\\/pt-pt\\\/#organization\"},\"potentialAction\":[{\"@type\":\"SearchAction\",\"target\":{\"@type\":\"EntryPoint\",\"urlTemplate\":\"https:\\\/\\\/travel-network.co\\\/pt-pt\\\/?s={search_term_string}\"},\"query-input\":{\"@type\":\"PropertyValueSpecification\",\"valueRequired\":true,\"valueName\":\"search_term_string\"}}],\"inLanguage\":\"pt-PT\"},{\"@type\":\"Organization\",\"@id\":\"https:\\\/\\\/travel-network.co\\\/pt-pt\\\/#organization\",\"name\":\"Travel Network\",\"url\":\"https:\\\/\\\/travel-network.co\\\/pt-pt\\\/\",\"logo\":{\"@type\":\"ImageObject\",\"inLanguage\":\"pt-PT\",\"@id\":\"https:\\\/\\\/travel-network.co\\\/pt-pt\\\/#\\\/schema\\\/logo\\\/image\\\/\",\"url\":\"https:\\\/\\\/travel-network.co\\\/wp-content\\\/uploads\\\/2015\\\/03\\\/google-logo.gif\",\"contentUrl\":\"https:\\\/\\\/travel-network.co\\\/wp-content\\\/uploads\\\/2015\\\/03\\\/google-logo.gif\",\"width\":500,\"height\":500,\"caption\":\"Travel Network\"},\"image\":{\"@id\":\"https:\\\/\\\/travel-network.co\\\/pt-pt\\\/#\\\/schema\\\/logo\\\/image\\\/\"},\"sameAs\":[\"http:\\\/\\\/facebook.com\\\/travel.au\",\"https:\\\/\\\/x.com\\\/travelnetworkau\",\"https:\\\/\\\/instagram.com\\\/travelnetworkau\\\/\",\"https:\\\/\\\/www.linkedin.com\\\/company\\\/3374753\",\"https:\\\/\\\/www.pinterest.com\\\/travelnetwork\\\/\",\"http:\\\/\\\/www.youtube.com\\\/user\\\/TravelNetworkAUS\"]}]}<\/script>\n<!-- \/ Yoast SEO plugin. -->","yoast_head_json":{"title":"Voos de \u00daltima Hora - Travel Network","robots":{"index":"index","follow":"follow","max-snippet":"max-snippet:-1","max-image-preview":"max-image-preview:large","max-video-preview":"max-video-preview:-1"},"canonical":"https:\/\/travel-network.co\/pt-pt\/voos-de-ultima-hora\/","og_locale":"pt_PT","og_type":"article","og_title":"Voos de \u00daltima Hora - Travel Network","og_description":"Por vezes, pode encontrar-se numa situa\u00e7\u00e3o em que n\u00e3o tem tempo de reservar o seu voo mais cedo. Quer esteja [&hellip;]","og_url":"https:\/\/travel-network.co\/pt-pt\/voos-de-ultima-hora\/","og_site_name":"Travel Network","article_publisher":"http:\/\/facebook.com\/travel.au","article_modified_time":"2020-08-25T22:43:52+00:00","og_image":[{"width":500,"height":500,"url":"https:\/\/travel-network.co\/wp-content\/uploads\/2015\/03\/google-logo.gif","type":"image\/gif"}],"twitter_card":"summary_large_image","twitter_site":"@travelnetworkau","twitter_misc":{"Tempo estimado de leitura":"2 minutos"},"schema":{"@context":"https:\/\/schema.org","@graph":[{"@type":"WebPage","@id":"https:\/\/travel-network.co\/pt-pt\/voos-de-ultima-hora\/","url":"https:\/\/travel-network.co\/pt-pt\/voos-de-ultima-hora\/","name":"Voos de \u00daltima Hora - Travel Network","isPartOf":{"@id":"https:\/\/travel-network.co\/pt-pt\/#website"},"datePublished":"2015-03-22T18:49:17+00:00","dateModified":"2020-08-25T22:43:52+00:00","breadcrumb":{"@id":"https:\/\/travel-network.co\/pt-pt\/voos-de-ultima-hora\/#breadcrumb"},"inLanguage":"pt-PT","potentialAction":[{"@type":"ReadAction","target":["https:\/\/travel-network.co\/pt-pt\/voos-de-ultima-hora\/"]}]},{"@type":"BreadcrumbList","@id":"https:\/\/travel-network.co\/pt-pt\/voos-de-ultima-hora\/#breadcrumb","itemListElement":[{"@type":"ListItem","position":1,"name":"Home","item":"https:\/\/travel-network.co\/pt-pt\/"},{"@type":"ListItem","position":2,"name":"Voos de \u00daltima Hora"}]},{"@type":"WebSite","@id":"https:\/\/travel-network.co\/pt-pt\/#website","url":"https:\/\/travel-network.co\/pt-pt\/","name":"Travel Network","description":"Travel advice, reviews, news and deals no matter if you are travelling by Land, Water or Air","publisher":{"@id":"https:\/\/travel-network.co\/pt-pt\/#organization"},"potentialAction":[{"@type":"SearchAction","target":{"@type":"EntryPoint","urlTemplate":"https:\/\/travel-network.co\/pt-pt\/?s={search_term_string}"},"query-input":{"@type":"PropertyValueSpecification","valueRequired":true,"valueName":"search_term_string"}}],"inLanguage":"pt-PT"},{"@type":"Organization","@id":"https:\/\/travel-network.co\/pt-pt\/#organization","name":"Travel Network","url":"https:\/\/travel-network.co\/pt-pt\/","logo":{"@type":"ImageObject","inLanguage":"pt-PT","@id":"https:\/\/travel-network.co\/pt-pt\/#\/schema\/logo\/image\/","url":"https:\/\/travel-network.co\/wp-content\/uploads\/2015\/03\/google-logo.gif","contentUrl":"https:\/\/travel-network.co\/wp-content\/uploads\/2015\/03\/google-logo.gif","width":500,"height":500,"caption":"Travel Network"},"image":{"@id":"https:\/\/travel-network.co\/pt-pt\/#\/schema\/logo\/image\/"},"sameAs":["http:\/\/facebook.com\/travel.au","https:\/\/x.com\/travelnetworkau","https:\/\/instagram.com\/travelnetworkau\/","https:\/\/www.linkedin.com\/company\/3374753","https:\/\/www.pinterest.com\/travelnetwork\/","http:\/\/www.youtube.com\/user\/TravelNetworkAUS"]}]}},"_links":{"self":[{"href":"https:\/\/travel-network.co\/pt-pt\/wp-json\/wp\/v2\/pages\/27179","targetHints":{"allow":["GET"]}}],"collection":[{"href":"https:\/\/travel-network.co\/pt-pt\/wp-json\/wp\/v2\/pages"}],"about":[{"href":"https:\/\/travel-network.co\/pt-pt\/wp-json\/wp\/v2\/types\/page"}],"author":[{"embeddable":true,"href":"https:\/\/travel-network.co\/pt-pt\/wp-json\/wp\/v2\/users\/2"}],"replies":[{"embeddable":true,"href":"https:\/\/travel-network.co\/pt-pt\/wp-json\/wp\/v2\/comments?post=27179"}],"version-history":[{"count":0,"href":"https:\/\/travel-network.co\/pt-pt\/wp-json\/wp\/v2\/pages\/27179\/revisions"}],"wp:attachment":[{"href":"https:\/\/travel-network.co\/pt-pt\/wp-json\/wp\/v2\/media?parent=27179"}],"curies":[{"name":"wp","href":"https:\/\/api.w.org\/{rel}","templated":true}]}}